{"id":1023,"date":"2023-05-12T15:21:53","date_gmt":"2023-05-12T13:21:53","guid":{"rendered":"https:\/\/www.stanckoteszet.eu\/?page_id=1023"},"modified":"2024-06-25T12:06:34","modified_gmt":"2024-06-25T10:06:34","slug":"tanacsadas","status":"publish","type":"page","link":"https:\/\/www.stanckoteszet.eu\/en\/tanacsadas\/","title":{"rendered":"Consulting"},"content":{"rendered":"<div data-elementor-type=\"wp-page\" data-elementor-id=\"1023\" class=\"elementor elementor-1023\" data-elementor-post-type=\"page\">\n\t\t\t\t\t\t<section class=\"elementor-section elementor-top-section elementor-element elementor-element-62b9401 elementor-section-boxed elementor-section-height-default elementor-section-height-default\" data-id=\"62b9401\" data-element_type=\"section\" data-settings=\"{&quot;background_background&quot;:&quot;classic&quot;}\">\n\t\t\t\t\t\t<div class=\"elementor-container elementor-column-gap-default\">\n\t\t\t\t\t<div class=\"elementor-column elementor-col-100 elementor-top-column elementor-element elementor-element-888a08c\" data-id=\"888a08c\" data-element_type=\"column\">\n\t\t\t<div class=\"elementor-widget-wrap elementor-element-populated\">\n\t\t\t\t\t\t<div class=\"elementor-element elementor-element-29587e3 elementor-widget elementor-widget-heading\" data-id=\"29587e3\" data-element_type=\"widget\" data-settings=\"{&quot;_animation&quot;:&quot;none&quot;,&quot;_animation_tablet&quot;:&quot;fadeIn&quot;}\" data-widget_type=\"heading.default\">\n\t\t\t\t<div class=\"elementor-widget-container\">\n\t\t\t\t\t<h1 class=\"elementor-heading-title elementor-size-default\"> Technology recommendations<\/h1>\t\t\t\t<\/div>\n\t\t\t\t<\/div>\n\t\t\t\t\t<\/div>\n\t\t<\/div>\n\t\t\t\t\t<\/div>\n\t\t<\/section>\n\t\t\t\t<section class=\"elementor-section elementor-top-section elementor-element elementor-element-0b67efb elementor-section-boxed elementor-section-height-default elementor-section-height-default\" data-id=\"0b67efb\" data-element_type=\"section\" data-settings=\"{&quot;background_background&quot;:&quot;classic&quot;}\">\n\t\t\t\t\t\t<div class=\"elementor-container elementor-column-gap-default\">\n\t\t\t\t\t<div class=\"elementor-column elementor-col-50 elementor-top-column elementor-element elementor-element-7f4700c elementor-invisible\" data-id=\"7f4700c\" data-element_type=\"column\" data-settings=\"{&quot;animation&quot;:&quot;fadeInLeft&quot;,&quot;animation_tablet&quot;:&quot;fadeIn&quot;}\">\n\t\t\t<div class=\"elementor-widget-wrap elementor-element-populated\">\n\t\t\t\t\t\t<div class=\"elementor-element elementor-element-0f2d454 elementor-widget elementor-widget-image\" data-id=\"0f2d454\" data-element_type=\"widget\" data-widget_type=\"image.default\">\n\t\t\t\t<div class=\"elementor-widget-container\">\n\t\t\t\t\t\t\t\t\t\t\t\t\t\t\t<img fetchpriority=\"high\" decoding=\"async\" width=\"800\" height=\"571\" src=\"https:\/\/www.stanckoteszet.eu\/wp-content\/uploads\/2024\/02\/Ugyfel-1024x731.jpg\" class=\"attachment-large size-large wp-image-2594\" alt=\"\u00dcgyf\u00e9l\" srcset=\"https:\/\/www.stanckoteszet.eu\/wp-content\/uploads\/2024\/02\/Ugyfel-1024x731.jpg 1024w, https:\/\/www.stanckoteszet.eu\/wp-content\/uploads\/2024\/02\/Ugyfel-300x214.jpg 300w, https:\/\/www.stanckoteszet.eu\/wp-content\/uploads\/2024\/02\/Ugyfel-768x548.jpg 768w, https:\/\/www.stanckoteszet.eu\/wp-content\/uploads\/2024\/02\/Ugyfel-18x12.jpg 18w, https:\/\/www.stanckoteszet.eu\/wp-content\/uploads\/2024\/02\/Ugyfel.jpg 1261w\" sizes=\"(max-width: 800px) 100vw, 800px\" \/>\t\t\t\t\t\t\t\t\t\t\t\t\t\t\t<\/div>\n\t\t\t\t<\/div>\n\t\t\t\t\t<\/div>\n\t\t<\/div>\n\t\t\t\t<div class=\"elementor-column elementor-col-50 elementor-top-column elementor-element elementor-element-81de473\" data-id=\"81de473\" data-element_type=\"column\">\n\t\t\t<div class=\"elementor-widget-wrap elementor-element-populated\">\n\t\t\t\t\t\t<section class=\"elementor-section elementor-inner-section elementor-element elementor-element-fbe6e54 elementor-section-boxed elementor-section-height-default elementor-section-height-default elementor-invisible\" data-id=\"fbe6e54\" data-element_type=\"section\" data-settings=\"{&quot;background_background&quot;:&quot;classic&quot;,&quot;animation&quot;:&quot;fadeIn&quot;}\">\n\t\t\t\t\t\t<div class=\"elementor-container elementor-column-gap-no\">\n\t\t\t\t\t<div class=\"elementor-column elementor-col-100 elementor-inner-column elementor-element elementor-element-d99694a\" data-id=\"d99694a\" data-element_type=\"column\" data-settings=\"{&quot;background_background&quot;:&quot;classic&quot;,&quot;animation&quot;:&quot;none&quot;}\">\n\t\t\t<div class=\"elementor-widget-wrap elementor-element-populated\">\n\t\t\t\t\t\t<div class=\"elementor-element elementor-element-82dd947 elementor-invisible elementor-widget elementor-widget-text-editor\" data-id=\"82dd947\" data-element_type=\"widget\" data-settings=\"{&quot;_animation&quot;:&quot;fadeInRight&quot;,&quot;_animation_tablet&quot;:&quot;fadeIn&quot;}\" data-widget_type=\"text-editor.default\">\n\t\t\t\t<div class=\"elementor-widget-container\">\n\t\t\t\t\t\t\t\t\t<p>If you need information or help with our services, please do not hesitate to contact us. Our colleagues offer a range of solutions so you can choose the one that best suits your needs. Our extensive experience guarantees that you will always receive the best service from Stanctechnik K\u00f6t\u00e9szeti Kft.<\/p>\t\t\t\t\t\t\t\t<\/div>\n\t\t\t\t<\/div>\n\t\t\t\t\t<\/div>\n\t\t<\/div>\n\t\t\t\t\t<\/div>\n\t\t<\/section>\n\t\t\t\t\t<\/div>\n\t\t<\/div>\n\t\t\t\t\t<\/div>\n\t\t<\/section>\n\t\t\t\t<section class=\"elementor-section elementor-top-section elementor-element elementor-element-9d5db25 elementor-section-boxed elementor-section-height-default elementor-section-height-default\" data-id=\"9d5db25\" data-element_type=\"section\">\n\t\t\t\t\t\t<div class=\"elementor-container elementor-column-gap-default\">\n\t\t\t\t\t<div class=\"elementor-column elementor-col-100 elementor-top-column elementor-element elementor-element-33b1f02\" data-id=\"33b1f02\" data-element_type=\"column\">\n\t\t\t<div class=\"elementor-widget-wrap elementor-element-populated\">\n\t\t\t\t\t\t<div class=\"elementor-element elementor-element-28aea72 elementor-invisible elementor-widget elementor-widget-heading\" data-id=\"28aea72\" data-element_type=\"widget\" data-settings=\"{&quot;_animation&quot;:&quot;fadeIn&quot;,&quot;_animation_tablet&quot;:&quot;fadeIn&quot;}\" data-widget_type=\"heading.default\">\n\t\t\t\t<div class=\"elementor-widget-container\">\n\t\t\t\t\t<h2 class=\"elementor-heading-title elementor-size-default\">Some ideas for product design \u2013 taking binding considerations into account\n<\/h2>\t\t\t\t<\/div>\n\t\t\t\t<\/div>\n\t\t\t\t<section class=\"elementor-section elementor-inner-section elementor-element elementor-element-b6db51f elementor-section-boxed elementor-section-height-default elementor-section-height-default\" data-id=\"b6db51f\" data-element_type=\"section\">\n\t\t\t\t\t\t<div class=\"elementor-container elementor-column-gap-default\">\n\t\t\t\t\t<div class=\"elementor-column elementor-col-100 elementor-inner-column elementor-element elementor-element-aa37128\" data-id=\"aa37128\" data-element_type=\"column\">\n\t\t\t<div class=\"elementor-widget-wrap elementor-element-populated\">\n\t\t\t\t\t\t<div class=\"elementor-element elementor-element-9cfd88f elementor-widget elementor-widget-text-editor\" data-id=\"9cfd88f\" data-element_type=\"widget\" data-widget_type=\"text-editor.default\">\n\t\t\t\t<div class=\"elementor-widget-container\">\n\t\t\t\t\t\t\t\t\t<p><strong>PERFECT BINDING<\/strong><\/p><ul><li>The bleed margin in header, footer and towards the spine can be + 5\u201310 mm, while the width of the raw size of the publication should not exceed 305 mm (e.g. landscape A4).<\/li><li>Due to adhesive run-out, the raw height of the cover at the head and foot should be at least 2\u20134 mm higher than the raw inside page height.<\/li><li>For perfect-bound products, if the spine thickness is more than 40\u201345 mm and the cover material is not of the right quality, the edge of the publication may be \u201cburred\u201d and tear during cutting, thus we do not recommend this.<\/li><li>When printing on heavily loaded coated papers with dark colours (black, burgundy, blue, green), the print should be made with a 3\u20135 mm gap at the side joints of the first and last pages of the brochures to avoid the glue running and therefore the pages sticking together.<\/li><\/ul><p><strong><br \/>SEWN BINDING<\/strong><\/p><ul><li>sewn binding is recommended for a min. of 3 sheets;<\/li><li>four-sided, single-folded sheet cannot be sewn-bound;<\/li><\/ul><p><strong><br \/>HARD COVER<\/strong><\/p><ul><li>The bleed margin in header, footer and towards the spine can be + 5\u201310 mm, while the width of the raw size of the publication should not exceed 305 mm (e.g. landscape A4).<\/li><li>When printing on heavily loaded coated papers with dark colours (black, burgundy, blue, green), the print should be made with a 3-5 mm gap at the side joints of the first and last pages where the flyleaf is to be glued and at the fly leaf to avoid the glue running and therefore the pages sticking together.<\/li><li>Our bookmarker and endband technology is adapted to G\u00fcth &amp; Wolf (http:\/\/www.gueth-wolf.de) materials. Our company can only purchase this product range. If other types of endbands or bookmarkers are required, they must be provided by the customer.<\/li><li>We cannot be held responsible if the material provided by the customer from another manufacturer is not suitable. We reserve the right to refuse to use them.<\/li><\/ul><p><strong><br \/>SPIRAL<\/strong><\/p><ul><li>We use 2:1 and 3:1 metal twin spirals and<\/li><li>a square punch tool;<\/li><li>we can bind publications up to 38 mm by manual wire binding;<\/li><li>we offer sectional wire binding on low-powered machines, using manual operations<\/li><\/ul><p><strong><br \/>FOIL<\/strong><\/p><ul><li>Our hot and cold foiling machines can surface treat sheets from 350*500 mm to 1,050*1,240 mm,<\/li><li>on our thermo foiling machine we can work matt, glossy,<\/li><li>on our cold foiling machine, in addition to matt and glossy films, we can also work structured, soft touch and pearl films.<\/li><\/ul>\t\t\t\t\t\t\t\t<\/div>\n\t\t\t\t<\/div>\n\t\t\t\t\t<\/div>\n\t\t<\/div>\n\t\t\t\t\t<\/div>\n\t\t<\/section>\n\t\t\t\t\t<\/div>\n\t\t<\/div>\n\t\t\t\t\t<\/div>\n\t\t<\/section>\n\t\t\t\t<\/div>","protected":false},"excerpt":{"rendered":"<p>Technol\u00f3gia javaslatok Amennyiben inform\u00e1ci\u00f3ra vagy seg\u00edts\u00e9gre van sz\u00fcks\u00e9ge szolg\u00e1ltat\u00e1sainkkal kapcsolatban, forduljon hozz\u00e1nk bizalommal. Koll\u00e9g\u00e1ink t\u00f6bbf\u00e9le megold\u00e1st k\u00edn\u00e1lnak, hogy \u00d6n a saj\u00e1t ig\u00e9nyeihez legink\u00e1bb illeszked\u0151t v\u00e1laszthassa. Sz\u00e9lesk\u00f6r\u0171 tapasztalatunk garant\u00e1lja, hogy \u00d6n mindig a legjobb szolg\u00e1ltat\u00e1st kapja a Stanctechnik K\u00f6t\u00e9szeti Kft.-t\u0151l. Egy-k\u00e9t gondolat a term\u00e9ktervez\u00e9shez \u2013 a k\u00f6t\u00e9szeti szempontok figyelembev\u00e9tel\u00e9vel RAGASZT\u00d3K\u00d6T\u00c9S A r\u00e1t\u00f6lt\u00e9s fej-l\u00e1b-el\u0151 + 5-10 mm-lehet, [&hellip;]<\/p>","protected":false},"author":2,"featured_media":0,"parent":0,"menu_order":0,"comment_status":"closed","ping_status":"closed","template":"elementor_header_footer","meta":{"footnotes":""},"class_list":["post-1023","page","type-page","status-publish","hentry"],"_links":{"self":[{"href":"https:\/\/www.stanckoteszet.eu\/en\/wp-json\/wp\/v2\/pages\/1023","targetHints":{"allow":["GET"]}}],"collection":[{"href":"https:\/\/www.stanckoteszet.eu\/en\/wp-json\/wp\/v2\/pages"}],"about":[{"href":"https:\/\/www.stanckoteszet.eu\/en\/wp-json\/wp\/v2\/types\/page"}],"author":[{"embeddable":true,"href":"https:\/\/www.stanckoteszet.eu\/en\/wp-json\/wp\/v2\/users\/2"}],"replies":[{"embeddable":true,"href":"https:\/\/www.stanckoteszet.eu\/en\/wp-json\/wp\/v2\/comments?post=1023"}],"version-history":[{"count":76,"href":"https:\/\/www.stanckoteszet.eu\/en\/wp-json\/wp\/v2\/pages\/1023\/revisions"}],"predecessor-version":[{"id":2873,"href":"https:\/\/www.stanckoteszet.eu\/en\/wp-json\/wp\/v2\/pages\/1023\/revisions\/2873"}],"wp:attachment":[{"href":"https:\/\/www.stanckoteszet.eu\/en\/wp-json\/wp\/v2\/media?parent=1023"}],"curies":[{"name":"wp","href":"https:\/\/api.w.org\/{rel}","templated":true}]}}