{"id":1317,"date":"2023-05-23T14:51:33","date_gmt":"2023-05-23T12:51:33","guid":{"rendered":"https:\/\/www.stanckoteszet.eu\/?page_id=1317"},"modified":"2023-08-28T13:27:35","modified_gmt":"2023-08-28T11:27:35","slug":"termekeink","status":"publish","type":"page","link":"https:\/\/www.stanckoteszet.eu\/en\/termekeink\/","title":{"rendered":"Our products"},"content":{"rendered":"<div data-elementor-type=\"wp-page\" data-elementor-id=\"1317\" class=\"elementor elementor-1317\" data-elementor-post-type=\"page\">\n\t\t\t\t\t\t<section class=\"elementor-section elementor-top-section elementor-element elementor-element-62b9401 elementor-section-boxed elementor-section-height-default elementor-section-height-default\" data-id=\"62b9401\" data-element_type=\"section\" data-settings=\"{&quot;background_background&quot;:&quot;classic&quot;}\">\n\t\t\t\t\t\t<div class=\"elementor-container elementor-column-gap-default\">\n\t\t\t\t\t<div class=\"elementor-column elementor-col-100 elementor-top-column elementor-element elementor-element-888a08c\" data-id=\"888a08c\" data-element_type=\"column\">\n\t\t\t<div class=\"elementor-widget-wrap elementor-element-populated\">\n\t\t\t\t\t\t<div class=\"elementor-element elementor-element-29587e3 elementor-widget elementor-widget-heading\" data-id=\"29587e3\" data-element_type=\"widget\" data-settings=\"{&quot;_animation&quot;:&quot;none&quot;,&quot;_animation_tablet&quot;:&quot;fadeIn&quot;}\" data-widget_type=\"heading.default\">\n\t\t\t\t<div class=\"elementor-widget-container\">\n\t\t\t\t\t<h1 class=\"elementor-heading-title elementor-size-default\">Our products<\/h1>\t\t\t\t<\/div>\n\t\t\t\t<\/div>\n\t\t\t\t\t<\/div>\n\t\t<\/div>\n\t\t\t\t\t<\/div>\n\t\t<\/section>\n\t\t\t\t<section class=\"elementor-section elementor-top-section elementor-element elementor-element-9d5db25 elementor-section-boxed elementor-section-height-default elementor-section-height-default\" data-id=\"9d5db25\" data-element_type=\"section\" data-settings=\"{&quot;background_background&quot;:&quot;classic&quot;}\">\n\t\t\t\t\t\t<div class=\"elementor-container elementor-column-gap-default\">\n\t\t\t\t\t<div class=\"elementor-column elementor-col-100 elementor-top-column elementor-element elementor-element-33b1f02\" data-id=\"33b1f02\" data-element_type=\"column\">\n\t\t\t<div class=\"elementor-widget-wrap elementor-element-populated\">\n\t\t\t\t\t\t<div class=\"elementor-element elementor-element-28aea72 elementor-invisible elementor-widget elementor-widget-heading\" data-id=\"28aea72\" data-element_type=\"widget\" data-settings=\"{&quot;_animation&quot;:&quot;fadeIn&quot;,&quot;_animation_tablet&quot;:&quot;fadeIn&quot;}\" data-widget_type=\"heading.default\">\n\t\t\t\t<div class=\"elementor-widget-container\">\n\t\t\t\t\t<h2 class=\"elementor-heading-title elementor-size-default\">Fel\u00fcletkezelt \u00edvek k\u00fcl\u00f6nb\u00f6z\u0151 f\u00f3lia t\u00edpusokkal <\/h2>\t\t\t\t<\/div>\n\t\t\t\t<\/div>\n\t\t\t\t\t<\/div>\n\t\t<\/div>\n\t\t\t\t\t<\/div>\n\t\t<\/section>\n\t\t\t\t<section class=\"elementor-section elementor-top-section elementor-element elementor-element-0b67efb elementor-section-boxed elementor-section-height-default elementor-section-height-default\" data-id=\"0b67efb\" data-element_type=\"section\" data-settings=\"{&quot;background_background&quot;:&quot;classic&quot;}\">\n\t\t\t\t\t\t<div class=\"elementor-container elementor-column-gap-default\">\n\t\t\t\t\t<div class=\"elementor-column elementor-col-50 elementor-top-column elementor-element elementor-element-7f4700c elementor-invisible\" data-id=\"7f4700c\" data-element_type=\"column\" data-settings=\"{&quot;animation&quot;:&quot;fadeInLeft&quot;,&quot;animation_tablet&quot;:&quot;fadeIn&quot;}\">\n\t\t\t<div class=\"elementor-widget-wrap elementor-element-populated\">\n\t\t\t\t\t\t<div class=\"elementor-element elementor-element-035493e elementor-widget elementor-widget-image\" data-id=\"035493e\" data-element_type=\"widget\" data-widget_type=\"image.default\">\n\t\t\t\t<div class=\"elementor-widget-container\">\n\t\t\t\t\t\t\t\t\t\t\t\t\t\t\t<img decoding=\"async\" src=\"https:\/\/www.stanckoteszet.eu\/wp-content\/plugins\/elementor\/assets\/images\/placeholder.png\" title=\"\" alt=\"\" loading=\"lazy\" \/>\t\t\t\t\t\t\t\t\t\t\t\t\t\t\t<\/div>\n\t\t\t\t<\/div>\n\t\t\t\t\t<\/div>\n\t\t<\/div>\n\t\t\t\t<div class=\"elementor-column elementor-col-50 elementor-top-column elementor-element elementor-element-81de473\" data-id=\"81de473\" data-element_type=\"column\">\n\t\t\t<div class=\"elementor-widget-wrap elementor-element-populated\">\n\t\t\t\t\t\t<section class=\"elementor-section elementor-inner-section elementor-element elementor-element-fbe6e54 elementor-section-boxed elementor-section-height-default elementor-section-height-default elementor-invisible\" data-id=\"fbe6e54\" data-element_type=\"section\" data-settings=\"{&quot;background_background&quot;:&quot;classic&quot;,&quot;animation&quot;:&quot;fadeIn&quot;}\">\n\t\t\t\t\t\t<div class=\"elementor-container elementor-column-gap-no\">\n\t\t\t\t\t<div class=\"elementor-column elementor-col-100 elementor-inner-column elementor-element elementor-element-d99694a\" data-id=\"d99694a\" data-element_type=\"column\" data-settings=\"{&quot;background_background&quot;:&quot;classic&quot;,&quot;animation&quot;:&quot;none&quot;}\">\n\t\t\t<div class=\"elementor-widget-wrap elementor-element-populated\">\n\t\t\t\t\t\t<div class=\"elementor-element elementor-element-82dd947 elementor-invisible elementor-widget elementor-widget-text-editor\" data-id=\"82dd947\" data-element_type=\"widget\" data-settings=\"{&quot;_animation&quot;:&quot;fadeInRight&quot;,&quot;_animation_tablet&quot;:&quot;fadeIn&quot;}\" data-widget_type=\"text-editor.default\">\n\t\t\t\t<div class=\"elementor-widget-container\">\n\t\t\t\t\t\t\t\t\t<ul><li>f\u00e9nyes<\/li><li>matt<\/li><li>egy oldalon struktur\u00e1lt<\/li><li>karc\u00e1ll\u00f3<\/li><li>pearl<\/li><li>b\u00e1rsonyhat\u00e1s\u00fa f\u00f3li\u00e1val kezelt<\/li><\/ul>\t\t\t\t\t\t\t\t<\/div>\n\t\t\t\t<\/div>\n\t\t\t\t\t<\/div>\n\t\t<\/div>\n\t\t\t\t\t<\/div>\n\t\t<\/section>\n\t\t\t\t\t<\/div>\n\t\t<\/div>\n\t\t\t\t\t<\/div>\n\t\t<\/section>\n\t\t\t\t<section class=\"elementor-section elementor-top-section elementor-element elementor-element-5ec3726 elementor-section-boxed elementor-section-height-default elementor-section-height-default\" data-id=\"5ec3726\" data-element_type=\"section\">\n\t\t\t\t\t\t<div class=\"elementor-container elementor-column-gap-default\">\n\t\t\t\t\t<div class=\"elementor-column elementor-col-100 elementor-top-column elementor-element elementor-element-dd8654c\" data-id=\"dd8654c\" data-element_type=\"column\">\n\t\t\t<div class=\"elementor-widget-wrap elementor-element-populated\">\n\t\t\t\t\t\t<div class=\"elementor-element elementor-element-472591f elementor-invisible elementor-widget elementor-widget-heading\" data-id=\"472591f\" data-element_type=\"widget\" data-settings=\"{&quot;_animation&quot;:&quot;fadeIn&quot;,&quot;_animation_tablet&quot;:&quot;fadeIn&quot;}\" data-widget_type=\"heading.default\">\n\t\t\t\t<div class=\"elementor-widget-container\">\n\t\t\t\t\t<h2 class=\"elementor-heading-title elementor-size-default\">K\u00f6nyvk\u00f6t\u00e9szeti term\u00e9kek <\/h2>\t\t\t\t<\/div>\n\t\t\t\t<\/div>\n\t\t\t\t\t<\/div>\n\t\t<\/div>\n\t\t\t\t\t<\/div>\n\t\t<\/section>\n\t\t\t\t<section class=\"elementor-section elementor-top-section elementor-element elementor-element-9cc861b elementor-section-boxed elementor-section-height-default elementor-section-height-default\" data-id=\"9cc861b\" data-element_type=\"section\">\n\t\t\t\t\t\t<div class=\"elementor-container elementor-column-gap-default\">\n\t\t\t\t\t<div class=\"elementor-column elementor-col-50 elementor-top-column elementor-element elementor-element-9d993fd\" data-id=\"9d993fd\" data-element_type=\"column\">\n\t\t\t<div class=\"elementor-widget-wrap elementor-element-populated\">\n\t\t\t\t\t\t<div class=\"elementor-element elementor-element-0e0498b elementor-widget elementor-widget-heading\" data-id=\"0e0498b\" data-element_type=\"widget\" data-widget_type=\"heading.default\">\n\t\t\t\t<div class=\"elementor-widget-container\">\n\t\t\t\t\t<h3 class=\"elementor-heading-title elementor-size-default\">Kem\u00e9nyt\u00e1bl\u00e1s k\u00f6nyvek<\/h3>\t\t\t\t<\/div>\n\t\t\t\t<\/div>\n\t\t\t\t<div class=\"elementor-element elementor-element-9ab3009 elementor-invisible elementor-widget elementor-widget-text-editor\" data-id=\"9ab3009\" data-element_type=\"widget\" data-settings=\"{&quot;_animation&quot;:&quot;fadeInRight&quot;,&quot;_animation_tablet&quot;:&quot;fadeIn&quot;}\" data-widget_type=\"text-editor.default\">\n\t\t\t\t<div class=\"elementor-widget-container\">\n\t\t\t\t\t\t\t\t\t<p><strong>A k\u00f6nyvt\u00e1bla t\u00edpusa alapj\u00e1n<\/strong><\/p><ul><li>Kem\u00e9nyt\u00e1bl\u00e1s kivitel, <br \/>1\/1 pap\u00edr bor\u00edt\u00e1ssal,<br \/>1\/1 v\u00e1szon (m\u0171b\u0151r) bor\u00edt\u00e1ssal;<br \/>\u00bd v\u00e1szon (m\u0171b\u0151r) bor\u00edt\u00e1ssal,<\/li><li>Flexibilis t\u00e1bl\u00e1s kivitel<br \/>karton, vagy val\u00f3di flexit\u00e1bl\u00e1val<\/li><\/ul><p><strong><br \/>A k\u00f6nyvtest kialak\u00edt\u00e1sa szerint<\/strong><\/p><ul><li>c\u00e9rnaf\u0171z\u00f6tt<\/li><li>PUR ragaszt\u00f3k\u00f6t\u00f6tt<\/li><\/ul>\t\t\t\t\t\t\t\t<\/div>\n\t\t\t\t<\/div>\n\t\t\t\t<div class=\"elementor-element elementor-element-01e3e0f elementor-widget elementor-widget-heading\" data-id=\"01e3e0f\" data-element_type=\"widget\" data-widget_type=\"heading.default\">\n\t\t\t\t<div class=\"elementor-widget-container\">\n\t\t\t\t\t<h3 class=\"elementor-heading-title elementor-size-default\">Puhat\u00e1bl\u00e1s k\u00f6nyvek<\/h3>\t\t\t\t<\/div>\n\t\t\t\t<\/div>\n\t\t\t\t<div class=\"elementor-element elementor-element-aa05c13 elementor-invisible elementor-widget elementor-widget-text-editor\" data-id=\"aa05c13\" data-element_type=\"widget\" data-settings=\"{&quot;_animation&quot;:&quot;fadeInRight&quot;,&quot;_animation_tablet&quot;:&quot;fadeIn&quot;}\" data-widget_type=\"text-editor.default\">\n\t\t\t\t<div class=\"elementor-widget-container\">\n\t\t\t\t\t\t\t\t\t<p><strong>A k\u00f6nyvtest k\u00f6t\u00e9se alapj\u00e1n<\/strong><\/p><ul><li>c\u00e9rnaf\u0171z\u00f6tt \u00e9s hot-melt ragasztott<\/li><li>fr\u00e9zelt gerinc\u0171 hot-melt vagy PUR ragasztott<\/li><\/ul><p><strong><br \/>A bor\u00edt\u00f3 alapj\u00e1n<\/strong><\/p><ul><li>4, oldalas<\/li><li>\u201ef\u00fcles\u201d 6 (egy f\u00fcl) vagy 8 oldalas (k\u00e9t f\u00fcl)<\/li><\/ul>\t\t\t\t\t\t\t\t<\/div>\n\t\t\t\t<\/div>\n\t\t\t\t\t<\/div>\n\t\t<\/div>\n\t\t\t\t<div class=\"elementor-column elementor-col-50 elementor-top-column elementor-element elementor-element-4a40f12\" data-id=\"4a40f12\" data-element_type=\"column\">\n\t\t\t<div class=\"elementor-widget-wrap elementor-element-populated\">\n\t\t\t\t\t\t<div class=\"elementor-element elementor-element-42b619d elementor-widget elementor-widget-heading\" data-id=\"42b619d\" data-element_type=\"widget\" data-widget_type=\"heading.default\">\n\t\t\t\t<div class=\"elementor-widget-container\">\n\t\t\t\t\t<h3 class=\"elementor-heading-title elementor-size-default\">F\u00e9m ikerspir\u00e1llal k\u00f6t\u00f6tt term\u00e9kek<\/h3>\t\t\t\t<\/div>\n\t\t\t\t<\/div>\n\t\t\t\t<div class=\"elementor-element elementor-element-2a5ef15 elementor-widget elementor-widget-text-editor\" data-id=\"2a5ef15\" data-element_type=\"widget\" data-widget_type=\"text-editor.default\">\n\t\t\t\t<div class=\"elementor-widget-container\">\n\t\t\t\t\t\t\t\t\t<p><strong>A funkci\u00f3 alapj\u00e1n:<\/strong><\/p><p><strong><span style=\"text-decoration: underline;\">K\u00f6nyv<\/span><\/strong> (a bel\u00edvlapok grafik\u00e1ja elt\u00e9r\u0151):<\/p><p><strong><span style=\"padding-left: 7%;\">A borit\u00f3 alapj\u00e1n<\/span><\/strong><\/p><ul><li>Puhat\u00e1bl\u00e1s,<\/li><li>Kem\u00e9nyt\u00e1bl\u00e1s,<\/li><li>Rejtett spir\u00e1los k\u00f6t\u00e9s\u0171<\/li><\/ul><p><span style=\"padding-left: 7%;\">A fentiek r\u00f6gz\u00edt\u0151 gumival ell\u00e1tva is<br \/><\/span><\/p><p><span style=\"text-decoration: underline;\"><strong>F\u00fczet<\/strong> <\/span>(a bel\u00edvlapok grafik\u00e1ja megegyez\u0151)<\/p><p><strong><span style=\"padding-left: 7%;\">A borit\u00f3 alapj\u00e1n<\/span><\/strong><\/p><ul><li>Puhat\u00e1bl\u00e1s,<\/li><li>Kem\u00e9nyt\u00e1bl\u00e1s,<\/li><li>Rejtett spir\u00e1los k\u00f6t\u00e9s\u0171<\/li><\/ul><p><span style=\"padding-left: 7%;\">A fentiek r\u00f6gz\u00edt\u0151 gumival ell\u00e1tva is<br \/><\/span><\/p><p><span style=\"text-decoration: underline;\"><strong>Napt\u00e1r<\/strong><\/span><\/p><ul><li>Fali<\/li><li>Fali spedit\u0151r<\/li><li>Asztali<\/li><\/ul><p><strong><br \/>Tart\u00f3 szerint<\/strong><\/p><ul><li>tart\u00f3 n\u00e9lk\u00fcl,<\/li><li>\u201eM\u201d (biegelt, vagy 4 tag\u00fa),<\/li><li>\u201eY\u201d( t\u0171z\u00f6tt), \u201eA\u201d (sz\u00e1llal \u00f6sszefogott)<\/li><\/ul><p><strong><br \/>Bel\u00edvek szerint<\/strong><\/p><ul><li>teljes<\/li><li>csonka<\/li><\/ul>\t\t\t\t\t\t\t\t<\/div>\n\t\t\t\t<\/div>\n\t\t\t\t\t<\/div>\n\t\t<\/div>\n\t\t\t\t\t<\/div>\n\t\t<\/section>\n\t\t\t\t<section class=\"elementor-section elementor-top-section elementor-element elementor-element-07d6d97 elementor-section-boxed elementor-section-height-default elementor-section-height-default\" data-id=\"07d6d97\" data-element_type=\"section\">\n\t\t\t\t\t\t<div class=\"elementor-container elementor-column-gap-default\">\n\t\t\t\t\t<div class=\"elementor-column elementor-col-25 elementor-top-column elementor-element elementor-element-bd7cd5d\" data-id=\"bd7cd5d\" data-element_type=\"column\">\n\t\t\t<div class=\"elementor-widget-wrap elementor-element-populated\">\n\t\t\t\t\t\t<div class=\"elementor-element elementor-element-cda93ef elementor-widget elementor-widget-image\" data-id=\"cda93ef\" data-element_type=\"widget\" data-widget_type=\"image.default\">\n\t\t\t\t<div class=\"elementor-widget-container\">\n\t\t\t\t\t\t\t\t\t\t\t\t\t\t\t<img decoding=\"async\" src=\"https:\/\/www.stanckoteszet.eu\/wp-content\/plugins\/elementor\/assets\/images\/placeholder.png\" title=\"\" alt=\"\" loading=\"lazy\" \/>\t\t\t\t\t\t\t\t\t\t\t\t\t\t\t<\/div>\n\t\t\t\t<\/div>\n\t\t\t\t\t<\/div>\n\t\t<\/div>\n\t\t\t\t<div class=\"elementor-column elementor-col-25 elementor-top-column elementor-element elementor-element-2af530a\" data-id=\"2af530a\" data-element_type=\"column\">\n\t\t\t<div class=\"elementor-widget-wrap elementor-element-populated\">\n\t\t\t\t\t\t<div class=\"elementor-element elementor-element-247b4f8 elementor-widget elementor-widget-image\" data-id=\"247b4f8\" data-element_type=\"widget\" data-widget_type=\"image.default\">\n\t\t\t\t<div class=\"elementor-widget-container\">\n\t\t\t\t\t\t\t\t\t\t\t\t\t\t\t<img decoding=\"async\" src=\"https:\/\/www.stanckoteszet.eu\/wp-content\/plugins\/elementor\/assets\/images\/placeholder.png\" title=\"\" alt=\"\" loading=\"lazy\" \/>\t\t\t\t\t\t\t\t\t\t\t\t\t\t\t<\/div>\n\t\t\t\t<\/div>\n\t\t\t\t\t<\/div>\n\t\t<\/div>\n\t\t\t\t<div class=\"elementor-column elementor-col-25 elementor-top-column elementor-element elementor-element-ab689da\" data-id=\"ab689da\" data-element_type=\"column\">\n\t\t\t<div class=\"elementor-widget-wrap elementor-element-populated\">\n\t\t\t\t\t\t<div class=\"elementor-element elementor-element-8e071f7 elementor-widget elementor-widget-image\" data-id=\"8e071f7\" data-element_type=\"widget\" data-widget_type=\"image.default\">\n\t\t\t\t<div class=\"elementor-widget-container\">\n\t\t\t\t\t\t\t\t\t\t\t\t\t\t\t<img decoding=\"async\" src=\"https:\/\/www.stanckoteszet.eu\/wp-content\/plugins\/elementor\/assets\/images\/placeholder.png\" title=\"\" alt=\"\" loading=\"lazy\" \/>\t\t\t\t\t\t\t\t\t\t\t\t\t\t\t<\/div>\n\t\t\t\t<\/div>\n\t\t\t\t\t<\/div>\n\t\t<\/div>\n\t\t\t\t<div class=\"elementor-column elementor-col-25 elementor-top-column elementor-element elementor-element-507d16e\" data-id=\"507d16e\" data-element_type=\"column\">\n\t\t\t<div class=\"elementor-widget-wrap elementor-element-populated\">\n\t\t\t\t\t\t<div class=\"elementor-element elementor-element-3d2a690 elementor-widget elementor-widget-image\" data-id=\"3d2a690\" data-element_type=\"widget\" data-widget_type=\"image.default\">\n\t\t\t\t<div class=\"elementor-widget-container\">\n\t\t\t\t\t\t\t\t\t\t\t\t\t\t\t<img decoding=\"async\" src=\"https:\/\/www.stanckoteszet.eu\/wp-content\/plugins\/elementor\/assets\/images\/placeholder.png\" title=\"\" alt=\"\" loading=\"lazy\" \/>\t\t\t\t\t\t\t\t\t\t\t\t\t\t\t<\/div>\n\t\t\t\t<\/div>\n\t\t\t\t\t<\/div>\n\t\t<\/div>\n\t\t\t\t\t<\/div>\n\t\t<\/section>\n\t\t\t\t<section class=\"elementor-section elementor-top-section elementor-element elementor-element-a1df11b elementor-section-boxed elementor-section-height-default elementor-section-height-default\" data-id=\"a1df11b\" data-element_type=\"section\" data-settings=\"{&quot;background_background&quot;:&quot;classic&quot;}\">\n\t\t\t\t\t\t<div class=\"elementor-container elementor-column-gap-default\">\n\t\t\t\t\t<div class=\"elementor-column elementor-col-100 elementor-top-column elementor-element elementor-element-8d4d7df\" data-id=\"8d4d7df\" data-element_type=\"column\">\n\t\t\t<div class=\"elementor-widget-wrap elementor-element-populated\">\n\t\t\t\t\t\t<div class=\"elementor-element elementor-element-6c63f04 elementor-widget elementor-widget-heading\" data-id=\"6c63f04\" data-element_type=\"widget\" data-widget_type=\"heading.default\">\n\t\t\t\t<div class=\"elementor-widget-container\">\n\t\t\t\t\t<h2 class=\"elementor-heading-title elementor-size-default\">Egy\u00e9b k\u00f6t\u00e9szeti term\u00e9kek<\/h2>\t\t\t\t<\/div>\n\t\t\t\t<\/div>\n\t\t\t\t\t<\/div>\n\t\t<\/div>\n\t\t\t\t\t<\/div>\n\t\t<\/section>\n\t\t\t\t<section class=\"elementor-section elementor-top-section elementor-element elementor-element-d823768 elementor-section-boxed elementor-section-height-default elementor-section-height-default\" data-id=\"d823768\" data-element_type=\"section\" data-settings=\"{&quot;background_background&quot;:&quot;classic&quot;}\">\n\t\t\t\t\t\t<div class=\"elementor-container elementor-column-gap-default\">\n\t\t\t\t\t<div class=\"elementor-column elementor-col-33 elementor-top-column elementor-element elementor-element-1162b39\" data-id=\"1162b39\" data-element_type=\"column\">\n\t\t\t<div class=\"elementor-widget-wrap elementor-element-populated\">\n\t\t\t\t\t\t<div class=\"elementor-element elementor-element-da7362f elementor-widget elementor-widget-image\" data-id=\"da7362f\" data-element_type=\"widget\" data-widget_type=\"image.default\">\n\t\t\t\t<div class=\"elementor-widget-container\">\n\t\t\t\t\t\t\t\t\t\t\t\t\t\t\t<img decoding=\"async\" src=\"https:\/\/www.stanckoteszet.eu\/wp-content\/plugins\/elementor\/assets\/images\/placeholder.png\" title=\"\" alt=\"\" loading=\"lazy\" \/>\t\t\t\t\t\t\t\t\t\t\t\t\t\t\t<\/div>\n\t\t\t\t<\/div>\n\t\t\t\t<div class=\"elementor-element elementor-element-a47f52f elementor-widget elementor-widget-text-editor\" data-id=\"a47f52f\" data-element_type=\"widget\" data-widget_type=\"text-editor.default\">\n\t\t\t\t<div class=\"elementor-widget-container\">\n\t\t\t\t\t\t\t\t\t<p>Pap\u00edr, v\u00e1szon, m\u0171b\u0151r bor\u00edt\u00e1s\u00fa t\u00fckr\u00f6z\u00f6tt t\u00e1bl\u00e1k, oklev\u00e9l tart\u00f3k, f\u00fczetbox f\u00e9lgy\u00e1rtm\u00e1nyok<\/p>\t\t\t\t\t\t\t\t<\/div>\n\t\t\t\t<\/div>\n\t\t\t\t\t<\/div>\n\t\t<\/div>\n\t\t\t\t<div class=\"elementor-column elementor-col-33 elementor-top-column elementor-element elementor-element-ef76d28\" data-id=\"ef76d28\" data-element_type=\"column\">\n\t\t\t<div class=\"elementor-widget-wrap elementor-element-populated\">\n\t\t\t\t\t\t<div class=\"elementor-element elementor-element-810a181 elementor-widget elementor-widget-image\" data-id=\"810a181\" data-element_type=\"widget\" data-widget_type=\"image.default\">\n\t\t\t\t<div class=\"elementor-widget-container\">\n\t\t\t\t\t\t\t\t\t\t\t\t\t\t\t<img decoding=\"async\" src=\"https:\/\/www.stanckoteszet.eu\/wp-content\/plugins\/elementor\/assets\/images\/placeholder.png\" title=\"\" alt=\"\" loading=\"lazy\" \/>\t\t\t\t\t\t\t\t\t\t\t\t\t\t\t<\/div>\n\t\t\t\t<\/div>\n\t\t\t\t<div class=\"elementor-element elementor-element-cae3838 elementor-widget elementor-widget-text-editor\" data-id=\"cae3838\" data-element_type=\"widget\" data-widget_type=\"text-editor.default\">\n\t\t\t\t<div class=\"elementor-widget-container\">\n\t\t\t\t\t\t\t\t\t<p>C\u00e9rnaf\u0171z\u00f6tt k\u00f6nyvtestek, k\u00f6nyvk\u00f6t\u00e9szeti f\u00e9lgy\u00e1rtm\u00e1nyok<\/p>\t\t\t\t\t\t\t\t<\/div>\n\t\t\t\t<\/div>\n\t\t\t\t\t<\/div>\n\t\t<\/div>\n\t\t\t\t<div class=\"elementor-column elementor-col-33 elementor-top-column elementor-element elementor-element-bd24586\" data-id=\"bd24586\" data-element_type=\"column\">\n\t\t\t<div class=\"elementor-widget-wrap elementor-element-populated\">\n\t\t\t\t\t\t<div class=\"elementor-element elementor-element-952d882 elementor-widget elementor-widget-image\" data-id=\"952d882\" data-element_type=\"widget\" data-widget_type=\"image.default\">\n\t\t\t\t<div class=\"elementor-widget-container\">\n\t\t\t\t\t\t\t\t\t\t\t\t\t\t\t<img decoding=\"async\" src=\"https:\/\/www.stanckoteszet.eu\/wp-content\/plugins\/elementor\/assets\/images\/placeholder.png\" title=\"\" alt=\"\" loading=\"lazy\" \/>\t\t\t\t\t\t\t\t\t\t\t\t\t\t\t<\/div>\n\t\t\t\t<\/div>\n\t\t\t\t<div class=\"elementor-element elementor-element-4c3761c elementor-widget elementor-widget-text-editor\" data-id=\"4c3761c\" data-element_type=\"widget\" data-widget_type=\"text-editor.default\">\n\t\t\t\t<div class=\"elementor-widget-container\">\n\t\t\t\t\t\t\t\t\t<p>Regiszter stancolt k\u00f6nyvek<\/p>\t\t\t\t\t\t\t\t<\/div>\n\t\t\t\t<\/div>\n\t\t\t\t\t<\/div>\n\t\t<\/div>\n\t\t\t\t\t<\/div>\n\t\t<\/section>\n\t\t\t\t<section class=\"elementor-section elementor-top-section elementor-element elementor-element-669f084 elementor-section-boxed elementor-section-height-default elementor-section-height-default\" data-id=\"669f084\" data-element_type=\"section\" data-settings=\"{&quot;background_background&quot;:&quot;classic&quot;}\">\n\t\t\t\t\t\t<div class=\"elementor-container elementor-column-gap-default\">\n\t\t\t\t\t<div class=\"elementor-column elementor-col-25 elementor-top-column elementor-element elementor-element-97e5504\" data-id=\"97e5504\" data-element_type=\"column\">\n\t\t\t<div class=\"elementor-widget-wrap\">\n\t\t\t\t\t\t\t<\/div>\n\t\t<\/div>\n\t\t\t\t<div class=\"elementor-column elementor-col-25 elementor-top-column elementor-element elementor-element-e454b0f\" data-id=\"e454b0f\" data-element_type=\"column\">\n\t\t\t<div class=\"elementor-widget-wrap elementor-element-populated\">\n\t\t\t\t\t\t<div class=\"elementor-element elementor-element-ccc1c03 elementor-widget elementor-widget-image\" data-id=\"ccc1c03\" data-element_type=\"widget\" data-widget_type=\"image.default\">\n\t\t\t\t<div class=\"elementor-widget-container\">\n\t\t\t\t\t\t\t\t\t\t\t\t\t\t\t<img decoding=\"async\" src=\"https:\/\/www.stanckoteszet.eu\/wp-content\/plugins\/elementor\/assets\/images\/placeholder.png\" title=\"\" alt=\"\" loading=\"lazy\" \/>\t\t\t\t\t\t\t\t\t\t\t\t\t\t\t<\/div>\n\t\t\t\t<\/div>\n\t\t\t\t<div class=\"elementor-element elementor-element-6493e15 elementor-widget elementor-widget-text-editor\" data-id=\"6493e15\" data-element_type=\"widget\" data-widget_type=\"text-editor.default\">\n\t\t\t\t<div class=\"elementor-widget-container\">\n\t\t\t\t\t\t\t\t\t<p>T\u00f6mb\u00f6s\u00edtett, \u00f6sszehordott, fejben ragasztott, vagy t\u0171z\u00f6tt term\u00e9kek<\/p>\t\t\t\t\t\t\t\t<\/div>\n\t\t\t\t<\/div>\n\t\t\t\t\t<\/div>\n\t\t<\/div>\n\t\t\t\t<div class=\"elementor-column elementor-col-25 elementor-top-column elementor-element elementor-element-7522c7d\" data-id=\"7522c7d\" data-element_type=\"column\">\n\t\t\t<div class=\"elementor-widget-wrap elementor-element-populated\">\n\t\t\t\t\t\t<div class=\"elementor-element elementor-element-5d2438e elementor-widget elementor-widget-image\" data-id=\"5d2438e\" data-element_type=\"widget\" data-widget_type=\"image.default\">\n\t\t\t\t<div class=\"elementor-widget-container\">\n\t\t\t\t\t\t\t\t\t\t\t\t\t\t\t<img decoding=\"async\" src=\"https:\/\/www.stanckoteszet.eu\/wp-content\/plugins\/elementor\/assets\/images\/placeholder.png\" title=\"\" alt=\"\" loading=\"lazy\" \/>\t\t\t\t\t\t\t\t\t\t\t\t\t\t\t<\/div>\n\t\t\t\t<\/div>\n\t\t\t\t<div class=\"elementor-element elementor-element-34c77e0 elementor-widget elementor-widget-text-editor\" data-id=\"34c77e0\" data-element_type=\"widget\" data-widget_type=\"text-editor.default\">\n\t\t\t\t<div class=\"elementor-widget-container\">\n\t\t\t\t\t\t\t\t\t<p>F\u00far\u00e1ssal, lyukaszt\u00e1ssal, szegecsel\u00e9ssel, perfor\u00e1l\u00e1ssal, biegel\u00e9ssel, k\u00e9toldali vagy diszperzi\u00f3s ragaszt\u00f3val, gumiz\u00e1ssal, csomagol\u00e1ssal k\u00e9sz\u00edtett term\u00e9kek.<\/p>\t\t\t\t\t\t\t\t<\/div>\n\t\t\t\t<\/div>\n\t\t\t\t\t<\/div>\n\t\t<\/div>\n\t\t\t\t<div class=\"elementor-column elementor-col-25 elementor-top-column elementor-element elementor-element-a63dc35\" data-id=\"a63dc35\" data-element_type=\"column\">\n\t\t\t<div class=\"elementor-widget-wrap\">\n\t\t\t\t\t\t\t<\/div>\n\t\t<\/div>\n\t\t\t\t\t<\/div>\n\t\t<\/section>\n\t\t\t\t<\/div>","protected":false},"excerpt":{"rendered":"<p>Term\u00e9keink Fel\u00fcletkezelt \u00edvek k\u00fcl\u00f6nb\u00f6z\u0151 f\u00f3lia t\u00edpusokkal f\u00e9nyes matt egy oldalon struktur\u00e1lt karc\u00e1ll\u00f3 pearl b\u00e1rsonyhat\u00e1s\u00fa f\u00f3li\u00e1val kezelt K\u00f6nyvk\u00f6t\u00e9szeti term\u00e9kek Kem\u00e9nyt\u00e1bl\u00e1s k\u00f6nyvek A k\u00f6nyvt\u00e1bla t\u00edpusa alapj\u00e1n Kem\u00e9nyt\u00e1bl\u00e1s kivitel, 1\/1 pap\u00edr bor\u00edt\u00e1ssal,1\/1 v\u00e1szon (m\u0171b\u0151r) bor\u00edt\u00e1ssal;\u00bd v\u00e1szon (m\u0171b\u0151r) bor\u00edt\u00e1ssal, Flexibilis t\u00e1bl\u00e1s kivitelkarton, vagy val\u00f3di flexit\u00e1bl\u00e1val A k\u00f6nyvtest kialak\u00edt\u00e1sa szerint c\u00e9rnaf\u0171z\u00f6tt PUR ragaszt\u00f3k\u00f6t\u00f6tt Puhat\u00e1bl\u00e1s k\u00f6nyvek A k\u00f6nyvtest k\u00f6t\u00e9se alapj\u00e1n c\u00e9rnaf\u0171z\u00f6tt [&hellip;]<\/p>","protected":false},"author":2,"featured_media":0,"parent":0,"menu_order":0,"comment_status":"closed","ping_status":"closed","template":"elementor_header_footer","meta":{"footnotes":""},"class_list":["post-1317","page","type-page","status-publish","hentry"],"_links":{"self":[{"href":"https:\/\/www.stanckoteszet.eu\/en\/wp-json\/wp\/v2\/pages\/1317","targetHints":{"allow":["GET"]}}],"collection":[{"href":"https:\/\/www.stanckoteszet.eu\/en\/wp-json\/wp\/v2\/pages"}],"about":[{"href":"https:\/\/www.stanckoteszet.eu\/en\/wp-json\/wp\/v2\/types\/page"}],"author":[{"embeddable":true,"href":"https:\/\/www.stanckoteszet.eu\/en\/wp-json\/wp\/v2\/users\/2"}],"replies":[{"embeddable":true,"href":"https:\/\/www.stanckoteszet.eu\/en\/wp-json\/wp\/v2\/comments?post=1317"}],"version-history":[{"count":172,"href":"https:\/\/www.stanckoteszet.eu\/en\/wp-json\/wp\/v2\/pages\/1317\/revisions"}],"predecessor-version":[{"id":1834,"href":"https:\/\/www.stanckoteszet.eu\/en\/wp-json\/wp\/v2\/pages\/1317\/revisions\/1834"}],"wp:attachment":[{"href":"https:\/\/www.stanckoteszet.eu\/en\/wp-json\/wp\/v2\/media?parent=1317"}],"curies":[{"name":"wp","href":"https:\/\/api.w.org\/{rel}","templated":true}]}}