{"id":1454,"date":"2023-06-08T08:53:07","date_gmt":"2023-06-08T06:53:07","guid":{"rendered":"https:\/\/www.stanckoteszet.eu\/?page_id=1454"},"modified":"2024-06-28T11:03:39","modified_gmt":"2024-06-28T09:03:39","slug":"magunkrol","status":"publish","type":"page","link":"https:\/\/www.stanckoteszet.eu\/en\/magunkrol\/","title":{"rendered":"About us"},"content":{"rendered":"<div data-elementor-type=\"wp-page\" data-elementor-id=\"1454\" class=\"elementor elementor-1454\" data-elementor-post-type=\"page\">\n\t\t\t\t\t\t<section class=\"elementor-section elementor-top-section elementor-element elementor-element-62b9401 elementor-section-boxed elementor-section-height-default elementor-section-height-default\" data-id=\"62b9401\" data-element_type=\"section\" data-settings=\"{&quot;background_background&quot;:&quot;classic&quot;}\">\n\t\t\t\t\t\t<div class=\"elementor-container elementor-column-gap-default\">\n\t\t\t\t\t<div class=\"elementor-column elementor-col-100 elementor-top-column elementor-element elementor-element-888a08c\" data-id=\"888a08c\" data-element_type=\"column\">\n\t\t\t<div class=\"elementor-widget-wrap elementor-element-populated\">\n\t\t\t\t\t\t<div class=\"elementor-element elementor-element-29587e3 elementor-widget elementor-widget-heading\" data-id=\"29587e3\" data-element_type=\"widget\" data-settings=\"{&quot;_animation&quot;:&quot;none&quot;,&quot;_animation_tablet&quot;:&quot;fadeIn&quot;}\" data-widget_type=\"heading.default\">\n\t\t\t\t<div class=\"elementor-widget-container\">\n\t\t\t\t\t<h1 class=\"elementor-heading-title elementor-size-default\">About us<\/h1>\t\t\t\t<\/div>\n\t\t\t\t<\/div>\n\t\t\t\t\t<\/div>\n\t\t<\/div>\n\t\t\t\t\t<\/div>\n\t\t<\/section>\n\t\t\t\t<section class=\"elementor-section elementor-top-section elementor-element elementor-element-0b67efb elementor-section-boxed elementor-section-height-default elementor-section-height-default\" data-id=\"0b67efb\" data-element_type=\"section\" data-settings=\"{&quot;background_background&quot;:&quot;classic&quot;}\">\n\t\t\t\t\t\t<div class=\"elementor-container elementor-column-gap-default\">\n\t\t\t\t\t<div class=\"elementor-column elementor-col-100 elementor-top-column elementor-element elementor-element-81de473\" data-id=\"81de473\" data-element_type=\"column\">\n\t\t\t<div class=\"elementor-widget-wrap elementor-element-populated\">\n\t\t\t\t\t\t<div class=\"elementor-element elementor-element-d5bcb18 elementor-widget elementor-widget-text-editor\" data-id=\"d5bcb18\" data-element_type=\"widget\" data-widget_type=\"text-editor.default\">\n\t\t\t\t<div class=\"elementor-widget-container\">\n\t\t\t\t\t\t\t\t\tThe predecessor of <strong>Stanctechnik K\u00f6t\u00e9szeti Kft.<\/strong> was a family business that started in a small 20 m<sup>2<\/sup> workshop, from which the current bookbinding complex with more than 30 years of experience grew through the implementation of a continuous and consistent development policy. In 2021, the ownership structure of the company was expanded and restructured, so today it has two investors with strong capital backing.<sup>2<\/sup>As a result, new opportunities have opened up for further development of the plant, modernisation of machinery and technological innovations. The company\u2019s philosophy is based on two pillars: <strong>Quality and Reliability.<\/strong> These two guiding principles have been consistently applied to make <strong>Stanctechnik K\u00f6t\u00e9szeti Kft.<\/strong> a leading player in the Hungarian manufacturing of books. Our position in the industry, our size, our capabilities and our skills oblige us to meet the needs of our partners and employees at the highest level.\t\t\t\t\t\t\t\t<\/div>\n\t\t\t\t<\/div>\n\t\t\t\t\t<\/div>\n\t\t<\/div>\n\t\t\t\t\t<\/div>\n\t\t<\/section>\n\t\t\t\t<section class=\"elementor-section elementor-top-section elementor-element elementor-element-7d5d71d elementor-section-boxed elementor-section-height-default elementor-section-height-default\" data-id=\"7d5d71d\" data-element_type=\"section\" data-settings=\"{&quot;background_background&quot;:&quot;classic&quot;}\">\n\t\t\t\t\t\t<div class=\"elementor-container elementor-column-gap-default\">\n\t\t\t\t\t<div class=\"elementor-column elementor-col-100 elementor-top-column elementor-element elementor-element-7f16362\" data-id=\"7f16362\" data-element_type=\"column\">\n\t\t\t<div class=\"elementor-widget-wrap elementor-element-populated\">\n\t\t\t\t\t\t<div class=\"elementor-element elementor-element-185ebe7 elementor-invisible elementor-widget elementor-widget-heading\" data-id=\"185ebe7\" data-element_type=\"widget\" data-settings=\"{&quot;_animation&quot;:&quot;fadeIn&quot;,&quot;_animation_tablet&quot;:&quot;fadeIn&quot;}\" data-widget_type=\"heading.default\">\n\t\t\t\t<div class=\"elementor-widget-container\">\n\t\t\t\t\t<h2 class=\"elementor-heading-title elementor-size-default\">Senior staff<\/h2>\t\t\t\t<\/div>\n\t\t\t\t<\/div>\n\t\t\t\t\t<\/div>\n\t\t<\/div>\n\t\t\t\t\t<\/div>\n\t\t<\/section>\n\t\t\t\t<section class=\"elementor-section elementor-top-section elementor-element elementor-element-260f94c elementor-section-boxed elementor-section-height-default elementor-section-height-default\" data-id=\"260f94c\" data-element_type=\"section\">\n\t\t\t\t\t\t<div class=\"elementor-container elementor-column-gap-default\">\n\t\t\t\t\t<div class=\"elementor-column elementor-col-20 elementor-top-column elementor-element elementor-element-84c4b3a\" data-id=\"84c4b3a\" data-element_type=\"column\">\n\t\t\t<div class=\"elementor-widget-wrap\">\n\t\t\t\t\t\t\t<\/div>\n\t\t<\/div>\n\t\t\t\t<div class=\"elementor-column elementor-col-20 elementor-top-column elementor-element elementor-element-6f478ac\" data-id=\"6f478ac\" data-element_type=\"column\">\n\t\t\t<div class=\"elementor-widget-wrap elementor-element-populated\">\n\t\t\t\t\t\t<div class=\"elementor-element elementor-element-9ad0b00 elementor-widget elementor-widget-image\" data-id=\"9ad0b00\" data-element_type=\"widget\" data-widget_type=\"image.default\">\n\t\t\t\t<div class=\"elementor-widget-container\">\n\t\t\t\t\t\t\t\t\t\t\t\t\t\t\t<img fetchpriority=\"high\" decoding=\"async\" width=\"618\" height=\"609\" src=\"https:\/\/www.stanckoteszet.eu\/wp-content\/uploads\/2024\/03\/Joo-Kati_vagott.jpg\" class=\"attachment-medium_large size-medium_large wp-image-2751\" alt=\"Katalin Jo\u00f3n\u00e9 Vass\" srcset=\"https:\/\/www.stanckoteszet.eu\/wp-content\/uploads\/2024\/03\/Joo-Kati_vagott.jpg 618w, https:\/\/www.stanckoteszet.eu\/wp-content\/uploads\/2024\/03\/Joo-Kati_vagott-300x296.jpg 300w, https:\/\/www.stanckoteszet.eu\/wp-content\/uploads\/2024\/03\/Joo-Kati_vagott-12x12.jpg 12w\" sizes=\"(max-width: 618px) 100vw, 618px\" \/>\t\t\t\t\t\t\t\t\t\t\t\t\t\t\t<\/div>\n\t\t\t\t<\/div>\n\t\t\t\t<div class=\"elementor-element elementor-element-1800b6e elementor-widget elementor-widget-text-editor\" data-id=\"1800b6e\" data-element_type=\"widget\" data-widget_type=\"text-editor.default\">\n\t\t\t\t<div class=\"elementor-widget-container\">\n\t\t\t\t\t\t\t\t\t<p><strong>Katalin Jo\u00f3n\u00e9 Vass <em><br \/><\/em><\/strong>Managing Director<\/p><p>Phone: +36 20 442-2771<br \/>E-mail: <a href=\"mailto:jookati@stanckoteszet.eu\">jookati@stanckoteszet.eu<\/a>\u00a0\u00a0\u00a0<\/p>\t\t\t\t\t\t\t\t<\/div>\n\t\t\t\t<\/div>\n\t\t\t\t\t<\/div>\n\t\t<\/div>\n\t\t\t\t<div class=\"elementor-column elementor-col-20 elementor-top-column elementor-element elementor-element-9f49829\" data-id=\"9f49829\" data-element_type=\"column\">\n\t\t\t<div class=\"elementor-widget-wrap\">\n\t\t\t\t\t\t\t<\/div>\n\t\t<\/div>\n\t\t\t\t<div class=\"elementor-column elementor-col-20 elementor-top-column elementor-element elementor-element-5832678\" data-id=\"5832678\" data-element_type=\"column\">\n\t\t\t<div class=\"elementor-widget-wrap elementor-element-populated\">\n\t\t\t\t\t\t<div class=\"elementor-element elementor-element-116638c elementor-widget elementor-widget-image\" data-id=\"116638c\" data-element_type=\"widget\" data-widget_type=\"image.default\">\n\t\t\t\t<div class=\"elementor-widget-container\">\n\t\t\t\t\t\t\t\t\t\t\t\t\t\t\t<img decoding=\"async\" width=\"618\" height=\"609\" src=\"https:\/\/www.stanckoteszet.eu\/wp-content\/uploads\/2024\/03\/Feher-Istvan_vagott.jpg\" class=\"attachment-medium_large size-medium_large wp-image-2755\" alt=\"Istv\u00e1n Feh\u00e9r\" srcset=\"https:\/\/www.stanckoteszet.eu\/wp-content\/uploads\/2024\/03\/Feher-Istvan_vagott.jpg 618w, https:\/\/www.stanckoteszet.eu\/wp-content\/uploads\/2024\/03\/Feher-Istvan_vagott-300x296.jpg 300w, https:\/\/www.stanckoteszet.eu\/wp-content\/uploads\/2024\/03\/Feher-Istvan_vagott-12x12.jpg 12w\" sizes=\"(max-width: 618px) 100vw, 618px\" \/>\t\t\t\t\t\t\t\t\t\t\t\t\t\t\t<\/div>\n\t\t\t\t<\/div>\n\t\t\t\t<div class=\"elementor-element elementor-element-9883af9 elementor-widget elementor-widget-text-editor\" data-id=\"9883af9\" data-element_type=\"widget\" data-widget_type=\"text-editor.default\">\n\t\t\t\t<div class=\"elementor-widget-container\">\n\t\t\t\t\t\t\t\t\t<p><strong>Istv\u00e1n Feh\u00e9r <br \/><\/strong>Technical and Production Director<\/p><p>Phone: +36 20 282 7234<br \/>E-mail:<a href=\"mailto:feheristvan@stanckoteszet.eu\"> feheristvan@stanckoteszet.eu<\/a><\/p>\t\t\t\t\t\t\t\t<\/div>\n\t\t\t\t<\/div>\n\t\t\t\t\t<\/div>\n\t\t<\/div>\n\t\t\t\t<div class=\"elementor-column elementor-col-20 elementor-top-column elementor-element elementor-element-72210db\" data-id=\"72210db\" data-element_type=\"column\">\n\t\t\t<div class=\"elementor-widget-wrap\">\n\t\t\t\t\t\t\t<\/div>\n\t\t<\/div>\n\t\t\t\t\t<\/div>\n\t\t<\/section>\n\t\t\t\t<section class=\"elementor-section elementor-top-section elementor-element elementor-element-b189598 elementor-hidden-desktop elementor-hidden-tablet elementor-hidden-mobile elementor-section-boxed elementor-section-height-default elementor-section-height-default\" data-id=\"b189598\" data-element_type=\"section\">\n\t\t\t\t\t\t<div class=\"elementor-container elementor-column-gap-default\">\n\t\t\t\t\t<div class=\"elementor-column elementor-col-100 elementor-top-column elementor-element elementor-element-c44f91a\" data-id=\"c44f91a\" data-element_type=\"column\">\n\t\t\t<div class=\"elementor-widget-wrap elementor-element-populated\">\n\t\t\t\t\t\t<div class=\"elementor-element elementor-element-8192ffd elementor-widget elementor-widget-heading\" data-id=\"8192ffd\" data-element_type=\"widget\" data-widget_type=\"heading.default\">\n\t\t\t\t<div class=\"elementor-widget-container\">\n\t\t\t\t\t<h2 class=\"elementor-heading-title elementor-size-default\">C\u00e9g\u00fcnk t\u00f6rt\u00e9nete<\/h2>\t\t\t\t<\/div>\n\t\t\t\t<\/div>\n\t\t\t\t\t<\/div>\n\t\t<\/div>\n\t\t\t\t\t<\/div>\n\t\t<\/section>\n\t\t\t\t<section class=\"elementor-section elementor-top-section elementor-element elementor-element-39400cb elementor-hidden-desktop elementor-hidden-tablet elementor-hidden-mobile elementor-section-boxed elementor-section-height-default elementor-section-height-default\" data-id=\"39400cb\" data-element_type=\"section\">\n\t\t\t\t\t\t<div class=\"elementor-container elementor-column-gap-default\">\n\t\t\t\t\t<div class=\"elementor-column elementor-col-100 elementor-top-column elementor-element elementor-element-c59e47b\" data-id=\"c59e47b\" data-element_type=\"column\">\n\t\t\t<div class=\"elementor-widget-wrap elementor-element-populated\">\n\t\t\t\t\t\t<div class=\"elementor-element elementor-element-c4a1361 elementor-widget elementor-widget-text-editor\" data-id=\"c4a1361\" data-element_type=\"widget\" data-widget_type=\"text-editor.default\">\n\t\t\t\t<div class=\"elementor-widget-container\">\n\t\t\t\t\t\t\t\t\t<p>A Stanctechnik K\u00f6t\u00e9szeti Kft. jogel\u0151dje a Stanctechnik Bt., majd Stanctechnik Stancol\u00f3 Kft \u2013 100% mag\u00e1n t\u0151k\u00e9vel, (3 f\u0151 \u00e1ll\u00e1s\u00fa alkalmazottal) 1992-ben kezdte meg m\u0171k\u00f6d\u00e9s\u00e9t, mint az akkor alakul\u00f3 hazai b\u0151r-, pap\u00edr-feldolgoz\u00f3 mag\u00e1nipar besz\u00e1ll\u00edt\u00f3ja, szolg\u00e1ltat\u00f3ja. V\u00e1lasztott profilja alapvet\u0151en kiv\u00e1g\u00f3, stancol\u00f3 szersz\u00e1mok k\u00e9sz\u00edt\u00e9se volt, majd a Teve utcai saj\u00e1t telephely megszerz\u00e9s\u00e9vel lehet\u0151v\u00e9 v\u00e1lt a profil b\u0151v\u00edt\u00e9se \u00e9s tov\u00e1bbi stancol\u00f3-, kiv\u00e1g\u00f3-, aranyoz\u00f3 g\u00e9pek \u00fczembe \u00e1ll\u00edt\u00e1sa.<\/p><p>A kilencvenes \u00e9vek v\u00e9g\u00e9re, felismerve a nyomdaipari sz\u00fcks\u00e9gletek ugr\u00e1sszer\u0171 n\u00f6veked\u00e9s\u00e9t c\u00e9lszer\u0171nek mutatkozott a csomagol\u00f3anyag gy\u00e1rt\u00f3 ipart kiszolg\u00e1l\u00f3 \u00e1gazat fejleszt\u00e9se mellett a fel\u00fcletnemes\u00edt\u00e9si \u00fczlet\u00e1g kialak\u00edt\u00e1sa. K\u00e9s\u0151bb megfogalmaz\u00f3dott egy, a hazai min\u0151s\u00e9gi nyomd\u00e1szatot kiszolg\u00e1l\u00f3 f\u00fcggetlen (nyomdai kapacit\u00e1s h\u00e1tt\u00e9r n\u00e9lk\u00fcl) f\u00f3li\u00e1z\u00f3, lakkoz\u00f3 szolg\u00e1ltat\u00f3 \u00fczem, majd k\u00f6t\u00e9szet l\u00e9trehoz\u00e1s\u00e1nak hossz\u00fa t\u00e1v\u00fa v\u00e1llalkoz\u00e1s fejleszt\u00e9si strat\u00e9gi\u00e1ja.<\/p><p>Fel\u00fcletnemes\u00edt\u00e9s fejleszt\u00e9s\u00e9nek f\u0151bb \u00e1llom\u00e1sai a g\u00e9pi \u00e9s szitalakkoz\u00e1s, a f\u00f3li\u00e1z\u00e1s \u00e9s a kas\u00edroz\u00e1s g\u00e9pparkj\u00e1nak l\u00e9trehoz\u00e1sa \u00e9s moderniz\u00e1l\u00e1sa volt az 1998-2004. \u00e9vekben.<\/p><p>A k\u00f6t\u00e9szeti \u00fczlet\u00e1gat a f\u00f3ti Mograprint Kft k\u00f6t\u00e9szeti g\u00e9peinek \u00e9s szem\u00e9lyzet\u00e9nek 2001. \u00e9vi \u00e1tv\u00e9tel\u00e9vel alapozta meg a T\u00e1rsas\u00e1g. A g\u00e9pparkot azonnal kieg\u00e9sz\u00edtette egy 21 \u00e1llom\u00e1sos M\u00dcLLER MARTINI \u00f6sszehord\u00f3 g\u00e9ppel, \u00e9s egy BEBI PONY ragaszt\u00f3-k\u00f6t\u0151 g\u00e9ppel. A k\u00f6t\u00e9szeti munkaer\u0151, \u00e9s piaci kapcsolatok kialakul\u00e1sa ut\u00e1n elind\u00edtott l\u00e9nyeges fejleszt\u00e9st a karton\u00e1lt k\u00f6t\u00e9szet moderniz\u00e1l\u00e1s\u00e1val kellett megoldani, mivel a vonz\u00e1sk\u00f6rzet\u00e9be tartoz\u00f3 piacon hi\u00e1nyzott a magas min\u0151s\u00e9g\u0171 k\u00f6nyvekhez, prospektusokhoz, c\u00e9gkatal\u00f3gusokhoz, rekl\u00e1mkiadv\u00e1nyokhoz a ragaszt\u00f3k\u00f6t\u00f6tt, c\u00e9rnaf\u0171z\u00f6tt kivitelt biztos\u00edt\u00f3 nagy termel\u00e9kenys\u00e9g\u0171, de rugalmas kapacit\u00e1s.<\/p><p>A T\u00e1rsas\u00e1g <strong>2004. \u00e9vben<\/strong> \u00fczembe \u00e1ll\u00edtotta a hot-melt \u00e9s a legkorszer\u0171bb PUR ragaszt\u00f3k\u00f6t\u00e9st is lehet\u0151v\u00e9 tev\u0151 KOLBUS-SIGLOCH 20 \u00e1llom\u00e1ssal rendelkez\u0151 g\u00e9psor\u00e1t.<\/p><p>A kem\u00e9nyt\u00e1bl\u00e1s k\u00f6t\u00e9szet eredeti \u00e1tvett, haszn\u00e1lt g\u00e9p parkja \u00e1ltal biztos\u00edtott kapacit\u00e1st hajtogat\u00f3-, c\u00e9rnaf\u0171z\u0151-, v\u00e1g\u00f3- \u00e9s csomagol\u00f3-, t\u00e1blak\u00e9sz\u00edt\u0151 egy\u00e9b kieg\u00e9sz\u00edt\u0151 k\u00f6t\u00e9szeti g\u00e9pekkel tette teljess\u00e9. Majd az \u00fczlet\u00e1g legjelent\u0151sebb fejleszt\u00e9s\u00e9t a <strong>2006. \u00e9vben,<\/strong> a kem\u00e9nyt\u00e1bl\u00e1s k\u00f6nyvk\u00f6t\u00e9szet alaptev\u00e9kenys\u00e9geit, az el\u0151z\u00e9kel\u00e9st, a gerincer\u0151s\u00edt\u00e9st \u00e9s pr\u00e9sel\u00e9st, a m\u00e9retre v\u00e1g\u00e1st, a gerincform\u00e1z\u00e1st, az oromszeg\u0151z\u00e9st \u00e9s t\u00e1bl\u00e1ba t\u00f6rt\u00e9n\u0151 beakaszt\u00e1st elv\u00e9gz\u0151 g\u00e9psor \u00fczembe\u00e1ll\u00edt\u00e1s\u00e1val val\u00f3s\u00edtotta meg. A KOLBUS g\u00e9psor kisszolg\u00e1l\u00e1s\u00e1t nagy kapacit\u00e1s\u00fa Aster c\u00e9rnaf\u0171z\u0151 automat\u00e1k \u00e9s KOLBUS t\u00e1blak\u00e9sz\u00edt\u0151 automata v\u00e1s\u00e1rl\u00e1s\u00e1val biztos\u00edtotta.<\/p><p><strong>2021. \u00e9vben<\/strong> kapacit\u00e1sb\u0151v\u00edt\u0151 \u00e9s hat\u00e9konys\u00e1gn\u00f6vel\u0151 beruh\u00e1z\u00e1st hajtottunk v\u00e9gre <strong>a VEKOP-1.2.6-20-2020-00301<\/strong> p\u00e1ly\u00e1zat seg\u00edts\u00e9g\u00e9vel.<\/p><p>A projekt tervezett befejez\u00e9si d\u00e1tuma: 2021.06.30. volt, mely a COVID miatt 2022. janu\u00e1r 31. tol\u00f3dott. A t\u00e1mogat\u00e1s m\u00e9rt\u00e9ke: 70%.<\/p>\t\t\t\t\t\t\t\t<\/div>\n\t\t\t\t<\/div>\n\t\t\t\t\t<\/div>\n\t\t<\/div>\n\t\t\t\t\t<\/div>\n\t\t<\/section>\n\t\t\t\t<section class=\"elementor-section elementor-top-section elementor-element elementor-element-831f6e4 elementor-hidden-desktop elementor-hidden-tablet elementor-hidden-mobile elementor-section-boxed elementor-section-height-default elementor-section-height-default\" data-id=\"831f6e4\" data-element_type=\"section\" data-settings=\"{&quot;background_background&quot;:&quot;classic&quot;}\">\n\t\t\t\t\t\t<div class=\"elementor-container elementor-column-gap-default\">\n\t\t\t\t\t<div class=\"elementor-column elementor-col-100 elementor-top-column elementor-element elementor-element-79e2b93\" data-id=\"79e2b93\" data-element_type=\"column\">\n\t\t\t<div class=\"elementor-widget-wrap elementor-element-populated\">\n\t\t\t\t\t\t<div class=\"elementor-element elementor-element-fdd9617 elementor-widget elementor-widget-heading\" data-id=\"fdd9617\" data-element_type=\"widget\" data-widget_type=\"heading.default\">\n\t\t\t\t<div class=\"elementor-widget-container\">\n\t\t\t\t\t<h2 class=\"elementor-heading-title elementor-size-default\">A projekt bemutat\u00e1sa<\/h2>\t\t\t\t<\/div>\n\t\t\t\t<\/div>\n\t\t\t\t\t<\/div>\n\t\t<\/div>\n\t\t\t\t\t<\/div>\n\t\t<\/section>\n\t\t\t\t<section class=\"elementor-section elementor-top-section elementor-element elementor-element-3027419 elementor-hidden-desktop elementor-hidden-tablet elementor-hidden-mobile elementor-section-boxed elementor-section-height-default elementor-section-height-default\" data-id=\"3027419\" data-element_type=\"section\" data-settings=\"{&quot;background_background&quot;:&quot;classic&quot;}\">\n\t\t\t\t\t\t<div class=\"elementor-container elementor-column-gap-default\">\n\t\t\t\t\t<div class=\"elementor-column elementor-col-25 elementor-top-column elementor-element elementor-element-6e28a18\" data-id=\"6e28a18\" data-element_type=\"column\">\n\t\t\t<div class=\"elementor-widget-wrap\">\n\t\t\t\t\t\t\t<\/div>\n\t\t<\/div>\n\t\t\t\t<div class=\"elementor-column elementor-col-50 elementor-top-column elementor-element elementor-element-35da0cb\" data-id=\"35da0cb\" data-element_type=\"column\" data-settings=\"{&quot;background_background&quot;:&quot;classic&quot;}\">\n\t\t\t<div class=\"elementor-widget-wrap elementor-element-populated\">\n\t\t\t\t\t\t<div class=\"elementor-element elementor-element-7cbddaa elementor-widget elementor-widget-text-editor\" data-id=\"7cbddaa\" data-element_type=\"widget\" data-widget_type=\"text-editor.default\">\n\t\t\t\t<div class=\"elementor-widget-container\">\n\t\t\t\t\t\t\t\t\t<p>A Stanctechnik K\u00f6t\u00e9szeti Kft. g\u00e9pparkj\u00e1ban egy komplex beruh\u00e1z\u00e1st val\u00f3s\u00edtott meg. A v\u00e1llalkoz\u00e1sa fejleszt\u00e9si folyamat\u00e1nak k\u00f6vetkez\u0151 l\u00e9pcs\u0151fokak\u00e9nt e t\u00e1mogatott projekt keret\u00e9ben modern, cs\u00facstechnol\u00f3gi\u00e1t k\u00e9pvisel\u0151 k\u00f6t\u00e9szeti g\u00e9pek beszerz\u00e9s\u00e9t v\u00e9gezte. A beruh\u00e1z\u00e1s hat\u00e1s\u00e1ra a t\u00e1rsas\u00e1g egyszerre n\u00f6veli hat\u00e9konys\u00e1g\u00e1t \u00e9s termel\u00e9kenys\u00e9g\u00e9t, illetve ez\u00e1ltal jelent\u0151sen er\u0151s\u00edteni tudja munkahely megtart\u00f3 k\u00e9pes\u00e9g\u00e9t. Az \u00faj g\u00e9pek beszerz\u00e9s\u00e9vel a Stanctechnik K\u00f6t\u00e9szeti Kft. olyan t\u00e9nylegesen jelentkez\u0151 vev\u0151i ig\u00e9nyeket szolg\u00e1lhat ki, amelyek jelent\u0151s megrendel\u00e9s-n\u00f6veked\u00e9st biztos\u00edtanak. Az \u00faj term\u00e9kcsoport vonatkoz\u00e1s\u00e1ban v\u00e1rhat\u00f3 t\u00f6bblet megrendel\u00e9s teljes\u00edt\u00e9s\u00e9nek ig\u00e9nye n\u00e9lk\u00fcl\u00f6zhetetlenn\u00e9 teszi a jelenleg rendelkez\u00e9sre \u00e1ll\u00f3 j\u00f3l k\u00e9pzett, \u00e9s egy\u00fattal tapasztalt, a t\u00e1rsas\u00e1g \u00e9s a min\u0151s\u00e9gi term\u00e9kgy\u00e1rt\u00e1s ir\u00e1ny\u00e1ba loj\u00e1lis \u00e9s elk\u00f6telezett munkaer\u0151\u00e1llom\u00e1ny hossz\u00fat\u00e1v\u00fa megtart\u00e1s\u00e1t.<\/p>\t\t\t\t\t\t\t\t<\/div>\n\t\t\t\t<\/div>\n\t\t\t\t\t<\/div>\n\t\t<\/div>\n\t\t\t\t<div class=\"elementor-column elementor-col-25 elementor-top-column elementor-element elementor-element-2fb1edc\" data-id=\"2fb1edc\" data-element_type=\"column\">\n\t\t\t<div class=\"elementor-widget-wrap\">\n\t\t\t\t\t\t\t<\/div>\n\t\t<\/div>\n\t\t\t\t\t<\/div>\n\t\t<\/section>\n\t\t\t\t<section class=\"elementor-section elementor-top-section elementor-element elementor-element-1434768 elementor-hidden-desktop elementor-hidden-tablet elementor-hidden-mobile elementor-section-boxed elementor-section-height-default elementor-section-height-default\" data-id=\"1434768\" data-element_type=\"section\">\n\t\t\t\t\t\t<div class=\"elementor-container elementor-column-gap-default\">\n\t\t\t\t\t<div class=\"elementor-column elementor-col-100 elementor-top-column elementor-element elementor-element-1a73f00\" data-id=\"1a73f00\" data-element_type=\"column\">\n\t\t\t<div class=\"elementor-widget-wrap elementor-element-populated\">\n\t\t\t\t\t\t<div class=\"elementor-element elementor-element-c588e7b elementor-widget elementor-widget-text-editor\" data-id=\"c588e7b\" data-element_type=\"widget\" data-widget_type=\"text-editor.default\">\n\t\t\t\t<div class=\"elementor-widget-container\">\n\t\t\t\t\t\t\t\t\t<p>The predecessor of <strong>Stanctechnik K\u00f6t\u00e9szeti Kft.<\/strong> a k\u00f6t\u00e9szeti ipar\u00e1g innov\u00e1ci\u00f3j\u00e1ban a j\u00f6v\u0151ben is \u00fatt\u00f6r\u0151 szerepet sz\u00e1nd\u00e9kozik bet\u00f6lteni. Form\u00e1l\u00f3d\u00f3 fejleszt\u00e9si strat\u00e9gi\u00e1nk alapelve azon elk\u00f6telezetts\u00e9g, hogy a mind ig\u00e9nyesebb piacok fel\u00e9 nyit\u00f3 hazai nyomd\u00e1k, \u00e9s megval\u00f3sul\u00f3 nyomtat\u00e1si technik\u00e1ik, mint min\u0151s\u00e9gben \u00fagy hat\u00e9konys\u00e1gban is hossz\u00fa t\u00e1von ki legyenek szolg\u00e1lva \u00e1ltalunk. A k\u00f6t\u00e9szeti technol\u00f3gi\u00e1inkat, eszk\u00f6zeinket id\u0151ben cser\u00e9lni, korszer\u0171s\u00edteni sz\u00e1nd\u00e9kozunk. Munkat\u00e1rsaink, \u00e9s \u00faj fiatal szakemberek k\u00e9pz\u00e9s\u00e9vel, tov\u00e1bbk\u00e9pz\u00e9s\u00e9vel a szaktud\u00e1s szinten tart\u00e1s\u00e1ra t\u00f6reksz\u00fcnk. A szolg\u00e1ltat\u00e1saink min\u0151s\u00e9g\u00e9t \u00faj vezet\u00e9si, termel\u00e9sszervez\u00e9si m\u00f3dszerek bevezet\u00e9s\u00e9vel is jav\u00edtani sz\u00e1nd\u00e9kozunk.<\/p>\t\t\t\t\t\t\t\t<\/div>\n\t\t\t\t<\/div>\n\t\t\t\t\t<\/div>\n\t\t<\/div>\n\t\t\t\t\t<\/div>\n\t\t<\/section>\n\t\t\t\t<\/div>","protected":false},"excerpt":{"rendered":"<p>Magunkr\u00f3l A Stanctechnik K\u00f6t\u00e9szeti Kft. el\u0151dje egy kis 20 m2-es m\u0171helyb\u0151l indul\u00f3 csal\u00e1di v\u00e1llalkoz\u00e1s volt, amib\u0151l folyamatos \u00e9s k\u00f6vetkezetes fejleszt\u00e9si politika megval\u00f3s\u00edt\u00e1s\u00e1val n\u0151tt ki a jelenlegi, t\u00f6bb mint 30 \u00e9ves tapasztalattal rendelkez\u0151 k\u00f6nyvk\u00f6t\u00e9szeti \u00fczemkomplexum. 2021-ben b\u0151v\u00fclt \u00e9s \u00e1talakult a c\u00e9g tulajdonosi k\u00f6re, \u00edgy ma m\u00e1r k\u00e9t t\u0151keer\u0151s befektet\u0151t tudhat maga m\u00f6g\u00f6tt. Ennek k\u00f6sz\u00f6nhet\u0151en \u00fajabb lehet\u0151s\u00e9gek [&hellip;]<\/p>","protected":false},"author":2,"featured_media":0,"parent":0,"menu_order":0,"comment_status":"closed","ping_status":"closed","template":"elementor_header_footer","meta":{"footnotes":""},"class_list":["post-1454","page","type-page","status-publish","hentry"],"_links":{"self":[{"href":"https:\/\/www.stanckoteszet.eu\/en\/wp-json\/wp\/v2\/pages\/1454","targetHints":{"allow":["GET"]}}],"collection":[{"href":"https:\/\/www.stanckoteszet.eu\/en\/wp-json\/wp\/v2\/pages"}],"about":[{"href":"https:\/\/www.stanckoteszet.eu\/en\/wp-json\/wp\/v2\/types\/page"}],"author":[{"embeddable":true,"href":"https:\/\/www.stanckoteszet.eu\/en\/wp-json\/wp\/v2\/users\/2"}],"replies":[{"embeddable":true,"href":"https:\/\/www.stanckoteszet.eu\/en\/wp-json\/wp\/v2\/comments?post=1454"}],"version-history":[{"count":196,"href":"https:\/\/www.stanckoteszet.eu\/en\/wp-json\/wp\/v2\/pages\/1454\/revisions"}],"predecessor-version":[{"id":2888,"href":"https:\/\/www.stanckoteszet.eu\/en\/wp-json\/wp\/v2\/pages\/1454\/revisions\/2888"}],"wp:attachment":[{"href":"https:\/\/www.stanckoteszet.eu\/en\/wp-json\/wp\/v2\/media?parent=1454"}],"curies":[{"name":"wp","href":"https:\/\/api.w.org\/{rel}","templated":true}]}}