{"id":1639,"date":"2023-08-23T11:42:31","date_gmt":"2023-08-23T09:42:31","guid":{"rendered":"https:\/\/www.stanckoteszet.eu\/?page_id=1639"},"modified":"2024-06-25T11:54:04","modified_gmt":"2024-06-25T09:54:04","slug":"spiralozas","status":"publish","type":"page","link":"https:\/\/www.stanckoteszet.eu\/en\/spiralozas\/","title":{"rendered":"Spiral binding"},"content":{"rendered":"<div data-elementor-type=\"wp-page\" data-elementor-id=\"1639\" class=\"elementor elementor-1639\" data-elementor-post-type=\"page\">\n\t\t\t\t\t\t<section class=\"elementor-section elementor-top-section elementor-element elementor-element-62b9401 elementor-section-boxed elementor-section-height-default elementor-section-height-default\" data-id=\"62b9401\" data-element_type=\"section\" data-settings=\"{&quot;background_background&quot;:&quot;classic&quot;}\">\n\t\t\t\t\t\t<div class=\"elementor-container elementor-column-gap-default\">\n\t\t\t\t\t<div class=\"elementor-column elementor-col-100 elementor-top-column elementor-element elementor-element-888a08c\" data-id=\"888a08c\" data-element_type=\"column\">\n\t\t\t<div class=\"elementor-widget-wrap elementor-element-populated\">\n\t\t\t\t\t\t<div class=\"elementor-element elementor-element-29587e3 elementor-widget elementor-widget-heading\" data-id=\"29587e3\" data-element_type=\"widget\" data-settings=\"{&quot;_animation&quot;:&quot;none&quot;,&quot;_animation_tablet&quot;:&quot;fadeIn&quot;}\" data-widget_type=\"heading.default\">\n\t\t\t\t<div class=\"elementor-widget-container\">\n\t\t\t\t\t<h1 class=\"elementor-heading-title elementor-size-default\">Spiral binding<\/h1>\t\t\t\t<\/div>\n\t\t\t\t<\/div>\n\t\t\t\t\t<\/div>\n\t\t<\/div>\n\t\t\t\t\t<\/div>\n\t\t<\/section>\n\t\t\t\t<section class=\"elementor-section elementor-top-section elementor-element elementor-element-0b67efb elementor-section-boxed elementor-section-height-default elementor-section-height-default\" data-id=\"0b67efb\" data-element_type=\"section\" data-settings=\"{&quot;background_background&quot;:&quot;classic&quot;}\">\n\t\t\t\t\t\t<div class=\"elementor-container elementor-column-gap-default\">\n\t\t\t\t\t<div class=\"elementor-column elementor-col-50 elementor-top-column elementor-element elementor-element-7f4700c elementor-invisible\" data-id=\"7f4700c\" data-element_type=\"column\" data-settings=\"{&quot;animation&quot;:&quot;fadeInLeft&quot;,&quot;animation_tablet&quot;:&quot;fadeIn&quot;}\">\n\t\t\t<div class=\"elementor-widget-wrap elementor-element-populated\">\n\t\t\t\t\t\t<div class=\"elementor-element elementor-element-f827cd3 elementor-widget elementor-widget-image\" data-id=\"f827cd3\" data-element_type=\"widget\" data-widget_type=\"image.default\">\n\t\t\t\t<div class=\"elementor-widget-container\">\n\t\t\t\t\t\t\t\t\t\t\t\t\t\t\t<img fetchpriority=\"high\" decoding=\"async\" width=\"800\" height=\"443\" src=\"https:\/\/www.stanckoteszet.eu\/wp-content\/uploads\/2023\/12\/Spiralozas_hatter-nelkul.png\" class=\"attachment-large size-large wp-image-2349\" alt=\"Spiral binding\" srcset=\"https:\/\/www.stanckoteszet.eu\/wp-content\/uploads\/2023\/12\/Spiralozas_hatter-nelkul.png 900w, https:\/\/www.stanckoteszet.eu\/wp-content\/uploads\/2023\/12\/Spiralozas_hatter-nelkul-300x166.png 300w, https:\/\/www.stanckoteszet.eu\/wp-content\/uploads\/2023\/12\/Spiralozas_hatter-nelkul-768x425.png 768w, https:\/\/www.stanckoteszet.eu\/wp-content\/uploads\/2023\/12\/Spiralozas_hatter-nelkul-18x10.png 18w\" sizes=\"(max-width: 800px) 100vw, 800px\" \/>\t\t\t\t\t\t\t\t\t\t\t\t\t\t\t<\/div>\n\t\t\t\t<\/div>\n\t\t\t\t\t<\/div>\n\t\t<\/div>\n\t\t\t\t<div class=\"elementor-column elementor-col-50 elementor-top-column elementor-element elementor-element-81de473\" data-id=\"81de473\" data-element_type=\"column\">\n\t\t\t<div class=\"elementor-widget-wrap elementor-element-populated\">\n\t\t\t\t\t\t<section class=\"elementor-section elementor-inner-section elementor-element elementor-element-fbe6e54 elementor-section-boxed elementor-section-height-default elementor-section-height-default elementor-invisible\" data-id=\"fbe6e54\" data-element_type=\"section\" data-settings=\"{&quot;background_background&quot;:&quot;classic&quot;,&quot;animation&quot;:&quot;fadeIn&quot;}\">\n\t\t\t\t\t\t<div class=\"elementor-container elementor-column-gap-no\">\n\t\t\t\t\t<div class=\"elementor-column elementor-col-100 elementor-inner-column elementor-element elementor-element-d99694a\" data-id=\"d99694a\" data-element_type=\"column\" data-settings=\"{&quot;background_background&quot;:&quot;classic&quot;,&quot;animation&quot;:&quot;none&quot;}\">\n\t\t\t<div class=\"elementor-widget-wrap elementor-element-populated\">\n\t\t\t\t\t\t<div class=\"elementor-element elementor-element-82dd947 elementor-invisible elementor-widget elementor-widget-text-editor\" data-id=\"82dd947\" data-element_type=\"widget\" data-settings=\"{&quot;_animation&quot;:&quot;fadeInRight&quot;,&quot;_animation_tablet&quot;:&quot;fadeIn&quot;}\" data-widget_type=\"text-editor.default\">\n\t\t\t\t<div class=\"elementor-widget-container\">\n\t\t\t\t\t\t\t\t\t<p>Spiral binding is mainly used for desk or wall calendars and notebooks, where the pages are held together by a special spiral. It is not only practical but also economical. Our company uses a metal twin spiral, which is more elegant, more durable and holds thicker bundles securely together. Wall calendars can also be supplied with a hanger on request.<\/p>\t\t\t\t\t\t\t\t<\/div>\n\t\t\t\t<\/div>\n\t\t\t\t\t<\/div>\n\t\t<\/div>\n\t\t\t\t\t<\/div>\n\t\t<\/section>\n\t\t\t\t\t<\/div>\n\t\t<\/div>\n\t\t\t\t\t<\/div>\n\t\t<\/section>\n\t\t\t\t<section class=\"elementor-section elementor-top-section elementor-element elementor-element-7804577 elementor-section-boxed elementor-section-height-default elementor-section-height-default\" data-id=\"7804577\" data-element_type=\"section\">\n\t\t\t\t\t\t<div class=\"elementor-container elementor-column-gap-default\">\n\t\t\t\t\t<div class=\"elementor-column elementor-col-100 elementor-top-column elementor-element elementor-element-2dfaa8c\" data-id=\"2dfaa8c\" data-element_type=\"column\">\n\t\t\t<div class=\"elementor-widget-wrap elementor-element-populated\">\n\t\t\t\t\t\t<div class=\"elementor-element elementor-element-f32a7de elementor-invisible elementor-widget elementor-widget-heading\" data-id=\"f32a7de\" data-element_type=\"widget\" data-settings=\"{&quot;_animation&quot;:&quot;fadeIn&quot;,&quot;_animation_tablet&quot;:&quot;fadeIn&quot;}\" data-widget_type=\"heading.default\">\n\t\t\t\t<div class=\"elementor-widget-container\">\n\t\t\t\t\t<h3 class=\"elementor-heading-title elementor-size-default\">With our automatic spiral binding machines<br>we have a unique capacity on the Hungarian market.<\/h3>\t\t\t\t<\/div>\n\t\t\t\t<\/div>\n\t\t\t\t\t<\/div>\n\t\t<\/div>\n\t\t\t\t\t<\/div>\n\t\t<\/section>\n\t\t\t\t<section class=\"elementor-section elementor-top-section elementor-element elementor-element-1f751d2 elementor-section-boxed elementor-section-height-default elementor-section-height-default\" data-id=\"1f751d2\" data-element_type=\"section\">\n\t\t\t\t\t\t<div class=\"elementor-container elementor-column-gap-default\">\n\t\t\t\t\t<div class=\"elementor-column elementor-col-33 elementor-top-column elementor-element elementor-element-abcf43b\" data-id=\"abcf43b\" data-element_type=\"column\">\n\t\t\t<div class=\"elementor-widget-wrap elementor-element-populated\">\n\t\t\t\t\t\t<div class=\"elementor-element elementor-element-7496eee elementor-widget elementor-widget-image\" data-id=\"7496eee\" data-element_type=\"widget\" data-widget_type=\"image.default\">\n\t\t\t\t<div class=\"elementor-widget-container\">\n\t\t\t\t\t\t\t\t\t\t\t\t\t\t\t<img decoding=\"async\" width=\"800\" height=\"488\" src=\"https:\/\/www.stanckoteszet.eu\/wp-content\/uploads\/2024\/02\/Renz-Inline-500_webre_hatter-nelkul-1024x625.png\" class=\"attachment-large size-large wp-image-2697\" alt=\"Renz Inline 500\" srcset=\"https:\/\/www.stanckoteszet.eu\/wp-content\/uploads\/2024\/02\/Renz-Inline-500_webre_hatter-nelkul-1024x625.png 1024w, https:\/\/www.stanckoteszet.eu\/wp-content\/uploads\/2024\/02\/Renz-Inline-500_webre_hatter-nelkul-300x183.png 300w, https:\/\/www.stanckoteszet.eu\/wp-content\/uploads\/2024\/02\/Renz-Inline-500_webre_hatter-nelkul-768x469.png 768w, https:\/\/www.stanckoteszet.eu\/wp-content\/uploads\/2024\/02\/Renz-Inline-500_webre_hatter-nelkul-18x12.png 18w, https:\/\/www.stanckoteszet.eu\/wp-content\/uploads\/2024\/02\/Renz-Inline-500_webre_hatter-nelkul.png 1475w\" sizes=\"(max-width: 800px) 100vw, 800px\" \/>\t\t\t\t\t\t\t\t\t\t\t\t\t\t\t<\/div>\n\t\t\t\t<\/div>\n\t\t\t\t<div class=\"elementor-element elementor-element-b6e4a0f elementor-widget elementor-widget-text-editor\" data-id=\"b6e4a0f\" data-element_type=\"widget\" data-widget_type=\"text-editor.default\">\n\t\t\t\t<div class=\"elementor-widget-container\">\n\t\t\t\t\t\t\t\t\t<p><strong>RenczInline500<\/strong> wire binding machine with <strong>IL500ABLK <\/strong>punching unit<\/p>\t\t\t\t\t\t\t\t<\/div>\n\t\t\t\t<\/div>\n\t\t\t\t\t<\/div>\n\t\t<\/div>\n\t\t\t\t<div class=\"elementor-column elementor-col-33 elementor-top-column elementor-element elementor-element-c247057\" data-id=\"c247057\" data-element_type=\"column\">\n\t\t\t<div class=\"elementor-widget-wrap elementor-element-populated\">\n\t\t\t\t\t\t<div class=\"elementor-element elementor-element-adad08d elementor-widget elementor-widget-image\" data-id=\"adad08d\" data-element_type=\"widget\" data-widget_type=\"image.default\">\n\t\t\t\t<div class=\"elementor-widget-container\">\n\t\t\t\t\t\t\t\t\t\t\t\t\t\t\t<img decoding=\"async\" width=\"800\" height=\"488\" src=\"https:\/\/www.stanckoteszet.eu\/wp-content\/uploads\/2024\/02\/Ningbo-PBW-580-spiralozo-gep_hatter-nelkul-1024x625.png\" class=\"attachment-large size-large wp-image-2703\" alt=\"Ningbo PBW-580 spir\u00e1loz\u00f3 g\u00e9p\" srcset=\"https:\/\/www.stanckoteszet.eu\/wp-content\/uploads\/2024\/02\/Ningbo-PBW-580-spiralozo-gep_hatter-nelkul-1024x625.png 1024w, https:\/\/www.stanckoteszet.eu\/wp-content\/uploads\/2024\/02\/Ningbo-PBW-580-spiralozo-gep_hatter-nelkul-300x183.png 300w, https:\/\/www.stanckoteszet.eu\/wp-content\/uploads\/2024\/02\/Ningbo-PBW-580-spiralozo-gep_hatter-nelkul-768x469.png 768w, https:\/\/www.stanckoteszet.eu\/wp-content\/uploads\/2024\/02\/Ningbo-PBW-580-spiralozo-gep_hatter-nelkul-18x12.png 18w, https:\/\/www.stanckoteszet.eu\/wp-content\/uploads\/2024\/02\/Ningbo-PBW-580-spiralozo-gep_hatter-nelkul.png 1475w\" sizes=\"(max-width: 800px) 100vw, 800px\" \/>\t\t\t\t\t\t\t\t\t\t\t\t\t\t\t<\/div>\n\t\t\t\t<\/div>\n\t\t\t\t<div class=\"elementor-element elementor-element-bef9c88 elementor-widget elementor-widget-text-editor\" data-id=\"bef9c88\" data-element_type=\"widget\" data-widget_type=\"text-editor.default\">\n\t\t\t\t<div class=\"elementor-widget-container\">\n\t\t\t\t\t\t\t\t\t<p><strong>NINGBO PBW-580\/580S<\/strong> automatic punching unit and wire binding machine<\/p>\t\t\t\t\t\t\t\t<\/div>\n\t\t\t\t<\/div>\n\t\t\t\t\t<\/div>\n\t\t<\/div>\n\t\t\t\t<div class=\"elementor-column elementor-col-33 elementor-top-column elementor-element elementor-element-8584c3d\" data-id=\"8584c3d\" data-element_type=\"column\">\n\t\t\t<div class=\"elementor-widget-wrap elementor-element-populated\">\n\t\t\t\t\t\t<div class=\"elementor-element elementor-element-eeedd19 elementor-widget elementor-widget-image\" data-id=\"eeedd19\" data-element_type=\"widget\" data-widget_type=\"image.default\">\n\t\t\t\t<div class=\"elementor-widget-container\">\n\t\t\t\t\t\t\t\t\t\t\t\t\t\t\t<img loading=\"lazy\" decoding=\"async\" width=\"800\" height=\"488\" src=\"https:\/\/www.stanckoteszet.eu\/wp-content\/uploads\/2024\/02\/Renz-MOBI500-Felautomata-spiralozo_hatter-nelkul-1024x625.png\" class=\"attachment-large size-large wp-image-2707\" alt=\"Renz MOBI500 F\u00e9lautomata spir\u00e1loz\u00f3\" srcset=\"https:\/\/www.stanckoteszet.eu\/wp-content\/uploads\/2024\/02\/Renz-MOBI500-Felautomata-spiralozo_hatter-nelkul-1024x625.png 1024w, https:\/\/www.stanckoteszet.eu\/wp-content\/uploads\/2024\/02\/Renz-MOBI500-Felautomata-spiralozo_hatter-nelkul-300x183.png 300w, https:\/\/www.stanckoteszet.eu\/wp-content\/uploads\/2024\/02\/Renz-MOBI500-Felautomata-spiralozo_hatter-nelkul-768x469.png 768w, https:\/\/www.stanckoteszet.eu\/wp-content\/uploads\/2024\/02\/Renz-MOBI500-Felautomata-spiralozo_hatter-nelkul-18x12.png 18w, https:\/\/www.stanckoteszet.eu\/wp-content\/uploads\/2024\/02\/Renz-MOBI500-Felautomata-spiralozo_hatter-nelkul.png 1475w\" sizes=\"(max-width: 800px) 100vw, 800px\" \/>\t\t\t\t\t\t\t\t\t\t\t\t\t\t\t<\/div>\n\t\t\t\t<\/div>\n\t\t\t\t<div class=\"elementor-element elementor-element-98c5e90 elementor-widget elementor-widget-text-editor\" data-id=\"98c5e90\" data-element_type=\"widget\" data-widget_type=\"text-editor.default\">\n\t\t\t\t<div class=\"elementor-widget-container\">\n\t\t\t\t\t\t\t\t\t<p><strong>RENCZ MOBI 500 <\/strong>semi-automatic wire binding machine<\/p>\t\t\t\t\t\t\t\t<\/div>\n\t\t\t\t<\/div>\n\t\t\t\t\t<\/div>\n\t\t<\/div>\n\t\t\t\t\t<\/div>\n\t\t<\/section>\n\t\t\t\t<section class=\"elementor-section elementor-top-section elementor-element elementor-element-9be1d6a elementor-section-boxed elementor-section-height-default elementor-section-height-default\" data-id=\"9be1d6a\" data-element_type=\"section\">\n\t\t\t\t\t\t<div class=\"elementor-container elementor-column-gap-default\">\n\t\t\t\t\t<div class=\"elementor-column elementor-col-25 elementor-top-column elementor-element elementor-element-d5c1860\" data-id=\"d5c1860\" data-element_type=\"column\">\n\t\t\t<div class=\"elementor-widget-wrap\">\n\t\t\t\t\t\t\t<\/div>\n\t\t<\/div>\n\t\t\t\t<div class=\"elementor-column elementor-col-25 elementor-top-column elementor-element elementor-element-5fced8f\" data-id=\"5fced8f\" data-element_type=\"column\">\n\t\t\t<div class=\"elementor-widget-wrap elementor-element-populated\">\n\t\t\t\t\t\t<div class=\"elementor-element elementor-element-dce280c elementor-widget elementor-widget-image\" data-id=\"dce280c\" data-element_type=\"widget\" data-widget_type=\"image.default\">\n\t\t\t\t<div class=\"elementor-widget-container\">\n\t\t\t\t\t\t\t\t\t\t\t\t\t\t\t<img loading=\"lazy\" decoding=\"async\" width=\"800\" height=\"488\" src=\"https:\/\/www.stanckoteszet.eu\/wp-content\/uploads\/2024\/02\/Rilecard-lyukaszto-es-spiralozo-gepek_hatter-nelkul-1024x625.png\" class=\"attachment-large size-large wp-image-2711\" alt=\"Rilecard lyukaszt\u00f3 \u00e9s spir\u00e1loz\u00f3 g\u00e9pek\" srcset=\"https:\/\/www.stanckoteszet.eu\/wp-content\/uploads\/2024\/02\/Rilecard-lyukaszto-es-spiralozo-gepek_hatter-nelkul-1024x625.png 1024w, https:\/\/www.stanckoteszet.eu\/wp-content\/uploads\/2024\/02\/Rilecard-lyukaszto-es-spiralozo-gepek_hatter-nelkul-300x183.png 300w, https:\/\/www.stanckoteszet.eu\/wp-content\/uploads\/2024\/02\/Rilecard-lyukaszto-es-spiralozo-gepek_hatter-nelkul-768x469.png 768w, https:\/\/www.stanckoteszet.eu\/wp-content\/uploads\/2024\/02\/Rilecard-lyukaszto-es-spiralozo-gepek_hatter-nelkul-18x12.png 18w, https:\/\/www.stanckoteszet.eu\/wp-content\/uploads\/2024\/02\/Rilecard-lyukaszto-es-spiralozo-gepek_hatter-nelkul.png 1475w\" sizes=\"(max-width: 800px) 100vw, 800px\" \/>\t\t\t\t\t\t\t\t\t\t\t\t\t\t\t<\/div>\n\t\t\t\t<\/div>\n\t\t\t\t<div class=\"elementor-element elementor-element-e7a189f elementor-widget elementor-widget-text-editor\" data-id=\"e7a189f\" data-element_type=\"widget\" data-widget_type=\"text-editor.default\">\n\t\t\t\t<div class=\"elementor-widget-container\">\n\t\t\t\t\t\t\t\t\t<strong>RILECARD <\/strong>punching and wire binding machines for the production of spiral products with extra thickness (28 mm) or extra sizes (A1).\t\t\t\t\t\t\t\t<\/div>\n\t\t\t\t<\/div>\n\t\t\t\t\t<\/div>\n\t\t<\/div>\n\t\t\t\t<div class=\"elementor-column elementor-col-25 elementor-top-column elementor-element elementor-element-b0da45a\" data-id=\"b0da45a\" data-element_type=\"column\">\n\t\t\t<div class=\"elementor-widget-wrap elementor-element-populated\">\n\t\t\t\t\t\t<div class=\"elementor-element elementor-element-25b0e06 elementor-widget elementor-widget-image\" data-id=\"25b0e06\" data-element_type=\"widget\" data-widget_type=\"image.default\">\n\t\t\t\t<div class=\"elementor-widget-container\">\n\t\t\t\t\t\t\t\t\t\t\t\t\t\t\t<img loading=\"lazy\" decoding=\"async\" width=\"800\" height=\"488\" src=\"https:\/\/www.stanckoteszet.eu\/wp-content\/uploads\/2024\/02\/Horizon-Vac-1000-laposszehordo-gep_hatter-nelkul-1024x625.png\" class=\"attachment-large size-large wp-image-2715\" alt=\"Horizon Vac 1000 lap\u00f6sszehord\u00f3 g\u00e9p\" srcset=\"https:\/\/www.stanckoteszet.eu\/wp-content\/uploads\/2024\/02\/Horizon-Vac-1000-laposszehordo-gep_hatter-nelkul-1024x625.png 1024w, https:\/\/www.stanckoteszet.eu\/wp-content\/uploads\/2024\/02\/Horizon-Vac-1000-laposszehordo-gep_hatter-nelkul-300x183.png 300w, https:\/\/www.stanckoteszet.eu\/wp-content\/uploads\/2024\/02\/Horizon-Vac-1000-laposszehordo-gep_hatter-nelkul-768x469.png 768w, https:\/\/www.stanckoteszet.eu\/wp-content\/uploads\/2024\/02\/Horizon-Vac-1000-laposszehordo-gep_hatter-nelkul-18x12.png 18w, https:\/\/www.stanckoteszet.eu\/wp-content\/uploads\/2024\/02\/Horizon-Vac-1000-laposszehordo-gep_hatter-nelkul.png 1475w\" sizes=\"(max-width: 800px) 100vw, 800px\" \/>\t\t\t\t\t\t\t\t\t\t\t\t\t\t\t<\/div>\n\t\t\t\t<\/div>\n\t\t\t\t<div class=\"elementor-element elementor-element-7781a9a elementor-widget elementor-widget-text-editor\" data-id=\"7781a9a\" data-element_type=\"widget\" data-widget_type=\"text-editor.default\">\n\t\t\t\t<div class=\"elementor-widget-container\">\n\t\t\t\t\t\t\t\t\t<p><strong>HORIZON VAC 1000 <\/strong>two-tower collator<\/p>\t\t\t\t\t\t\t\t<\/div>\n\t\t\t\t<\/div>\n\t\t\t\t\t<\/div>\n\t\t<\/div>\n\t\t\t\t<div class=\"elementor-column elementor-col-25 elementor-top-column elementor-element elementor-element-e4a0c79\" data-id=\"e4a0c79\" data-element_type=\"column\">\n\t\t\t<div class=\"elementor-widget-wrap\">\n\t\t\t\t\t\t\t<\/div>\n\t\t<\/div>\n\t\t\t\t\t<\/div>\n\t\t<\/section>\n\t\t\t\t<section class=\"elementor-section elementor-top-section elementor-element elementor-element-0f8a901 elementor-section-boxed elementor-section-height-default elementor-section-height-default\" data-id=\"0f8a901\" data-element_type=\"section\" data-settings=\"{&quot;background_background&quot;:&quot;classic&quot;}\">\n\t\t\t\t\t\t<div class=\"elementor-container elementor-column-gap-default\">\n\t\t\t\t\t<div class=\"elementor-column elementor-col-100 elementor-top-column elementor-element elementor-element-d37b981\" data-id=\"d37b981\" data-element_type=\"column\">\n\t\t\t<div class=\"elementor-widget-wrap elementor-element-populated\">\n\t\t\t\t\t\t<div class=\"elementor-element elementor-element-f40b8f2 elementor-invisible elementor-widget elementor-widget-heading\" data-id=\"f40b8f2\" data-element_type=\"widget\" data-settings=\"{&quot;_animation&quot;:&quot;fadeIn&quot;,&quot;_animation_tablet&quot;:&quot;fadeIn&quot;}\" data-widget_type=\"heading.default\">\n\t\t\t\t<div class=\"elementor-widget-container\">\n\t\t\t\t\t<h2 class=\"elementor-heading-title elementor-size-default\">Our products<\/h2>\t\t\t\t<\/div>\n\t\t\t\t<\/div>\n\t\t\t\t\t<\/div>\n\t\t<\/div>\n\t\t\t\t\t<\/div>\n\t\t<\/section>\n\t\t\t\t<section class=\"elementor-section elementor-top-section elementor-element elementor-element-28d8412 elementor-section-boxed elementor-section-height-default elementor-section-height-default\" data-id=\"28d8412\" data-element_type=\"section\" data-settings=\"{&quot;background_background&quot;:&quot;classic&quot;}\">\n\t\t\t\t\t\t<div class=\"elementor-container elementor-column-gap-default\">\n\t\t\t\t\t<div class=\"elementor-column elementor-col-20 elementor-top-column elementor-element elementor-element-9bfdd2e\" data-id=\"9bfdd2e\" data-element_type=\"column\">\n\t\t\t<div class=\"elementor-widget-wrap\">\n\t\t\t\t\t\t\t<\/div>\n\t\t<\/div>\n\t\t\t\t<div class=\"elementor-column elementor-col-20 elementor-top-column elementor-element elementor-element-38a86fe\" data-id=\"38a86fe\" data-element_type=\"column\">\n\t\t\t<div class=\"elementor-widget-wrap elementor-element-populated\">\n\t\t\t\t\t\t<div class=\"elementor-element elementor-element-137be22 elementor-widget elementor-widget-image\" data-id=\"137be22\" data-element_type=\"widget\" data-widget_type=\"image.default\">\n\t\t\t\t<div class=\"elementor-widget-container\">\n\t\t\t\t\t\t\t\t\t\t\t\t\t\t\t<img loading=\"lazy\" decoding=\"async\" width=\"800\" height=\"533\" src=\"https:\/\/www.stanckoteszet.eu\/wp-content\/uploads\/2023\/12\/Spiralozas_minta2.png\" class=\"attachment-large size-large wp-image-2451\" alt=\"Spir\u00e1lozott napt\u00e1r\" srcset=\"https:\/\/www.stanckoteszet.eu\/wp-content\/uploads\/2023\/12\/Spiralozas_minta2.png 900w, https:\/\/www.stanckoteszet.eu\/wp-content\/uploads\/2023\/12\/Spiralozas_minta2-300x200.png 300w, https:\/\/www.stanckoteszet.eu\/wp-content\/uploads\/2023\/12\/Spiralozas_minta2-768x512.png 768w, https:\/\/www.stanckoteszet.eu\/wp-content\/uploads\/2023\/12\/Spiralozas_minta2-18x12.png 18w\" sizes=\"(max-width: 800px) 100vw, 800px\" \/>\t\t\t\t\t\t\t\t\t\t\t\t\t\t\t<\/div>\n\t\t\t\t<\/div>\n\t\t\t\t\t<\/div>\n\t\t<\/div>\n\t\t\t\t<div class=\"elementor-column elementor-col-20 elementor-top-column elementor-element elementor-element-fc260cd\" data-id=\"fc260cd\" data-element_type=\"column\">\n\t\t\t<div class=\"elementor-widget-wrap elementor-element-populated\">\n\t\t\t\t\t\t<div class=\"elementor-element elementor-element-c3a2051 elementor-widget elementor-widget-image\" data-id=\"c3a2051\" data-element_type=\"widget\" data-widget_type=\"image.default\">\n\t\t\t\t<div class=\"elementor-widget-container\">\n\t\t\t\t\t\t\t\t\t\t\t\t\t\t\t<img loading=\"lazy\" decoding=\"async\" width=\"800\" height=\"533\" src=\"https:\/\/www.stanckoteszet.eu\/wp-content\/uploads\/2023\/12\/Spiralozas_minta.png\" class=\"attachment-large size-large wp-image-2452\" alt=\"Spir\u00e1lozott kiadv\u00e1ny\" srcset=\"https:\/\/www.stanckoteszet.eu\/wp-content\/uploads\/2023\/12\/Spiralozas_minta.png 900w, https:\/\/www.stanckoteszet.eu\/wp-content\/uploads\/2023\/12\/Spiralozas_minta-300x200.png 300w, https:\/\/www.stanckoteszet.eu\/wp-content\/uploads\/2023\/12\/Spiralozas_minta-768x512.png 768w, https:\/\/www.stanckoteszet.eu\/wp-content\/uploads\/2023\/12\/Spiralozas_minta-18x12.png 18w\" sizes=\"(max-width: 800px) 100vw, 800px\" \/>\t\t\t\t\t\t\t\t\t\t\t\t\t\t\t<\/div>\n\t\t\t\t<\/div>\n\t\t\t\t\t<\/div>\n\t\t<\/div>\n\t\t\t\t<div class=\"elementor-column elementor-col-20 elementor-top-column elementor-element elementor-element-f51fc9b\" data-id=\"f51fc9b\" data-element_type=\"column\">\n\t\t\t<div class=\"elementor-widget-wrap elementor-element-populated\">\n\t\t\t\t\t\t<div class=\"elementor-element elementor-element-8680a37 elementor-widget elementor-widget-image\" data-id=\"8680a37\" data-element_type=\"widget\" data-widget_type=\"image.default\">\n\t\t\t\t<div class=\"elementor-widget-container\">\n\t\t\t\t\t\t\t\t\t\t\t\t\t\t\t<img loading=\"lazy\" decoding=\"async\" width=\"800\" height=\"533\" src=\"https:\/\/www.stanckoteszet.eu\/wp-content\/uploads\/2023\/12\/Spiralozas_minta3.png\" class=\"attachment-large size-large wp-image-2453\" alt=\"Spir\u00e1lozott kiadv\u00e1nyok\" srcset=\"https:\/\/www.stanckoteszet.eu\/wp-content\/uploads\/2023\/12\/Spiralozas_minta3.png 900w, https:\/\/www.stanckoteszet.eu\/wp-content\/uploads\/2023\/12\/Spiralozas_minta3-300x200.png 300w, https:\/\/www.stanckoteszet.eu\/wp-content\/uploads\/2023\/12\/Spiralozas_minta3-768x512.png 768w, https:\/\/www.stanckoteszet.eu\/wp-content\/uploads\/2023\/12\/Spiralozas_minta3-18x12.png 18w\" sizes=\"(max-width: 800px) 100vw, 800px\" \/>\t\t\t\t\t\t\t\t\t\t\t\t\t\t\t<\/div>\n\t\t\t\t<\/div>\n\t\t\t\t\t<\/div>\n\t\t<\/div>\n\t\t\t\t<div class=\"elementor-column elementor-col-20 elementor-top-column elementor-element elementor-element-6660277\" data-id=\"6660277\" data-element_type=\"column\">\n\t\t\t<div class=\"elementor-widget-wrap\">\n\t\t\t\t\t\t\t<\/div>\n\t\t<\/div>\n\t\t\t\t\t<\/div>\n\t\t<\/section>\n\t\t\t\t<\/div>","protected":false},"excerpt":{"rendered":"<p>Spir\u00e1loz\u00e1s A spir\u00e1loz\u00e1s legf\u0151k\u00e9pp asztali vagy falinapt\u00e1rakn\u00e1l \u00e9s f\u00fczetekn\u00e9l haszn\u00e1latos, ahol a lapokat speci\u00e1lis spir\u00e1l fogja \u00f6ssze. Nemcsak praktikus, de gazdas\u00e1gos is. C\u00e9g\u00fcnk f\u00e9m ikerspir\u00e1lt haszn\u00e1l, ami eleg\u00e1nsabb, tart\u00f3sabb \u00e9s a vastagabb k\u00f6tegeket is biztosan egyben tartja. A fali napt\u00e1rakat ig\u00e9ny szerint akaszt\u00f3 f\u00fcllel is ell\u00e1thatjuk. Automata spir\u00e1loz\u00f3 g\u00e9peink seg\u00edts\u00e9g\u00e9velegyed\u00fcl\u00e1ll\u00f3 kapacit\u00e1ssal rendelkez\u00fcnk a magyar piacon. [&hellip;]<\/p>","protected":false},"author":2,"featured_media":0,"parent":0,"menu_order":0,"comment_status":"closed","ping_status":"closed","template":"elementor_header_footer","meta":{"footnotes":""},"class_list":["post-1639","page","type-page","status-publish","hentry"],"_links":{"self":[{"href":"https:\/\/www.stanckoteszet.eu\/en\/wp-json\/wp\/v2\/pages\/1639","targetHints":{"allow":["GET"]}}],"collection":[{"href":"https:\/\/www.stanckoteszet.eu\/en\/wp-json\/wp\/v2\/pages"}],"about":[{"href":"https:\/\/www.stanckoteszet.eu\/en\/wp-json\/wp\/v2\/types\/page"}],"author":[{"embeddable":true,"href":"https:\/\/www.stanckoteszet.eu\/en\/wp-json\/wp\/v2\/users\/2"}],"replies":[{"embeddable":true,"href":"https:\/\/www.stanckoteszet.eu\/en\/wp-json\/wp\/v2\/comments?post=1639"}],"version-history":[{"count":103,"href":"https:\/\/www.stanckoteszet.eu\/en\/wp-json\/wp\/v2\/pages\/1639\/revisions"}],"predecessor-version":[{"id":2838,"href":"https:\/\/www.stanckoteszet.eu\/en\/wp-json\/wp\/v2\/pages\/1639\/revisions\/2838"}],"wp:attachment":[{"href":"https:\/\/www.stanckoteszet.eu\/en\/wp-json\/wp\/v2\/media?parent=1639"}],"curies":[{"name":"wp","href":"https:\/\/api.w.org\/{rel}","templated":true}]}}