{"id":601,"date":"2023-04-04T15:45:44","date_gmt":"2023-04-04T13:45:44","guid":{"rendered":"https:\/\/www.stanckoteszet.eu\/?page_id=601"},"modified":"2025-05-14T08:08:38","modified_gmt":"2025-05-14T06:08:38","slug":"foliazas","status":"publish","type":"page","link":"https:\/\/www.stanckoteszet.eu\/en\/foliazas\/","title":{"rendered":"Foiling"},"content":{"rendered":"<div data-elementor-type=\"wp-page\" data-elementor-id=\"601\" class=\"elementor elementor-601\" data-elementor-post-type=\"page\">\n\t\t\t\t\t\t<section class=\"elementor-section elementor-top-section elementor-element elementor-element-62b9401 elementor-section-boxed elementor-section-height-default elementor-section-height-default\" data-id=\"62b9401\" data-element_type=\"section\" data-settings=\"{&quot;background_background&quot;:&quot;classic&quot;}\">\n\t\t\t\t\t\t<div class=\"elementor-container elementor-column-gap-default\">\n\t\t\t\t\t<div class=\"elementor-column elementor-col-100 elementor-top-column elementor-element elementor-element-888a08c\" data-id=\"888a08c\" data-element_type=\"column\">\n\t\t\t<div class=\"elementor-widget-wrap elementor-element-populated\">\n\t\t\t\t\t\t<div class=\"elementor-element elementor-element-29587e3 elementor-widget elementor-widget-heading\" data-id=\"29587e3\" data-element_type=\"widget\" data-settings=\"{&quot;_animation&quot;:&quot;none&quot;,&quot;_animation_tablet&quot;:&quot;fadeIn&quot;}\" data-widget_type=\"heading.default\">\n\t\t\t\t<div class=\"elementor-widget-container\">\n\t\t\t\t\t<h1 class=\"elementor-heading-title elementor-size-default\">Foiling<\/h1>\t\t\t\t<\/div>\n\t\t\t\t<\/div>\n\t\t\t\t\t<\/div>\n\t\t<\/div>\n\t\t\t\t\t<\/div>\n\t\t<\/section>\n\t\t\t\t<section class=\"elementor-section elementor-top-section elementor-element elementor-element-0b67efb elementor-section-boxed elementor-section-height-default elementor-section-height-default\" data-id=\"0b67efb\" data-element_type=\"section\" data-settings=\"{&quot;background_background&quot;:&quot;classic&quot;}\">\n\t\t\t\t\t\t<div class=\"elementor-container elementor-column-gap-default\">\n\t\t\t\t\t<div class=\"elementor-column elementor-col-50 elementor-top-column elementor-element elementor-element-7f4700c elementor-invisible\" data-id=\"7f4700c\" data-element_type=\"column\" data-settings=\"{&quot;animation&quot;:&quot;fadeInLeft&quot;,&quot;animation_tablet&quot;:&quot;fadeIn&quot;}\">\n\t\t\t<div class=\"elementor-widget-wrap elementor-element-populated\">\n\t\t\t\t\t\t<div class=\"elementor-element elementor-element-616b660 elementor-widget elementor-widget-image\" data-id=\"616b660\" data-element_type=\"widget\" data-widget_type=\"image.default\">\n\t\t\t\t<div class=\"elementor-widget-container\">\n\t\t\t\t\t\t\t\t\t\t\t\t\t\t\t<img fetchpriority=\"high\" decoding=\"async\" width=\"800\" height=\"443\" src=\"https:\/\/www.stanckoteszet.eu\/wp-content\/uploads\/2023\/12\/Foliazas_hatter-nelkul.png\" class=\"attachment-large size-large wp-image-2353\" alt=\"Foiling\" srcset=\"https:\/\/www.stanckoteszet.eu\/wp-content\/uploads\/2023\/12\/Foliazas_hatter-nelkul.png 900w, https:\/\/www.stanckoteszet.eu\/wp-content\/uploads\/2023\/12\/Foliazas_hatter-nelkul-300x166.png 300w, https:\/\/www.stanckoteszet.eu\/wp-content\/uploads\/2023\/12\/Foliazas_hatter-nelkul-768x425.png 768w, https:\/\/www.stanckoteszet.eu\/wp-content\/uploads\/2023\/12\/Foliazas_hatter-nelkul-18x10.png 18w\" sizes=\"(max-width: 800px) 100vw, 800px\" \/>\t\t\t\t\t\t\t\t\t\t\t\t\t\t\t<\/div>\n\t\t\t\t<\/div>\n\t\t\t\t\t<\/div>\n\t\t<\/div>\n\t\t\t\t<div class=\"elementor-column elementor-col-50 elementor-top-column elementor-element elementor-element-81de473\" data-id=\"81de473\" data-element_type=\"column\">\n\t\t\t<div class=\"elementor-widget-wrap elementor-element-populated\">\n\t\t\t\t\t\t<section class=\"elementor-section elementor-inner-section elementor-element elementor-element-fbe6e54 elementor-section-boxed elementor-section-height-default elementor-section-height-default elementor-invisible\" data-id=\"fbe6e54\" data-element_type=\"section\" data-settings=\"{&quot;background_background&quot;:&quot;classic&quot;,&quot;animation&quot;:&quot;fadeIn&quot;}\">\n\t\t\t\t\t\t<div class=\"elementor-container elementor-column-gap-no\">\n\t\t\t\t\t<div class=\"elementor-column elementor-col-100 elementor-inner-column elementor-element elementor-element-d99694a\" data-id=\"d99694a\" data-element_type=\"column\" data-settings=\"{&quot;background_background&quot;:&quot;classic&quot;,&quot;animation&quot;:&quot;none&quot;}\">\n\t\t\t<div class=\"elementor-widget-wrap elementor-element-populated\">\n\t\t\t\t\t\t<div class=\"elementor-element elementor-element-82dd947 elementor-invisible elementor-widget elementor-widget-text-editor\" data-id=\"82dd947\" data-element_type=\"widget\" data-settings=\"{&quot;_animation&quot;:&quot;fadeInRight&quot;,&quot;_animation_tablet&quot;:&quot;fadeIn&quot;}\" data-widget_type=\"text-editor.default\">\n\t\t\t\t<div class=\"elementor-widget-container\">\n\t\t\t\t\t\t\t\t\t<p>Foiling technology is commonly used for the surface finishing of book covers, stickers, marketing materials where the foil has both a protective and a supportive function. The quality of BOPP films used can be glossy, matt, scratch resistant matt, structured, pearl, velvet effect soft-touch, and are laminated onto the surfaces by our two types of high capacity machines.<\/p>\t\t\t\t\t\t\t\t<\/div>\n\t\t\t\t<\/div>\n\t\t\t\t\t<\/div>\n\t\t<\/div>\n\t\t\t\t\t<\/div>\n\t\t<\/section>\n\t\t\t\t\t<\/div>\n\t\t<\/div>\n\t\t\t\t\t<\/div>\n\t\t<\/section>\n\t\t\t\t<section class=\"elementor-section elementor-top-section elementor-element elementor-element-9d5db25 elementor-section-boxed elementor-section-height-default elementor-section-height-default\" data-id=\"9d5db25\" data-element_type=\"section\">\n\t\t\t\t\t\t<div class=\"elementor-container elementor-column-gap-default\">\n\t\t\t\t\t<div class=\"elementor-column elementor-col-100 elementor-top-column elementor-element elementor-element-33b1f02\" data-id=\"33b1f02\" data-element_type=\"column\">\n\t\t\t<div class=\"elementor-widget-wrap elementor-element-populated\">\n\t\t\t\t\t\t<div class=\"elementor-element elementor-element-28aea72 elementor-invisible elementor-widget elementor-widget-heading\" data-id=\"28aea72\" data-element_type=\"widget\" data-settings=\"{&quot;_animation&quot;:&quot;fadeIn&quot;,&quot;_animation_tablet&quot;:&quot;fadeIn&quot;}\" data-widget_type=\"heading.default\">\n\t\t\t\t<div class=\"elementor-widget-container\">\n\t\t\t\t\t<h2 class=\"elementor-heading-title elementor-size-default\">Our machines<\/h2>\t\t\t\t<\/div>\n\t\t\t\t<\/div>\n\t\t\t\t\t<\/div>\n\t\t<\/div>\n\t\t\t\t\t<\/div>\n\t\t<\/section>\n\t\t\t\t<section class=\"elementor-section elementor-top-section elementor-element elementor-element-9cc861b elementor-section-boxed elementor-section-height-default elementor-section-height-default\" data-id=\"9cc861b\" data-element_type=\"section\">\n\t\t\t\t\t\t<div class=\"elementor-container elementor-column-gap-default\">\n\t\t\t\t\t<div class=\"elementor-column elementor-col-50 elementor-top-column elementor-element elementor-element-9d993fd\" data-id=\"9d993fd\" data-element_type=\"column\">\n\t\t\t<div class=\"elementor-widget-wrap elementor-element-populated\">\n\t\t\t\t\t\t<div class=\"elementor-element elementor-element-9a5a86a elementor-widget elementor-widget-heading\" data-id=\"9a5a86a\" data-element_type=\"widget\" data-widget_type=\"heading.default\">\n\t\t\t\t<div class=\"elementor-widget-container\">\n\t\t\t\t\t<h3 class=\"elementor-heading-title elementor-size-default\">Billhofer hot melt water glue laminating machine<\/h3>\t\t\t\t<\/div>\n\t\t\t\t<\/div>\n\t\t\t\t<div class=\"elementor-element elementor-element-77451ff elementor-widget elementor-widget-image\" data-id=\"77451ff\" data-element_type=\"widget\" data-widget_type=\"image.default\">\n\t\t\t\t<div class=\"elementor-widget-container\">\n\t\t\t\t\t\t\t\t\t\t\t\t\t\t\t<img decoding=\"async\" width=\"800\" height=\"490\" src=\"https:\/\/www.stanckoteszet.eu\/wp-content\/uploads\/2024\/02\/Bilhofer-JEK76-foliazo-gep_hatter-nelkul-1024x627.png\" class=\"attachment-large size-large wp-image-2663\" alt=\"Bilh\u00f6fer JEK76 f\u00f3li\u00e1z\u00f3 g\u00e9p\" srcset=\"https:\/\/www.stanckoteszet.eu\/wp-content\/uploads\/2024\/02\/Bilhofer-JEK76-foliazo-gep_hatter-nelkul-1024x627.png 1024w, https:\/\/www.stanckoteszet.eu\/wp-content\/uploads\/2024\/02\/Bilhofer-JEK76-foliazo-gep_hatter-nelkul-300x184.png 300w, https:\/\/www.stanckoteszet.eu\/wp-content\/uploads\/2024\/02\/Bilhofer-JEK76-foliazo-gep_hatter-nelkul-768x470.png 768w, https:\/\/www.stanckoteszet.eu\/wp-content\/uploads\/2024\/02\/Bilhofer-JEK76-foliazo-gep_hatter-nelkul-18x12.png 18w, https:\/\/www.stanckoteszet.eu\/wp-content\/uploads\/2024\/02\/Bilhofer-JEK76-foliazo-gep_hatter-nelkul.png 1294w\" sizes=\"(max-width: 800px) 100vw, 800px\" \/>\t\t\t\t\t\t\t\t\t\t\t\t\t\t\t<\/div>\n\t\t\t\t<\/div>\n\t\t\t\t<div class=\"elementor-element elementor-element-4e0b79f elementor-widget elementor-widget-text-editor\" data-id=\"4e0b79f\" data-element_type=\"widget\" data-widget_type=\"text-editor.default\">\n\t\t\t\t<div class=\"elementor-widget-container\">\n\t\t\t\t\t\t\t\t\t<p><strong>On the Billhofer JEK 76\/114 with <\/strong><strong> water glue hotmelt laminating<\/strong> maxim\u00e1lisan 1100&#215;720 mm m\u00e9ret\u0171 (100-400 g\/m<sup>2<\/sup>) \u00edveket lehet f\u00f3li\u00e1zni. <br \/>A speci\u00e1lis, r\u00e9sz\u00fcnkre kifejlesztett, nedvess\u00e9gz\u00e1r\u00f3 ragaszt\u00f3 r\u00e9teg\u00e9t, szab\u00e1lyozott vastags\u00e1gban vissz\u00fck fel a f\u00f3li\u00e1ra, majd a nedvess\u00e9gtartalom 80%-\u00e1t meleg dobon elp\u00e1rologtatva pr\u00e9selj\u00fck a nyomatokra.<\/p><p>The drying cylinder can be heated so that the so-called thermo films can be processed. The line is equipped with a dust removal device and a calendering machine.<\/p>\t\t\t\t\t\t\t\t<\/div>\n\t\t\t\t<\/div>\n\t\t\t\t\t<\/div>\n\t\t<\/div>\n\t\t\t\t<div class=\"elementor-column elementor-col-50 elementor-top-column elementor-element elementor-element-52a4de2\" data-id=\"52a4de2\" data-element_type=\"column\">\n\t\t\t<div class=\"elementor-widget-wrap elementor-element-populated\">\n\t\t\t\t\t\t<div class=\"elementor-element elementor-element-ad6fc1c elementor-widget elementor-widget-heading\" data-id=\"ad6fc1c\" data-element_type=\"widget\" data-widget_type=\"heading.default\">\n\t\t\t\t<div class=\"elementor-widget-container\">\n\t\t\t\t\t<h3 class=\"elementor-heading-title elementor-size-default\">SW-1050GL Automatic chain cutter laminator<\/h3>\t\t\t\t<\/div>\n\t\t\t\t<\/div>\n\t\t\t\t<div class=\"elementor-element elementor-element-3b873f2 elementor-widget elementor-widget-image\" data-id=\"3b873f2\" data-element_type=\"widget\" data-widget_type=\"image.default\">\n\t\t\t\t<div class=\"elementor-widget-container\">\n\t\t\t\t\t\t\t\t\t\t\t\t\t\t\t<img decoding=\"async\" width=\"800\" height=\"490\" src=\"https:\/\/www.stanckoteszet.eu\/wp-content\/uploads\/2024\/02\/SW-1050GL-foliazo-gep_hatter-nelkul-1024x627.png\" class=\"attachment-large size-large wp-image-2659\" alt=\"SW-1050GL f\u00f3li\u00e1z\u00f3 g\u00e9p\" srcset=\"https:\/\/www.stanckoteszet.eu\/wp-content\/uploads\/2024\/02\/SW-1050GL-foliazo-gep_hatter-nelkul-1024x627.png 1024w, https:\/\/www.stanckoteszet.eu\/wp-content\/uploads\/2024\/02\/SW-1050GL-foliazo-gep_hatter-nelkul-300x184.png 300w, https:\/\/www.stanckoteszet.eu\/wp-content\/uploads\/2024\/02\/SW-1050GL-foliazo-gep_hatter-nelkul-768x470.png 768w, https:\/\/www.stanckoteszet.eu\/wp-content\/uploads\/2024\/02\/SW-1050GL-foliazo-gep_hatter-nelkul-18x12.png 18w, https:\/\/www.stanckoteszet.eu\/wp-content\/uploads\/2024\/02\/SW-1050GL-foliazo-gep_hatter-nelkul.png 1294w\" sizes=\"(max-width: 800px) 100vw, 800px\" \/>\t\t\t\t\t\t\t\t\t\t\t\t\t\t\t<\/div>\n\t\t\t\t<\/div>\n\t\t\t\t<div class=\"elementor-element elementor-element-841744e elementor-widget elementor-widget-text-editor\" data-id=\"841744e\" data-element_type=\"widget\" data-widget_type=\"text-editor.default\">\n\t\t\t\t<div class=\"elementor-widget-container\">\n\t\t\t\t\t\t\t\t\t<p>The\u00a0<strong>SW-1050GL Automatic chain cutter laminator<\/strong>\u00a0 can apply a so-called thermo foil on a paper surface of up to 1050\u00d71240 mm.<\/p>\t\t\t\t\t\t\t\t<\/div>\n\t\t\t\t<\/div>\n\t\t\t\t\t<\/div>\n\t\t<\/div>\n\t\t\t\t\t<\/div>\n\t\t<\/section>\n\t\t\t\t<section class=\"elementor-section elementor-top-section elementor-element elementor-element-72aaa4c elementor-hidden-desktop elementor-hidden-tablet elementor-hidden-mobile elementor-section-boxed elementor-section-height-default elementor-section-height-default\" data-id=\"72aaa4c\" data-element_type=\"section\" data-settings=\"{&quot;background_background&quot;:&quot;classic&quot;}\">\n\t\t\t\t\t\t<div class=\"elementor-container elementor-column-gap-default\">\n\t\t\t\t\t<div class=\"elementor-column elementor-col-100 elementor-top-column elementor-element elementor-element-c16c58b\" data-id=\"c16c58b\" data-element_type=\"column\">\n\t\t\t<div class=\"elementor-widget-wrap elementor-element-populated\">\n\t\t\t\t\t\t<div class=\"elementor-element elementor-element-6b3055b elementor-invisible elementor-widget elementor-widget-heading\" data-id=\"6b3055b\" data-element_type=\"widget\" data-settings=\"{&quot;_animation&quot;:&quot;fadeIn&quot;,&quot;_animation_tablet&quot;:&quot;fadeIn&quot;}\" data-widget_type=\"heading.default\">\n\t\t\t\t<div class=\"elementor-widget-container\">\n\t\t\t\t\t<h2 class=\"elementor-heading-title elementor-size-default\">Our products<\/h2>\t\t\t\t<\/div>\n\t\t\t\t<\/div>\n\t\t\t\t\t<\/div>\n\t\t<\/div>\n\t\t\t\t\t<\/div>\n\t\t<\/section>\n\t\t\t\t<section class=\"elementor-section elementor-top-section elementor-element elementor-element-4f189bc elementor-hidden-desktop elementor-hidden-tablet elementor-hidden-mobile elementor-section-boxed elementor-section-height-default elementor-section-height-default\" data-id=\"4f189bc\" data-element_type=\"section\" data-settings=\"{&quot;background_background&quot;:&quot;classic&quot;}\">\n\t\t\t\t\t\t<div class=\"elementor-container elementor-column-gap-default\">\n\t\t\t\t\t<div class=\"elementor-column elementor-col-25 elementor-top-column elementor-element elementor-element-44b5092\" data-id=\"44b5092\" data-element_type=\"column\">\n\t\t\t<div class=\"elementor-widget-wrap elementor-element-populated\">\n\t\t\t\t\t\t<div class=\"elementor-element elementor-element-16f9728 elementor-widget elementor-widget-image\" data-id=\"16f9728\" data-element_type=\"widget\" data-widget_type=\"image.default\">\n\t\t\t\t<div class=\"elementor-widget-container\">\n\t\t\t\t\t\t\t\t\t\t\t\t\t\t\t<img decoding=\"async\" src=\"https:\/\/www.stanckoteszet.eu\/wp-content\/plugins\/elementor\/assets\/images\/placeholder.png\" title=\"\" alt=\"\" loading=\"lazy\" \/>\t\t\t\t\t\t\t\t\t\t\t\t\t\t\t<\/div>\n\t\t\t\t<\/div>\n\t\t\t\t\t<\/div>\n\t\t<\/div>\n\t\t\t\t<div class=\"elementor-column elementor-col-25 elementor-top-column elementor-element elementor-element-4e64c50\" data-id=\"4e64c50\" data-element_type=\"column\">\n\t\t\t<div class=\"elementor-widget-wrap elementor-element-populated\">\n\t\t\t\t\t\t<div class=\"elementor-element elementor-element-7728d98 elementor-widget elementor-widget-image\" data-id=\"7728d98\" data-element_type=\"widget\" data-widget_type=\"image.default\">\n\t\t\t\t<div class=\"elementor-widget-container\">\n\t\t\t\t\t\t\t\t\t\t\t\t\t\t\t<img decoding=\"async\" src=\"https:\/\/www.stanckoteszet.eu\/wp-content\/plugins\/elementor\/assets\/images\/placeholder.png\" title=\"\" alt=\"\" loading=\"lazy\" \/>\t\t\t\t\t\t\t\t\t\t\t\t\t\t\t<\/div>\n\t\t\t\t<\/div>\n\t\t\t\t\t<\/div>\n\t\t<\/div>\n\t\t\t\t<div class=\"elementor-column elementor-col-25 elementor-top-column elementor-element elementor-element-a95cfb2\" data-id=\"a95cfb2\" data-element_type=\"column\">\n\t\t\t<div class=\"elementor-widget-wrap elementor-element-populated\">\n\t\t\t\t\t\t<div class=\"elementor-element elementor-element-fd031b4 elementor-widget elementor-widget-image\" data-id=\"fd031b4\" data-element_type=\"widget\" data-widget_type=\"image.default\">\n\t\t\t\t<div class=\"elementor-widget-container\">\n\t\t\t\t\t\t\t\t\t\t\t\t\t\t\t<img decoding=\"async\" src=\"https:\/\/www.stanckoteszet.eu\/wp-content\/plugins\/elementor\/assets\/images\/placeholder.png\" title=\"\" alt=\"\" loading=\"lazy\" \/>\t\t\t\t\t\t\t\t\t\t\t\t\t\t\t<\/div>\n\t\t\t\t<\/div>\n\t\t\t\t\t<\/div>\n\t\t<\/div>\n\t\t\t\t<div class=\"elementor-column elementor-col-25 elementor-top-column elementor-element elementor-element-648f04d\" data-id=\"648f04d\" data-element_type=\"column\">\n\t\t\t<div class=\"elementor-widget-wrap elementor-element-populated\">\n\t\t\t\t\t\t<div class=\"elementor-element elementor-element-c09ea9d elementor-widget elementor-widget-image\" data-id=\"c09ea9d\" data-element_type=\"widget\" data-widget_type=\"image.default\">\n\t\t\t\t<div class=\"elementor-widget-container\">\n\t\t\t\t\t\t\t\t\t\t\t\t\t\t\t<img decoding=\"async\" src=\"https:\/\/www.stanckoteszet.eu\/wp-content\/plugins\/elementor\/assets\/images\/placeholder.png\" title=\"\" alt=\"\" loading=\"lazy\" \/>\t\t\t\t\t\t\t\t\t\t\t\t\t\t\t<\/div>\n\t\t\t\t<\/div>\n\t\t\t\t\t<\/div>\n\t\t<\/div>\n\t\t\t\t\t<\/div>\n\t\t<\/section>\n\t\t\t\t<\/div>","protected":false},"excerpt":{"rendered":"<p>F\u00f3li\u00e1z\u00e1s A f\u00f3li\u00e1z\u00e1si technol\u00f3gi\u00e1t \u00e1ltal\u00e1ban k\u00f6nyvbor\u00edt\u00f3k, matric\u00e1k, \u00edves term\u00e9kek fel\u00fcletnemes\u00edt\u00e9s\u00e9n\u00e9l alkalmazz\u00e1k ott, ahol a f\u00f3lia egy\u00fattal v\u00e9d\u0151 \u00e9s tart\u00f3 szerepet is bet\u00f6lt. A felhaszn\u00e1l\u00e1sra ker\u00fcl\u0151 BOPP f\u00f3li\u00e1k min\u0151s\u00e9ge f\u00e9nyes, matt, karc\u00e1ll\u00f3 matt, struktur\u00e1lt, pearl, b\u00e1rsonyhat\u00e1s\u00fa soft-touch lehet, melyeket k\u00e9tf\u00e9le nagy kapacit\u00e1s\u00fa g\u00e9p\u00fcnkkel kas\u00edrozunk a fel\u00fcletekre. G\u00e9peink Billh\u00f6fer diszperzi\u00f3s melegragaszt\u00f3 g\u00e9p A diszperzi\u00f3s melegragaszt\u00e1ssal m\u0171k\u00f6d\u0151 Billh\u00f6fer [&hellip;]<\/p>","protected":false},"author":2,"featured_media":0,"parent":0,"menu_order":0,"comment_status":"closed","ping_status":"closed","template":"elementor_header_footer","meta":{"footnotes":""},"class_list":["post-601","page","type-page","status-publish","hentry"],"_links":{"self":[{"href":"https:\/\/www.stanckoteszet.eu\/en\/wp-json\/wp\/v2\/pages\/601","targetHints":{"allow":["GET"]}}],"collection":[{"href":"https:\/\/www.stanckoteszet.eu\/en\/wp-json\/wp\/v2\/pages"}],"about":[{"href":"https:\/\/www.stanckoteszet.eu\/en\/wp-json\/wp\/v2\/types\/page"}],"author":[{"embeddable":true,"href":"https:\/\/www.stanckoteszet.eu\/en\/wp-json\/wp\/v2\/users\/2"}],"replies":[{"embeddable":true,"href":"https:\/\/www.stanckoteszet.eu\/en\/wp-json\/wp\/v2\/comments?post=601"}],"version-history":[{"count":201,"href":"https:\/\/www.stanckoteszet.eu\/en\/wp-json\/wp\/v2\/pages\/601\/revisions"}],"predecessor-version":[{"id":3030,"href":"https:\/\/www.stanckoteszet.eu\/en\/wp-json\/wp\/v2\/pages\/601\/revisions\/3030"}],"wp:attachment":[{"href":"https:\/\/www.stanckoteszet.eu\/en\/wp-json\/wp\/v2\/media?parent=601"}],"curies":[{"name":"wp","href":"https:\/\/api.w.org\/{rel}","templated":true}]}}