{"id":712,"date":"2023-04-05T16:28:06","date_gmt":"2023-04-05T14:28:06","guid":{"rendered":"https:\/\/www.stanckoteszet.eu\/?page_id=712"},"modified":"2026-04-10T16:33:24","modified_gmt":"2026-04-10T14:33:24","slug":"kemenytablas-koteszet","status":"publish","type":"page","link":"https:\/\/www.stanckoteszet.eu\/en\/kemenytablas-koteszet\/","title":{"rendered":"Hardcover bindery"},"content":{"rendered":"<div data-elementor-type=\"wp-page\" data-elementor-id=\"712\" class=\"elementor elementor-712\" data-elementor-post-type=\"page\">\n\t\t\t\t\t\t<section class=\"elementor-section elementor-top-section elementor-element elementor-element-34eabc1 elementor-section-boxed elementor-section-height-default elementor-section-height-default\" data-id=\"34eabc1\" data-element_type=\"section\" data-settings=\"{&quot;background_background&quot;:&quot;classic&quot;}\">\n\t\t\t\t\t\t<div class=\"elementor-container elementor-column-gap-default\">\n\t\t\t\t\t<div class=\"elementor-column elementor-col-100 elementor-top-column elementor-element elementor-element-fa6ef2d\" data-id=\"fa6ef2d\" data-element_type=\"column\">\n\t\t\t<div class=\"elementor-widget-wrap elementor-element-populated\">\n\t\t\t\t\t\t<div class=\"elementor-element elementor-element-b88bd42 elementor-widget elementor-widget-heading\" data-id=\"b88bd42\" data-element_type=\"widget\" data-settings=\"{&quot;_animation&quot;:&quot;none&quot;,&quot;_animation_tablet&quot;:&quot;fadeIn&quot;}\" data-widget_type=\"heading.default\">\n\t\t\t\t<div class=\"elementor-widget-container\">\n\t\t\t\t\t<h1 class=\"elementor-heading-title elementor-size-default\">Hardcover binding<\/h1>\t\t\t\t<\/div>\n\t\t\t\t<\/div>\n\t\t\t\t\t<\/div>\n\t\t<\/div>\n\t\t\t\t\t<\/div>\n\t\t<\/section>\n\t\t\t\t<section class=\"elementor-section elementor-top-section elementor-element elementor-element-9f71ed2 elementor-section-boxed elementor-section-height-default elementor-section-height-default\" data-id=\"9f71ed2\" data-element_type=\"section\" data-settings=\"{&quot;background_background&quot;:&quot;classic&quot;}\">\n\t\t\t\t\t\t<div class=\"elementor-container elementor-column-gap-default\">\n\t\t\t\t\t<div class=\"elementor-column elementor-col-50 elementor-top-column elementor-element elementor-element-e3ca481 elementor-invisible\" data-id=\"e3ca481\" data-element_type=\"column\" data-settings=\"{&quot;animation&quot;:&quot;fadeInLeft&quot;,&quot;animation_tablet&quot;:&quot;fadeIn&quot;}\">\n\t\t\t<div class=\"elementor-widget-wrap elementor-element-populated\">\n\t\t\t\t\t\t<div class=\"elementor-element elementor-element-be5a5db elementor-widget elementor-widget-image\" data-id=\"be5a5db\" data-element_type=\"widget\" data-widget_type=\"image.default\">\n\t\t\t\t<div class=\"elementor-widget-container\">\n\t\t\t\t\t\t\t\t\t\t\t\t\t\t\t<img fetchpriority=\"high\" decoding=\"async\" width=\"800\" height=\"460\" src=\"https:\/\/www.stanckoteszet.eu\/wp-content\/uploads\/2023\/12\/Kemenytabla_hatter-nelkul-1.png\" class=\"attachment-large size-large wp-image-2345\" alt=\"Stanck\u00f6t\u00e9szet kem\u00e9nyt\u00e1bla\" srcset=\"https:\/\/www.stanckoteszet.eu\/wp-content\/uploads\/2023\/12\/Kemenytabla_hatter-nelkul-1.png 907w, https:\/\/www.stanckoteszet.eu\/wp-content\/uploads\/2023\/12\/Kemenytabla_hatter-nelkul-1-300x172.png 300w, https:\/\/www.stanckoteszet.eu\/wp-content\/uploads\/2023\/12\/Kemenytabla_hatter-nelkul-1-768x441.png 768w, https:\/\/www.stanckoteszet.eu\/wp-content\/uploads\/2023\/12\/Kemenytabla_hatter-nelkul-1-18x10.png 18w\" sizes=\"(max-width: 800px) 100vw, 800px\" \/>\t\t\t\t\t\t\t\t\t\t\t\t\t\t\t<\/div>\n\t\t\t\t<\/div>\n\t\t\t\t\t<\/div>\n\t\t<\/div>\n\t\t\t\t<div class=\"elementor-column elementor-col-50 elementor-top-column elementor-element elementor-element-ed109f0\" data-id=\"ed109f0\" data-element_type=\"column\">\n\t\t\t<div class=\"elementor-widget-wrap elementor-element-populated\">\n\t\t\t\t\t\t<section class=\"elementor-section elementor-inner-section elementor-element elementor-element-9be962f elementor-section-boxed elementor-section-height-default elementor-section-height-default elementor-invisible\" data-id=\"9be962f\" data-element_type=\"section\" data-settings=\"{&quot;background_background&quot;:&quot;classic&quot;,&quot;animation&quot;:&quot;fadeIn&quot;}\">\n\t\t\t\t\t\t<div class=\"elementor-container elementor-column-gap-no\">\n\t\t\t\t\t<div class=\"elementor-column elementor-col-100 elementor-inner-column elementor-element elementor-element-2e6a95b\" data-id=\"2e6a95b\" data-element_type=\"column\" data-settings=\"{&quot;background_background&quot;:&quot;classic&quot;,&quot;animation&quot;:&quot;none&quot;}\">\n\t\t\t<div class=\"elementor-widget-wrap elementor-element-populated\">\n\t\t\t\t\t\t<div class=\"elementor-element elementor-element-16da507 elementor-invisible elementor-widget elementor-widget-text-editor\" data-id=\"16da507\" data-element_type=\"widget\" data-settings=\"{&quot;_animation&quot;:&quot;fadeInRight&quot;,&quot;_animation_tablet&quot;:&quot;fadeIn&quot;}\" data-widget_type=\"text-editor.default\">\n\t\t\t\t<div class=\"elementor-widget-container\">\n\t\t\t\t\t\t\t\t\t<p>Hardcover bookbinding is a relatively expensive but durable binding method. The book keeps its shape even after heavy use, so it is recommended for intensive use or for exclusive publications. During hardcover bookbinding, the inside pages are fixed together through thread-stitching or PUR gluing. The covers can be printed on 2\u20132.5\u20133.0 mm grey board with surface protection, artificial leather or canvas.<\/p>\t\t\t\t\t\t\t\t<\/div>\n\t\t\t\t<\/div>\n\t\t\t\t\t<\/div>\n\t\t<\/div>\n\t\t\t\t\t<\/div>\n\t\t<\/section>\n\t\t\t\t\t<\/div>\n\t\t<\/div>\n\t\t\t\t\t<\/div>\n\t\t<\/section>\n\t\t\t\t<section class=\"elementor-section elementor-top-section elementor-element elementor-element-9ec4db0 elementor-section-boxed elementor-section-height-default elementor-section-height-default\" data-id=\"9ec4db0\" data-element_type=\"section\" data-settings=\"{&quot;background_background&quot;:&quot;classic&quot;}\">\n\t\t\t\t\t\t<div class=\"elementor-container elementor-column-gap-default\">\n\t\t\t\t\t<div class=\"elementor-column elementor-col-100 elementor-top-column elementor-element elementor-element-dd7be56\" data-id=\"dd7be56\" data-element_type=\"column\">\n\t\t\t<div class=\"elementor-widget-wrap elementor-element-populated\">\n\t\t\t\t\t\t<div class=\"elementor-element elementor-element-c119e14 elementor-invisible elementor-widget elementor-widget-heading\" data-id=\"c119e14\" data-element_type=\"widget\" data-settings=\"{&quot;_animation&quot;:&quot;fadeIn&quot;,&quot;_animation_tablet&quot;:&quot;fadeIn&quot;}\" data-widget_type=\"heading.default\">\n\t\t\t\t<div class=\"elementor-widget-container\">\n\t\t\t\t\t<h2 class=\"elementor-heading-title elementor-size-default\">Our machines<\/h2>\t\t\t\t<\/div>\n\t\t\t\t<\/div>\n\t\t\t\t\t<\/div>\n\t\t<\/div>\n\t\t\t\t\t<\/div>\n\t\t<\/section>\n\t\t\t\t<section class=\"elementor-section elementor-top-section elementor-element elementor-element-edff3c9 elementor-section-boxed elementor-section-height-default elementor-section-height-default\" data-id=\"edff3c9\" data-element_type=\"section\">\n\t\t\t\t\t\t<div class=\"elementor-container elementor-column-gap-default\">\n\t\t\t\t\t<div class=\"elementor-column elementor-col-25 elementor-top-column elementor-element elementor-element-95727cd\" data-id=\"95727cd\" data-element_type=\"column\">\n\t\t\t<div class=\"elementor-widget-wrap elementor-element-populated\">\n\t\t\t\t\t\t<div class=\"elementor-element elementor-element-871faec elementor-widget elementor-widget-heading\" data-id=\"871faec\" data-element_type=\"widget\" data-widget_type=\"heading.default\">\n\t\t\t\t<div class=\"elementor-widget-container\">\n\t\t\t\t\t<h2 class=\"elementor-heading-title elementor-size-default\">Collator<\/h2>\t\t\t\t<\/div>\n\t\t\t\t<\/div>\n\t\t\t\t<div class=\"elementor-element elementor-element-99b052d elementor-widget elementor-widget-image\" data-id=\"99b052d\" data-element_type=\"widget\" data-widget_type=\"image.default\">\n\t\t\t\t<div class=\"elementor-widget-container\">\n\t\t\t\t\t\t\t\t\t\t\t\t\t\t\t<img decoding=\"async\" width=\"800\" height=\"448\" src=\"https:\/\/www.stanckoteszet.eu\/wp-content\/uploads\/2024\/02\/Muller-Martini-Osszehordogep_hatter-nelkul-1024x573.png\" class=\"attachment-large size-large wp-image-2667\" alt=\"M\u00fcller Martini \u00d6sszehord\u00f3g\u00e9p\" srcset=\"https:\/\/www.stanckoteszet.eu\/wp-content\/uploads\/2024\/02\/Muller-Martini-Osszehordogep_hatter-nelkul-1024x573.png 1024w, https:\/\/www.stanckoteszet.eu\/wp-content\/uploads\/2024\/02\/Muller-Martini-Osszehordogep_hatter-nelkul-300x168.png 300w, https:\/\/www.stanckoteszet.eu\/wp-content\/uploads\/2024\/02\/Muller-Martini-Osszehordogep_hatter-nelkul-768x430.png 768w, https:\/\/www.stanckoteszet.eu\/wp-content\/uploads\/2024\/02\/Muller-Martini-Osszehordogep_hatter-nelkul-1536x859.png 1536w, https:\/\/www.stanckoteszet.eu\/wp-content\/uploads\/2024\/02\/Muller-Martini-Osszehordogep_hatter-nelkul-18x10.png 18w, https:\/\/www.stanckoteszet.eu\/wp-content\/uploads\/2024\/02\/Muller-Martini-Osszehordogep_hatter-nelkul.png 1609w\" sizes=\"(max-width: 800px) 100vw, 800px\" \/>\t\t\t\t\t\t\t\t\t\t\t\t\t\t\t<\/div>\n\t\t\t\t<\/div>\n\t\t\t\t<div class=\"elementor-element elementor-element-fc04254 elementor-widget elementor-widget-text-editor\" data-id=\"fc04254\" data-element_type=\"widget\" data-widget_type=\"text-editor.default\">\n\t\t\t\t<div class=\"elementor-widget-container\">\n\t\t\t\t\t\t\t\t\t<p><strong>MM with 21 stations<\/strong><\/p><p>305*420 mm-es nyers m\u00e9ret\u0171 hajtott \u00edvek \u00f6sszehord\u00e1s\u00e1ra alkalmas.<\/p>\t\t\t\t\t\t\t\t<\/div>\n\t\t\t\t<\/div>\n\t\t\t\t\t<\/div>\n\t\t<\/div>\n\t\t\t\t<div class=\"elementor-column elementor-col-25 elementor-top-column elementor-element elementor-element-14c6965\" data-id=\"14c6965\" data-element_type=\"column\">\n\t\t\t<div class=\"elementor-widget-wrap elementor-element-populated\">\n\t\t\t\t\t\t<div class=\"elementor-element elementor-element-20c9ff6 elementor-widget elementor-widget-heading\" data-id=\"20c9ff6\" data-element_type=\"widget\" data-widget_type=\"heading.default\">\n\t\t\t\t<div class=\"elementor-widget-container\">\n\t\t\t\t\t<h3 class=\"elementor-heading-title elementor-size-default\">Sewn binding<\/h3>\t\t\t\t<\/div>\n\t\t\t\t<\/div>\n\t\t\t\t<div class=\"elementor-element elementor-element-6a4c788 elementor-widget elementor-widget-image\" data-id=\"6a4c788\" data-element_type=\"widget\" data-widget_type=\"image.default\">\n\t\t\t\t<div class=\"elementor-widget-container\">\n\t\t\t\t\t\t\t\t\t\t\t\t\t\t\t<img decoding=\"async\" width=\"800\" height=\"448\" src=\"https:\/\/www.stanckoteszet.eu\/wp-content\/uploads\/2024\/02\/ASTER-160-es-180-cernafuzo-gepek_hatter-nelkul-1024x573.png\" class=\"attachment-large size-large wp-image-2673\" alt=\"ASTER 160 \u00e9s 180 c\u00e9rnaf\u0171z\u0151 g\u00e9pek\" srcset=\"https:\/\/www.stanckoteszet.eu\/wp-content\/uploads\/2024\/02\/ASTER-160-es-180-cernafuzo-gepek_hatter-nelkul-1024x573.png 1024w, https:\/\/www.stanckoteszet.eu\/wp-content\/uploads\/2024\/02\/ASTER-160-es-180-cernafuzo-gepek_hatter-nelkul-300x168.png 300w, https:\/\/www.stanckoteszet.eu\/wp-content\/uploads\/2024\/02\/ASTER-160-es-180-cernafuzo-gepek_hatter-nelkul-768x430.png 768w, https:\/\/www.stanckoteszet.eu\/wp-content\/uploads\/2024\/02\/ASTER-160-es-180-cernafuzo-gepek_hatter-nelkul-1536x859.png 1536w, https:\/\/www.stanckoteszet.eu\/wp-content\/uploads\/2024\/02\/ASTER-160-es-180-cernafuzo-gepek_hatter-nelkul-18x10.png 18w, https:\/\/www.stanckoteszet.eu\/wp-content\/uploads\/2024\/02\/ASTER-160-es-180-cernafuzo-gepek_hatter-nelkul.png 1609w\" sizes=\"(max-width: 800px) 100vw, 800px\" \/>\t\t\t\t\t\t\t\t\t\t\t\t\t\t\t<\/div>\n\t\t\t\t<\/div>\n\t\t\t\t<div class=\"elementor-element elementor-element-1ed1087 elementor-widget elementor-widget-text-editor\" data-id=\"1ed1087\" data-element_type=\"widget\" data-widget_type=\"text-editor.default\">\n\t\t\t\t<div class=\"elementor-widget-container\">\n\t\t\t\t\t\t\t\t\t<p><strong>3 db ASTER (<\/strong>automatic book sewing machines (types 160, 180 and 220)<\/p><p><strong>Meccanotecnica NIPPING<\/strong> book block finishing system<\/p>\t\t\t\t\t\t\t\t<\/div>\n\t\t\t\t<\/div>\n\t\t\t\t\t<\/div>\n\t\t<\/div>\n\t\t\t\t<div class=\"elementor-column elementor-col-25 elementor-top-column elementor-element elementor-element-9f00a6d\" data-id=\"9f00a6d\" data-element_type=\"column\">\n\t\t\t<div class=\"elementor-widget-wrap elementor-element-populated\">\n\t\t\t\t\t\t<div class=\"elementor-element elementor-element-7386f08 elementor-widget elementor-widget-heading\" data-id=\"7386f08\" data-element_type=\"widget\" data-widget_type=\"heading.default\">\n\t\t\t\t<div class=\"elementor-widget-container\">\n\t\t\t\t\t<h3 class=\"elementor-heading-title elementor-size-default\">Casemaker<\/h3>\t\t\t\t<\/div>\n\t\t\t\t<\/div>\n\t\t\t\t<div class=\"elementor-element elementor-element-bf13c3b elementor-widget elementor-widget-image\" data-id=\"bf13c3b\" data-element_type=\"widget\" data-widget_type=\"image.default\">\n\t\t\t\t<div class=\"elementor-widget-container\">\n\t\t\t\t\t\t\t\t\t\t\t\t\t\t\t<img loading=\"lazy\" decoding=\"async\" width=\"800\" height=\"448\" src=\"https:\/\/www.stanckoteszet.eu\/wp-content\/uploads\/2024\/02\/DA-260-tablakeszito-gep_hatter-nelkul-1024x573.png\" class=\"attachment-large size-large wp-image-2677\" alt=\"DA 260 t\u00e1blak\u00e9sz\u00edt\u0151 g\u00e9p\" srcset=\"https:\/\/www.stanckoteszet.eu\/wp-content\/uploads\/2024\/02\/DA-260-tablakeszito-gep_hatter-nelkul-1024x573.png 1024w, https:\/\/www.stanckoteszet.eu\/wp-content\/uploads\/2024\/02\/DA-260-tablakeszito-gep_hatter-nelkul-300x168.png 300w, https:\/\/www.stanckoteszet.eu\/wp-content\/uploads\/2024\/02\/DA-260-tablakeszito-gep_hatter-nelkul-768x430.png 768w, https:\/\/www.stanckoteszet.eu\/wp-content\/uploads\/2024\/02\/DA-260-tablakeszito-gep_hatter-nelkul-1536x859.png 1536w, https:\/\/www.stanckoteszet.eu\/wp-content\/uploads\/2024\/02\/DA-260-tablakeszito-gep_hatter-nelkul-18x10.png 18w, https:\/\/www.stanckoteszet.eu\/wp-content\/uploads\/2024\/02\/DA-260-tablakeszito-gep_hatter-nelkul.png 1609w\" sizes=\"(max-width: 800px) 100vw, 800px\" \/>\t\t\t\t\t\t\t\t\t\t\t\t\t\t\t<\/div>\n\t\t\t\t<\/div>\n\t\t\t\t<div class=\"elementor-element elementor-element-77017da elementor-widget elementor-widget-text-editor\" data-id=\"77017da\" data-element_type=\"widget\" data-widget_type=\"text-editor.default\">\n\t\t\t\t<div class=\"elementor-widget-container\">\n\t\t\t\t\t\t\t\t\t<p><strong>Kolbus DA 260<\/strong><\/p>\t\t\t\t\t\t\t\t<\/div>\n\t\t\t\t<\/div>\n\t\t\t\t\t<\/div>\n\t\t<\/div>\n\t\t\t\t<div class=\"elementor-column elementor-col-25 elementor-top-column elementor-element elementor-element-6f4454d\" data-id=\"6f4454d\" data-element_type=\"column\">\n\t\t\t<div class=\"elementor-widget-wrap elementor-element-populated\">\n\t\t\t\t\t\t<div class=\"elementor-element elementor-element-1dfa89a elementor-widget elementor-widget-heading\" data-id=\"1dfa89a\" data-element_type=\"widget\" data-widget_type=\"heading.default\">\n\t\t\t\t<div class=\"elementor-widget-container\">\n\t\t\t\t\t<h3 class=\"elementor-heading-title elementor-size-default\">Book production line<\/h3>\t\t\t\t<\/div>\n\t\t\t\t<\/div>\n\t\t\t\t<div class=\"elementor-element elementor-element-24defb7 elementor-widget elementor-widget-image\" data-id=\"24defb7\" data-element_type=\"widget\" data-widget_type=\"image.default\">\n\t\t\t\t<div class=\"elementor-widget-container\">\n\t\t\t\t\t\t\t\t\t\t\t\t\t\t\t<img loading=\"lazy\" decoding=\"async\" width=\"800\" height=\"448\" src=\"https:\/\/www.stanckoteszet.eu\/wp-content\/uploads\/2024\/02\/RF-700-konyvtest-keszito-gep_hatter-nelkul-1024x573.png\" class=\"attachment-large size-large wp-image-2681\" alt=\"RF 700 k\u00f6nyvtest k\u00e9sz\u00edt\u0151 g\u00e9p\" srcset=\"https:\/\/www.stanckoteszet.eu\/wp-content\/uploads\/2024\/02\/RF-700-konyvtest-keszito-gep_hatter-nelkul-1024x573.png 1024w, https:\/\/www.stanckoteszet.eu\/wp-content\/uploads\/2024\/02\/RF-700-konyvtest-keszito-gep_hatter-nelkul-300x168.png 300w, https:\/\/www.stanckoteszet.eu\/wp-content\/uploads\/2024\/02\/RF-700-konyvtest-keszito-gep_hatter-nelkul-768x430.png 768w, https:\/\/www.stanckoteszet.eu\/wp-content\/uploads\/2024\/02\/RF-700-konyvtest-keszito-gep_hatter-nelkul-1536x859.png 1536w, https:\/\/www.stanckoteszet.eu\/wp-content\/uploads\/2024\/02\/RF-700-konyvtest-keszito-gep_hatter-nelkul-18x10.png 18w, https:\/\/www.stanckoteszet.eu\/wp-content\/uploads\/2024\/02\/RF-700-konyvtest-keszito-gep_hatter-nelkul.png 1609w\" sizes=\"(max-width: 800px) 100vw, 800px\" \/>\t\t\t\t\t\t\t\t\t\t\t\t\t\t\t<\/div>\n\t\t\t\t<\/div>\n\t\t\t\t<div class=\"elementor-element elementor-element-7a8e5ec elementor-widget elementor-widget-text-editor\" data-id=\"7a8e5ec\" data-element_type=\"widget\" data-widget_type=\"text-editor.default\">\n\t\t\t\t<div class=\"elementor-widget-container\">\n\t\t\t\t\t\t\t\t\t<p><strong>RF 700 <\/strong>backgluing and backlining machine<\/p><p><strong>Kolbus HD130 <\/strong><\/br>three-knife cutting machine<br \/>spine forming units and<\/p><p><strong>Kolbus BF513 <\/strong>casing-in line<\/p>\t\t\t\t\t\t\t\t<\/div>\n\t\t\t\t<\/div>\n\t\t\t\t\t<\/div>\n\t\t<\/div>\n\t\t\t\t\t<\/div>\n\t\t<\/section>\n\t\t\t\t<section class=\"elementor-section elementor-top-section elementor-element elementor-element-a1b2642 elementor-section-boxed elementor-section-height-default elementor-section-height-default\" data-id=\"a1b2642\" data-element_type=\"section\" data-settings=\"{&quot;background_background&quot;:&quot;classic&quot;}\">\n\t\t\t\t\t\t<div class=\"elementor-container elementor-column-gap-default\">\n\t\t\t\t\t<div class=\"elementor-column elementor-col-100 elementor-top-column elementor-element elementor-element-125c640\" data-id=\"125c640\" data-element_type=\"column\">\n\t\t\t<div class=\"elementor-widget-wrap elementor-element-populated\">\n\t\t\t\t\t\t<div class=\"elementor-element elementor-element-42874fa elementor-invisible elementor-widget elementor-widget-heading\" data-id=\"42874fa\" data-element_type=\"widget\" data-settings=\"{&quot;_animation&quot;:&quot;fadeIn&quot;,&quot;_animation_tablet&quot;:&quot;fadeIn&quot;}\" data-widget_type=\"heading.default\">\n\t\t\t\t<div class=\"elementor-widget-container\">\n\t\t\t\t\t<h2 class=\"elementor-heading-title elementor-size-default\">Our products<\/h2>\t\t\t\t<\/div>\n\t\t\t\t<\/div>\n\t\t\t\t\t<\/div>\n\t\t<\/div>\n\t\t\t\t\t<\/div>\n\t\t<\/section>\n\t\t\t\t<section class=\"elementor-section elementor-top-section elementor-element elementor-element-4430866 elementor-section-boxed elementor-section-height-default elementor-section-height-default\" data-id=\"4430866\" data-element_type=\"section\" data-settings=\"{&quot;background_background&quot;:&quot;classic&quot;,&quot;background_motion_fx_motion_fx_mouse&quot;:&quot;yes&quot;}\">\n\t\t\t\t\t\t<div class=\"elementor-container elementor-column-gap-default\">\n\t\t\t\t\t<div class=\"elementor-column elementor-col-25 elementor-top-column elementor-element elementor-element-dc68c86\" data-id=\"dc68c86\" data-element_type=\"column\">\n\t\t\t<div class=\"elementor-widget-wrap elementor-element-populated\">\n\t\t\t\t\t\t<div class=\"elementor-element elementor-element-46fce4d elementor-widget elementor-widget-image\" data-id=\"46fce4d\" data-element_type=\"widget\" data-widget_type=\"image.default\">\n\t\t\t\t<div class=\"elementor-widget-container\">\n\t\t\t\t\t\t\t\t\t\t\t\t\t\t\t<img loading=\"lazy\" decoding=\"async\" width=\"800\" height=\"555\" src=\"https:\/\/www.stanckoteszet.eu\/wp-content\/uploads\/2023\/12\/Kezi-koteszet-hatter-nelkul.png\" class=\"attachment-large size-large wp-image-2378\" alt=\"Kem\u00e9nyt\u00e1bl\u00e1s k\u00f6nyv\" srcset=\"https:\/\/www.stanckoteszet.eu\/wp-content\/uploads\/2023\/12\/Kezi-koteszet-hatter-nelkul.png 1000w, https:\/\/www.stanckoteszet.eu\/wp-content\/uploads\/2023\/12\/Kezi-koteszet-hatter-nelkul-300x208.png 300w, https:\/\/www.stanckoteszet.eu\/wp-content\/uploads\/2023\/12\/Kezi-koteszet-hatter-nelkul-768x533.png 768w, https:\/\/www.stanckoteszet.eu\/wp-content\/uploads\/2023\/12\/Kezi-koteszet-hatter-nelkul-18x12.png 18w\" sizes=\"(max-width: 800px) 100vw, 800px\" \/>\t\t\t\t\t\t\t\t\t\t\t\t\t\t\t<\/div>\n\t\t\t\t<\/div>\n\t\t\t\t\t<\/div>\n\t\t<\/div>\n\t\t\t\t<div class=\"elementor-column elementor-col-25 elementor-top-column elementor-element elementor-element-df9c5f0\" data-id=\"df9c5f0\" data-element_type=\"column\">\n\t\t\t<div class=\"elementor-widget-wrap elementor-element-populated\">\n\t\t\t\t\t\t<div class=\"elementor-element elementor-element-fd757a9 elementor-widget elementor-widget-image\" data-id=\"fd757a9\" data-element_type=\"widget\" data-widget_type=\"image.default\">\n\t\t\t\t<div class=\"elementor-widget-container\">\n\t\t\t\t\t\t\t\t\t\t\t\t\t\t\t<img loading=\"lazy\" decoding=\"async\" width=\"800\" height=\"533\" src=\"https:\/\/www.stanckoteszet.eu\/wp-content\/uploads\/2023\/12\/Kemenytabla_vedoborito.png\" class=\"attachment-large size-large wp-image-2460\" alt=\"Kem\u00e9nyt\u00e1bla v\u00e9d\u0151bor\u00edt\u00f3val\" srcset=\"https:\/\/www.stanckoteszet.eu\/wp-content\/uploads\/2023\/12\/Kemenytabla_vedoborito.png 900w, https:\/\/www.stanckoteszet.eu\/wp-content\/uploads\/2023\/12\/Kemenytabla_vedoborito-300x200.png 300w, https:\/\/www.stanckoteszet.eu\/wp-content\/uploads\/2023\/12\/Kemenytabla_vedoborito-768x512.png 768w, https:\/\/www.stanckoteszet.eu\/wp-content\/uploads\/2023\/12\/Kemenytabla_vedoborito-18x12.png 18w\" sizes=\"(max-width: 800px) 100vw, 800px\" \/>\t\t\t\t\t\t\t\t\t\t\t\t\t\t\t<\/div>\n\t\t\t\t<\/div>\n\t\t\t\t\t<\/div>\n\t\t<\/div>\n\t\t\t\t<div class=\"elementor-column elementor-col-25 elementor-top-column elementor-element elementor-element-e13ae03\" data-id=\"e13ae03\" data-element_type=\"column\">\n\t\t\t<div class=\"elementor-widget-wrap elementor-element-populated\">\n\t\t\t\t\t\t<div class=\"elementor-element elementor-element-28d0f7e elementor-widget elementor-widget-image\" data-id=\"28d0f7e\" data-element_type=\"widget\" data-widget_type=\"image.default\">\n\t\t\t\t<div class=\"elementor-widget-container\">\n\t\t\t\t\t\t\t\t\t\t\t\t\t\t\t<img loading=\"lazy\" decoding=\"async\" width=\"800\" height=\"533\" src=\"https:\/\/www.stanckoteszet.eu\/wp-content\/uploads\/2023\/12\/Kemenytabla_csatater.png\" class=\"attachment-large size-large wp-image-2462\" alt=\"Kem\u00e9nyt\u00e1bl\u00e1s k\u00f6nyv\" srcset=\"https:\/\/www.stanckoteszet.eu\/wp-content\/uploads\/2023\/12\/Kemenytabla_csatater.png 900w, https:\/\/www.stanckoteszet.eu\/wp-content\/uploads\/2023\/12\/Kemenytabla_csatater-300x200.png 300w, https:\/\/www.stanckoteszet.eu\/wp-content\/uploads\/2023\/12\/Kemenytabla_csatater-768x512.png 768w, https:\/\/www.stanckoteszet.eu\/wp-content\/uploads\/2023\/12\/Kemenytabla_csatater-18x12.png 18w\" sizes=\"(max-width: 800px) 100vw, 800px\" \/>\t\t\t\t\t\t\t\t\t\t\t\t\t\t\t<\/div>\n\t\t\t\t<\/div>\n\t\t\t\t\t<\/div>\n\t\t<\/div>\n\t\t\t\t<div class=\"elementor-column elementor-col-25 elementor-top-column elementor-element elementor-element-092d7ff\" data-id=\"092d7ff\" data-element_type=\"column\">\n\t\t\t<div class=\"elementor-widget-wrap elementor-element-populated\">\n\t\t\t\t\t\t<div class=\"elementor-element elementor-element-fecc0b1 elementor-widget elementor-widget-image\" data-id=\"fecc0b1\" data-element_type=\"widget\" data-widget_type=\"image.default\">\n\t\t\t\t<div class=\"elementor-widget-container\">\n\t\t\t\t\t\t\t\t\t\t\t\t\t\t\t<img loading=\"lazy\" decoding=\"async\" width=\"800\" height=\"533\" src=\"https:\/\/www.stanckoteszet.eu\/wp-content\/uploads\/2023\/12\/Kemenytabla_cerna.png\" class=\"attachment-large size-large wp-image-2463\" alt=\"C\u00e9rnaf\u0171z\u00f6tt k\u00f6nyv\" srcset=\"https:\/\/www.stanckoteszet.eu\/wp-content\/uploads\/2023\/12\/Kemenytabla_cerna.png 900w, https:\/\/www.stanckoteszet.eu\/wp-content\/uploads\/2023\/12\/Kemenytabla_cerna-300x200.png 300w, https:\/\/www.stanckoteszet.eu\/wp-content\/uploads\/2023\/12\/Kemenytabla_cerna-768x512.png 768w, https:\/\/www.stanckoteszet.eu\/wp-content\/uploads\/2023\/12\/Kemenytabla_cerna-18x12.png 18w\" sizes=\"(max-width: 800px) 100vw, 800px\" \/>\t\t\t\t\t\t\t\t\t\t\t\t\t\t\t<\/div>\n\t\t\t\t<\/div>\n\t\t\t\t\t<\/div>\n\t\t<\/div>\n\t\t\t\t\t<\/div>\n\t\t<\/section>\n\t\t\t\t<\/div>","protected":false},"excerpt":{"rendered":"<p>Kem\u00e9nyt\u00e1bl\u00e1s k\u00f6t\u00e9s A kem\u00e9nyt\u00e1bl\u00e1s k\u00f6nyvk\u00f6t\u00e9s viszonylag k\u00f6lts\u00e9ges, de tart\u00f3s k\u00f6t\u00e9si m\u00f3d.A k\u00f6nyv nagyobb haszn\u00e1lat mellett is megtartja form\u00e1j\u00e1t, \u00edgy intenz\u00edv ig\u00e9nybev\u00e9telhez, vagy exkluz\u00edv kiadv\u00e1nyok el\u0151\u00e1ll\u00edt\u00e1s\u00e1hoz javasoljuk.A kem\u00e9nyt\u00e1bl\u00e1s k\u00f6nyvk\u00f6t\u00e9s sor\u00e1n a bel\u00edvek c\u00e9rnaf\u0171z\u00e9ssel, vagy PUR ragaszt\u00e1ssal r\u00f6gz\u00fclnek egym\u00e1shoz. A bor\u00edt\u00f3t\u00e1bla 2-2,5-3,0 mm-es sz\u00fcrkelemezre kas\u00edrozott, fel\u00fcletv\u00e9delemmel ell\u00e1tott nyomott \u00edv, m\u0171b\u0151r vagy v\u00e1szon lehet. G\u00e9peink\u200b \u00d6sszehord\u00f3g\u00e9p MM 21 [&hellip;]<\/p>","protected":false},"author":2,"featured_media":0,"parent":0,"menu_order":0,"comment_status":"closed","ping_status":"closed","template":"elementor_header_footer","meta":{"footnotes":""},"class_list":["post-712","page","type-page","status-publish","hentry"],"_links":{"self":[{"href":"https:\/\/www.stanckoteszet.eu\/en\/wp-json\/wp\/v2\/pages\/712","targetHints":{"allow":["GET"]}}],"collection":[{"href":"https:\/\/www.stanckoteszet.eu\/en\/wp-json\/wp\/v2\/pages"}],"about":[{"href":"https:\/\/www.stanckoteszet.eu\/en\/wp-json\/wp\/v2\/types\/page"}],"author":[{"embeddable":true,"href":"https:\/\/www.stanckoteszet.eu\/en\/wp-json\/wp\/v2\/users\/2"}],"replies":[{"embeddable":true,"href":"https:\/\/www.stanckoteszet.eu\/en\/wp-json\/wp\/v2\/comments?post=712"}],"version-history":[{"count":280,"href":"https:\/\/www.stanckoteszet.eu\/en\/wp-json\/wp\/v2\/pages\/712\/revisions"}],"predecessor-version":[{"id":3054,"href":"https:\/\/www.stanckoteszet.eu\/en\/wp-json\/wp\/v2\/pages\/712\/revisions\/3054"}],"wp:attachment":[{"href":"https:\/\/www.stanckoteszet.eu\/en\/wp-json\/wp\/v2\/media?parent=712"}],"curies":[{"name":"wp","href":"https:\/\/api.w.org\/{rel}","templated":true}]}}