{"id":996,"date":"2023-05-12T15:02:18","date_gmt":"2023-05-12T13:02:18","guid":{"rendered":"https:\/\/www.stanckoteszet.eu\/?page_id=996"},"modified":"2024-06-25T12:03:53","modified_gmt":"2024-06-25T10:03:53","slug":"kartonalt-kiadvanyok-koteszete","status":"publish","type":"page","link":"https:\/\/www.stanckoteszet.eu\/en\/kartonalt-kiadvanyok-koteszete\/","title":{"rendered":"Karton\u00e1lt kiadv\u00e1nyok k\u00f6t\u00e9szete"},"content":{"rendered":"<div data-elementor-type=\"wp-page\" data-elementor-id=\"996\" class=\"elementor elementor-996\" data-elementor-post-type=\"page\">\n\t\t\t\t\t\t<section class=\"elementor-section elementor-top-section elementor-element elementor-element-62b9401 elementor-section-boxed elementor-section-height-default elementor-section-height-default\" data-id=\"62b9401\" data-element_type=\"section\" data-settings=\"{&quot;background_background&quot;:&quot;classic&quot;}\">\n\t\t\t\t\t\t<div class=\"elementor-container elementor-column-gap-default\">\n\t\t\t\t\t<div class=\"elementor-column elementor-col-100 elementor-top-column elementor-element elementor-element-888a08c\" data-id=\"888a08c\" data-element_type=\"column\">\n\t\t\t<div class=\"elementor-widget-wrap elementor-element-populated\">\n\t\t\t\t\t\t<div class=\"elementor-element elementor-element-29587e3 elementor-widget elementor-widget-heading\" data-id=\"29587e3\" data-element_type=\"widget\" data-settings=\"{&quot;_animation&quot;:&quot;none&quot;,&quot;_animation_tablet&quot;:&quot;fadeIn&quot;}\" data-widget_type=\"heading.default\">\n\t\t\t\t<div class=\"elementor-widget-container\">\n\t\t\t\t\t<h1 class=\"elementor-heading-title elementor-size-default\">Paperback publications<\/h1>\t\t\t\t<\/div>\n\t\t\t\t<\/div>\n\t\t\t\t\t<\/div>\n\t\t<\/div>\n\t\t\t\t\t<\/div>\n\t\t<\/section>\n\t\t\t\t<section class=\"elementor-section elementor-top-section elementor-element elementor-element-0b67efb elementor-section-boxed elementor-section-height-default elementor-section-height-default\" data-id=\"0b67efb\" data-element_type=\"section\" data-settings=\"{&quot;background_background&quot;:&quot;classic&quot;}\">\n\t\t\t\t\t\t<div class=\"elementor-container elementor-column-gap-default\">\n\t\t\t\t\t<div class=\"elementor-column elementor-col-50 elementor-top-column elementor-element elementor-element-7f4700c elementor-invisible\" data-id=\"7f4700c\" data-element_type=\"column\" data-settings=\"{&quot;animation&quot;:&quot;fadeInLeft&quot;,&quot;animation_tablet&quot;:&quot;fadeIn&quot;}\">\n\t\t\t<div class=\"elementor-widget-wrap elementor-element-populated\">\n\t\t\t\t\t\t<div class=\"elementor-element elementor-element-f22f0df elementor-widget elementor-widget-image\" data-id=\"f22f0df\" data-element_type=\"widget\" data-widget_type=\"image.default\">\n\t\t\t\t<div class=\"elementor-widget-container\">\n\t\t\t\t\t\t\t\t\t\t\t\t\t\t\t<img fetchpriority=\"high\" decoding=\"async\" width=\"800\" height=\"533\" src=\"https:\/\/www.stanckoteszet.eu\/wp-content\/uploads\/2023\/12\/Kartonalt-konyvek.png\" class=\"attachment-large size-large wp-image-2420\" alt=\"Karton\u00e1lt k\u00f6nyvek\" srcset=\"https:\/\/www.stanckoteszet.eu\/wp-content\/uploads\/2023\/12\/Kartonalt-konyvek.png 900w, https:\/\/www.stanckoteszet.eu\/wp-content\/uploads\/2023\/12\/Kartonalt-konyvek-300x200.png 300w, https:\/\/www.stanckoteszet.eu\/wp-content\/uploads\/2023\/12\/Kartonalt-konyvek-768x512.png 768w, https:\/\/www.stanckoteszet.eu\/wp-content\/uploads\/2023\/12\/Kartonalt-konyvek-18x12.png 18w\" sizes=\"(max-width: 800px) 100vw, 800px\" \/>\t\t\t\t\t\t\t\t\t\t\t\t\t\t\t<\/div>\n\t\t\t\t<\/div>\n\t\t\t\t\t<\/div>\n\t\t<\/div>\n\t\t\t\t<div class=\"elementor-column elementor-col-50 elementor-top-column elementor-element elementor-element-81de473\" data-id=\"81de473\" data-element_type=\"column\">\n\t\t\t<div class=\"elementor-widget-wrap elementor-element-populated\">\n\t\t\t\t\t\t<div class=\"elementor-element elementor-element-82dd947 elementor-invisible elementor-widget elementor-widget-text-editor\" data-id=\"82dd947\" data-element_type=\"widget\" data-settings=\"{&quot;_animation&quot;:&quot;fadeInRight&quot;,&quot;_animation_tablet&quot;:&quot;fadeIn&quot;}\" data-widget_type=\"text-editor.default\">\n\t\t\t\t<div class=\"elementor-widget-container\">\n\t\t\t\t\t\t\t\t\t<p>A cost-effective binding solution for paperback books is the use of different adhesives (hot melt, PUR). It is mainly recommended for standard-sized paperback books, brochures, magazines, catalogues and other softcover books. In terms of volume, it can be used for catalogues as thin as 3 mm.<\/p>\t\t\t\t\t\t\t\t<\/div>\n\t\t\t\t<\/div>\n\t\t\t\t\t<\/div>\n\t\t<\/div>\n\t\t\t\t\t<\/div>\n\t\t<\/section>\n\t\t\t\t<section class=\"elementor-section elementor-top-section elementor-element elementor-element-9d5db25 elementor-section-boxed elementor-section-height-default elementor-section-height-default\" data-id=\"9d5db25\" data-element_type=\"section\">\n\t\t\t\t\t\t<div class=\"elementor-container elementor-column-gap-default\">\n\t\t\t\t\t<div class=\"elementor-column elementor-col-100 elementor-top-column elementor-element elementor-element-33b1f02\" data-id=\"33b1f02\" data-element_type=\"column\">\n\t\t\t<div class=\"elementor-widget-wrap elementor-element-populated\">\n\t\t\t\t\t\t<div class=\"elementor-element elementor-element-28aea72 elementor-invisible elementor-widget elementor-widget-heading\" data-id=\"28aea72\" data-element_type=\"widget\" data-settings=\"{&quot;_animation&quot;:&quot;fadeIn&quot;,&quot;_animation_tablet&quot;:&quot;fadeIn&quot;}\" data-widget_type=\"heading.default\">\n\t\t\t\t<div class=\"elementor-widget-container\">\n\t\t\t\t\t<h2 class=\"elementor-heading-title elementor-size-default\">Our machines<\/h2>\t\t\t\t<\/div>\n\t\t\t\t<\/div>\n\t\t\t\t\t<\/div>\n\t\t<\/div>\n\t\t\t\t\t<\/div>\n\t\t<\/section>\n\t\t\t\t<section class=\"elementor-section elementor-top-section elementor-element elementor-element-9623602 elementor-section-boxed elementor-section-height-default elementor-section-height-default\" data-id=\"9623602\" data-element_type=\"section\">\n\t\t\t\t\t\t<div class=\"elementor-container elementor-column-gap-default\">\n\t\t\t\t\t<div class=\"elementor-column elementor-col-33 elementor-top-column elementor-element elementor-element-16dbbda\" data-id=\"16dbbda\" data-element_type=\"column\">\n\t\t\t<div class=\"elementor-widget-wrap elementor-element-populated\">\n\t\t\t\t\t\t<div class=\"elementor-element elementor-element-1d9790b elementor-widget elementor-widget-image\" data-id=\"1d9790b\" data-element_type=\"widget\" data-widget_type=\"image.default\">\n\t\t\t\t<div class=\"elementor-widget-container\">\n\t\t\t\t\t\t\t\t\t\t\t\t\t\t\t<img decoding=\"async\" src=\"https:\/\/www.stanckoteszet.eu\/wp-content\/uploads\/elementor\/thumbs\/ZTM7043-osszehordo-egyseg_hatter-nelkul-qk55hp0z4zy125uh5me5w0njrx48g8fj0jit1nlvy8.png\" title=\"ZTM7043 \u00f6sszehord\u00f3 egys\u00e9g\" alt=\"ZTM7043 \u00f6sszehord\u00f3 egys\u00e9g\" loading=\"lazy\" \/>\t\t\t\t\t\t\t\t\t\t\t\t\t\t\t<\/div>\n\t\t\t\t<\/div>\n\t\t\t\t\t<\/div>\n\t\t<\/div>\n\t\t\t\t<div class=\"elementor-column elementor-col-33 elementor-top-column elementor-element elementor-element-51ec406\" data-id=\"51ec406\" data-element_type=\"column\">\n\t\t\t<div class=\"elementor-widget-wrap elementor-element-populated\">\n\t\t\t\t\t\t<div class=\"elementor-element elementor-element-a61a662 elementor-widget elementor-widget-image\" data-id=\"a61a662\" data-element_type=\"widget\" data-widget_type=\"image.default\">\n\t\t\t\t<div class=\"elementor-widget-container\">\n\t\t\t\t\t\t\t\t\t\t\t\t\t\t\t<img decoding=\"async\" src=\"https:\/\/www.stanckoteszet.eu\/wp-content\/uploads\/elementor\/thumbs\/KB-4300-tipusu-ragasztokoto-gep_hatter-nelkul-qk6ez8kvhfm9e5821yiy9afnynvj9ad3tmm8glltz4.png\" title=\"KB-4300 t\u00edpus\u00fa ragaszt\u00f3k\u00f6t\u0151 g\u00e9p\" alt=\"KB-4300 t\u00edpus\u00fa ragaszt\u00f3k\u00f6t\u0151 g\u00e9p\" loading=\"lazy\" \/>\t\t\t\t\t\t\t\t\t\t\t\t\t\t\t<\/div>\n\t\t\t\t<\/div>\n\t\t\t\t\t<\/div>\n\t\t<\/div>\n\t\t\t\t<div class=\"elementor-column elementor-col-33 elementor-top-column elementor-element elementor-element-bfc6a4b\" data-id=\"bfc6a4b\" data-element_type=\"column\">\n\t\t\t<div class=\"elementor-widget-wrap elementor-element-populated\">\n\t\t\t\t\t\t<div class=\"elementor-element elementor-element-3468b16 elementor-widget elementor-widget-image\" data-id=\"3468b16\" data-element_type=\"widget\" data-widget_type=\"image.default\">\n\t\t\t\t<div class=\"elementor-widget-container\">\n\t\t\t\t\t\t\t\t\t\t\t\t\t\t\t<img decoding=\"async\" src=\"https:\/\/www.stanckoteszet.eu\/wp-content\/uploads\/elementor\/thumbs\/HD153-haromkeses-vagogep_hatter-nelkul-qk6kccj7k3yym4pyffjoik4tgg28mozvpfldv3a3nk.png\" title=\"HD153 h\u00e1romk\u00e9ses v\u00e1g\u00f3g\u00e9p\" alt=\"HD153 h\u00e1romk\u00e9ses v\u00e1g\u00f3g\u00e9p\" loading=\"lazy\" \/>\t\t\t\t\t\t\t\t\t\t\t\t\t\t\t<\/div>\n\t\t\t\t<\/div>\n\t\t\t\t\t<\/div>\n\t\t<\/div>\n\t\t\t\t\t<\/div>\n\t\t<\/section>\n\t\t\t\t<section class=\"elementor-section elementor-top-section elementor-element elementor-element-07d6d97 elementor-section-boxed elementor-section-height-default elementor-section-height-default\" data-id=\"07d6d97\" data-element_type=\"section\">\n\t\t\t\t\t\t<div class=\"elementor-container elementor-column-gap-default\">\n\t\t\t\t\t<div class=\"elementor-column elementor-col-33 elementor-top-column elementor-element elementor-element-d71f0b0\" data-id=\"d71f0b0\" data-element_type=\"column\">\n\t\t\t<div class=\"elementor-widget-wrap\">\n\t\t\t\t\t\t\t<\/div>\n\t\t<\/div>\n\t\t\t\t<div class=\"elementor-column elementor-col-33 elementor-top-column elementor-element elementor-element-bd7cd5d\" data-id=\"bd7cd5d\" data-element_type=\"column\">\n\t\t\t<div class=\"elementor-widget-wrap elementor-element-populated\">\n\t\t\t\t\t\t<div class=\"elementor-element elementor-element-1a750b9 elementor-widget elementor-widget-text-editor\" data-id=\"1a750b9\" data-element_type=\"widget\" data-widget_type=\"text-editor.default\">\n\t\t\t\t<div class=\"elementor-widget-container\">\n\t\t\t\t\t\t\t\t\t<p>The paperback publications are produced on a ZTM7043 gathering machine with 20 stations, a KB-4300 perfect binder and an HD 153 three-knife cutting machine, as well as a shrink-wrapping machine connected in-line.<\/p>\t\t\t\t\t\t\t\t<\/div>\n\t\t\t\t<\/div>\n\t\t\t\t\t<\/div>\n\t\t<\/div>\n\t\t\t\t<div class=\"elementor-column elementor-col-33 elementor-top-column elementor-element elementor-element-48fe0cf\" data-id=\"48fe0cf\" data-element_type=\"column\">\n\t\t\t<div class=\"elementor-widget-wrap\">\n\t\t\t\t\t\t\t<\/div>\n\t\t<\/div>\n\t\t\t\t\t<\/div>\n\t\t<\/section>\n\t\t\t\t<section class=\"elementor-section elementor-top-section elementor-element elementor-element-05ca598 elementor-section-boxed elementor-section-height-default elementor-section-height-default\" data-id=\"05ca598\" data-element_type=\"section\" data-settings=\"{&quot;background_background&quot;:&quot;classic&quot;}\">\n\t\t\t\t\t\t<div class=\"elementor-container elementor-column-gap-default\">\n\t\t\t\t\t<div class=\"elementor-column elementor-col-100 elementor-top-column elementor-element elementor-element-350ae6b\" data-id=\"350ae6b\" data-element_type=\"column\">\n\t\t\t<div class=\"elementor-widget-wrap elementor-element-populated\">\n\t\t\t\t\t\t<div class=\"elementor-element elementor-element-694a719 elementor-invisible elementor-widget elementor-widget-heading\" data-id=\"694a719\" data-element_type=\"widget\" data-settings=\"{&quot;_animation&quot;:&quot;fadeIn&quot;,&quot;_animation_tablet&quot;:&quot;fadeIn&quot;}\" data-widget_type=\"heading.default\">\n\t\t\t\t<div class=\"elementor-widget-container\">\n\t\t\t\t\t<h2 class=\"elementor-heading-title elementor-size-default\">Our products<\/h2>\t\t\t\t<\/div>\n\t\t\t\t<\/div>\n\t\t\t\t\t<\/div>\n\t\t<\/div>\n\t\t\t\t\t<\/div>\n\t\t<\/section>\n\t\t\t\t<section class=\"elementor-section elementor-top-section elementor-element elementor-element-72eadbd elementor-section-boxed elementor-section-height-default elementor-section-height-default\" data-id=\"72eadbd\" data-element_type=\"section\" data-settings=\"{&quot;background_background&quot;:&quot;classic&quot;}\">\n\t\t\t\t\t\t<div class=\"elementor-container elementor-column-gap-default\">\n\t\t\t\t\t<div class=\"elementor-column elementor-col-25 elementor-top-column elementor-element elementor-element-978c5b6\" data-id=\"978c5b6\" data-element_type=\"column\">\n\t\t\t<div class=\"elementor-widget-wrap elementor-element-populated\">\n\t\t\t\t\t\t<div class=\"elementor-element elementor-element-eb26532 elementor-widget elementor-widget-image\" data-id=\"eb26532\" data-element_type=\"widget\" data-widget_type=\"image.default\">\n\t\t\t\t<div class=\"elementor-widget-container\">\n\t\t\t\t\t\t\t\t\t\t\t\t\t\t\t<img decoding=\"async\" width=\"800\" height=\"533\" src=\"https:\/\/www.stanckoteszet.eu\/wp-content\/uploads\/2023\/12\/Kartonalt-minta1.png\" class=\"attachment-large size-large wp-image-2479\" alt=\"Karton\u00e1lt mintak\u00f6nyv\" srcset=\"https:\/\/www.stanckoteszet.eu\/wp-content\/uploads\/2023\/12\/Kartonalt-minta1.png 900w, https:\/\/www.stanckoteszet.eu\/wp-content\/uploads\/2023\/12\/Kartonalt-minta1-300x200.png 300w, https:\/\/www.stanckoteszet.eu\/wp-content\/uploads\/2023\/12\/Kartonalt-minta1-768x512.png 768w, https:\/\/www.stanckoteszet.eu\/wp-content\/uploads\/2023\/12\/Kartonalt-minta1-18x12.png 18w\" sizes=\"(max-width: 800px) 100vw, 800px\" \/>\t\t\t\t\t\t\t\t\t\t\t\t\t\t\t<\/div>\n\t\t\t\t<\/div>\n\t\t\t\t\t<\/div>\n\t\t<\/div>\n\t\t\t\t<div class=\"elementor-column elementor-col-25 elementor-top-column elementor-element elementor-element-89200ff\" data-id=\"89200ff\" data-element_type=\"column\">\n\t\t\t<div class=\"elementor-widget-wrap elementor-element-populated\">\n\t\t\t\t\t\t<div class=\"elementor-element elementor-element-abf1510 elementor-widget elementor-widget-image\" data-id=\"abf1510\" data-element_type=\"widget\" data-widget_type=\"image.default\">\n\t\t\t\t<div class=\"elementor-widget-container\">\n\t\t\t\t\t\t\t\t\t\t\t\t\t\t\t<img decoding=\"async\" width=\"800\" height=\"533\" src=\"https:\/\/www.stanckoteszet.eu\/wp-content\/uploads\/2023\/12\/Kartonalt-minta.png\" class=\"attachment-large size-large wp-image-2475\" alt=\"Karton\u00e1lt k\u00f6nyvek minta\" srcset=\"https:\/\/www.stanckoteszet.eu\/wp-content\/uploads\/2023\/12\/Kartonalt-minta.png 900w, https:\/\/www.stanckoteszet.eu\/wp-content\/uploads\/2023\/12\/Kartonalt-minta-300x200.png 300w, https:\/\/www.stanckoteszet.eu\/wp-content\/uploads\/2023\/12\/Kartonalt-minta-768x512.png 768w, https:\/\/www.stanckoteszet.eu\/wp-content\/uploads\/2023\/12\/Kartonalt-minta-18x12.png 18w\" sizes=\"(max-width: 800px) 100vw, 800px\" \/>\t\t\t\t\t\t\t\t\t\t\t\t\t\t\t<\/div>\n\t\t\t\t<\/div>\n\t\t\t\t\t<\/div>\n\t\t<\/div>\n\t\t\t\t<div class=\"elementor-column elementor-col-25 elementor-top-column elementor-element elementor-element-265e648\" data-id=\"265e648\" data-element_type=\"column\">\n\t\t\t<div class=\"elementor-widget-wrap elementor-element-populated\">\n\t\t\t\t\t\t<div class=\"elementor-element elementor-element-28fee20 elementor-widget elementor-widget-image\" data-id=\"28fee20\" data-element_type=\"widget\" data-widget_type=\"image.default\">\n\t\t\t\t<div class=\"elementor-widget-container\">\n\t\t\t\t\t\t\t\t\t\t\t\t\t\t\t<img loading=\"lazy\" decoding=\"async\" width=\"800\" height=\"533\" src=\"https:\/\/www.stanckoteszet.eu\/wp-content\/uploads\/2023\/12\/Kartonalt-minta3.png\" class=\"attachment-large size-large wp-image-2471\" alt=\"Karton\u00e1lt k\u00f6nyvek minta\" srcset=\"https:\/\/www.stanckoteszet.eu\/wp-content\/uploads\/2023\/12\/Kartonalt-minta3.png 900w, https:\/\/www.stanckoteszet.eu\/wp-content\/uploads\/2023\/12\/Kartonalt-minta3-300x200.png 300w, https:\/\/www.stanckoteszet.eu\/wp-content\/uploads\/2023\/12\/Kartonalt-minta3-768x512.png 768w, https:\/\/www.stanckoteszet.eu\/wp-content\/uploads\/2023\/12\/Kartonalt-minta3-18x12.png 18w\" sizes=\"(max-width: 800px) 100vw, 800px\" \/>\t\t\t\t\t\t\t\t\t\t\t\t\t\t\t<\/div>\n\t\t\t\t<\/div>\n\t\t\t\t\t<\/div>\n\t\t<\/div>\n\t\t\t\t<div class=\"elementor-column elementor-col-25 elementor-top-column elementor-element elementor-element-bed4195\" data-id=\"bed4195\" data-element_type=\"column\">\n\t\t\t<div class=\"elementor-widget-wrap elementor-element-populated\">\n\t\t\t\t\t\t<div class=\"elementor-element elementor-element-905e21b elementor-widget elementor-widget-image\" data-id=\"905e21b\" data-element_type=\"widget\" data-widget_type=\"image.default\">\n\t\t\t\t<div class=\"elementor-widget-container\">\n\t\t\t\t\t\t\t\t\t\t\t\t\t\t\t<img loading=\"lazy\" decoding=\"async\" width=\"800\" height=\"533\" src=\"https:\/\/www.stanckoteszet.eu\/wp-content\/uploads\/2023\/12\/Kartonalt-minta2.png\" class=\"attachment-large size-large wp-image-2467\" alt=\"Karton\u00e1lt k\u00f6nyvek minta\" srcset=\"https:\/\/www.stanckoteszet.eu\/wp-content\/uploads\/2023\/12\/Kartonalt-minta2.png 900w, https:\/\/www.stanckoteszet.eu\/wp-content\/uploads\/2023\/12\/Kartonalt-minta2-300x200.png 300w, https:\/\/www.stanckoteszet.eu\/wp-content\/uploads\/2023\/12\/Kartonalt-minta2-768x512.png 768w, https:\/\/www.stanckoteszet.eu\/wp-content\/uploads\/2023\/12\/Kartonalt-minta2-18x12.png 18w\" sizes=\"(max-width: 800px) 100vw, 800px\" \/>\t\t\t\t\t\t\t\t\t\t\t\t\t\t\t<\/div>\n\t\t\t\t<\/div>\n\t\t\t\t\t<\/div>\n\t\t<\/div>\n\t\t\t\t\t<\/div>\n\t\t<\/section>\n\t\t\t\t<\/div>","protected":false},"excerpt":{"rendered":"<p>Karton\u00e1lt kiadv\u00e1nyok k\u00f6t\u00e9se Karton\u00e1lt k\u00f6nyvek k\u00f6lts\u00e9gk\u00edm\u00e9l\u0151 k\u00f6t\u00e9szeti megold\u00e1sa a k\u00fcl\u00f6nb\u00f6z\u0151 ragaszt\u00f3anyagokkal (hot melt, PUR) t\u00f6rt\u00e9n\u0151 elj\u00e1r\u00e1s. Legink\u00e1bb a szabv\u00e1nyos m\u00e9ret\u0171 karton\u00e1lt pap\u00edrbor\u00edt\u00e1s\u00fa k\u00f6nyvek, bros\u00far\u00e1k, foly\u00f3iratok, katal\u00f3gusok, egy\u00e9b puhafedel\u0171 k\u00f6nyvek eset\u00e9n javasoljuk. Terjedelm\u00e9t tekintve, m\u00e1r 3 mm vastags\u00e1g\u00fa katal\u00f3gusokn\u00e1l is alkalmazhat\u00f3. G\u00e9peink A karton\u00e1lt kiadv\u00e1nyokat 20 \u00e1llom\u00e1ssal rendelkez\u0151 ZTM7043 \u00f6sszehord\u00f3 egys\u00e9ggel, egy KB-4300 t\u00edpus\u00fa ragaszt\u00f3k\u00f6t\u0151 g\u00e9ppel [&hellip;]<\/p>","protected":false},"author":2,"featured_media":0,"parent":0,"menu_order":0,"comment_status":"closed","ping_status":"closed","template":"elementor_header_footer","meta":{"footnotes":""},"class_list":["post-996","page","type-page","status-publish","hentry"],"_links":{"self":[{"href":"https:\/\/www.stanckoteszet.eu\/en\/wp-json\/wp\/v2\/pages\/996","targetHints":{"allow":["GET"]}}],"collection":[{"href":"https:\/\/www.stanckoteszet.eu\/en\/wp-json\/wp\/v2\/pages"}],"about":[{"href":"https:\/\/www.stanckoteszet.eu\/en\/wp-json\/wp\/v2\/types\/page"}],"author":[{"embeddable":true,"href":"https:\/\/www.stanckoteszet.eu\/en\/wp-json\/wp\/v2\/users\/2"}],"replies":[{"embeddable":true,"href":"https:\/\/www.stanckoteszet.eu\/en\/wp-json\/wp\/v2\/comments?post=996"}],"version-history":[{"count":127,"href":"https:\/\/www.stanckoteszet.eu\/en\/wp-json\/wp\/v2\/pages\/996\/revisions"}],"predecessor-version":[{"id":2858,"href":"https:\/\/www.stanckoteszet.eu\/en\/wp-json\/wp\/v2\/pages\/996\/revisions\/2858"}],"wp:attachment":[{"href":"https:\/\/www.stanckoteszet.eu\/en\/wp-json\/wp\/v2\/media?parent=996"}],"curies":[{"name":"wp","href":"https:\/\/api.w.org\/{rel}","templated":true}]}}